{"id":12970,"date":"2021-08-19T06:43:58","date_gmt":"2021-08-19T04:43:58","guid":{"rendered":"https:\/\/buddyboo.fr\/mijn-account\/"},"modified":"2026-02-24T13:33:38","modified_gmt":"2026-02-24T12:33:38","slug":"mijn-account","status":"publish","type":"page","link":"https:\/\/buddyboo.fr\/nl\/mijn-account\/","title":{"rendered":"ACCOUNT"},"content":{"rendered":"\t\t<div data-elementor-type=\"wp-page\" data-elementor-id=\"12970\" class=\"elementor elementor-12970 elementor-980\" data-elementor-post-type=\"page\">\n\t\t\t\t<div class=\"elementor-element elementor-element-72893abc e-flex e-con-boxed e-con e-parent\" data-id=\"72893abc\" data-element_type=\"container\" data-e-type=\"container\" data-settings=\"{&quot;background_background&quot;:&quot;classic&quot;}\">\n\t\t\t\t\t<div class=\"e-con-inner\">\n\t\t\t\t<div class=\"elementor-element elementor-element-bcebbb2 elementor-widget__width-inherit header-logged-in elementor-widget elementor-widget-breadcrumbs\" data-id=\"bcebbb2\" data-element_type=\"widget\" data-e-type=\"widget\" data-widget_type=\"breadcrumbs.default\">\n\t\t\t\t\t<p id=\"breadcrumbs\"><span><span><a href=\"https:\/\/buddyboo.fr\/nl\/home\/\">Accueil<\/a><\/span><\/span><\/p>\t\t\t\t<\/div>\n\t\t\t\t<div class=\"elementor-element elementor-element-d7e8522 elementor-widget__width-inherit header-logged-in elementor-widget elementor-widget-heading\" data-id=\"d7e8522\" data-element_type=\"widget\" data-e-type=\"widget\" data-widget_type=\"heading.default\">\n\t\t\t\t\t<h1 class=\"elementor-heading-title elementor-size-default\">MIJN ACCOUNT<\/h1>\t\t\t\t<\/div>\n\t\t\t\t<div class=\"elementor-element elementor-element-777f26d header-logged-out elementor-widget elementor-widget-heading\" data-id=\"777f26d\" data-element_type=\"widget\" data-e-type=\"widget\" data-widget_type=\"heading.default\">\n\t\t\t\t\t<h1 class=\"elementor-heading-title elementor-size-default\">BOE!<\/h1>\t\t\t\t<\/div>\n\t\t\t\t\t<\/div>\n\t\t\t\t<\/div>\n\t\t<div class=\"elementor-element elementor-element-5298d56 jedv-enabled--yes e-flex e-con-boxed e-con e-parent\" data-id=\"5298d56\" data-element_type=\"container\" data-e-type=\"container\" data-settings=\"{&quot;background_background&quot;:&quot;classic&quot;}\">\n\t\t\t\t\t<div class=\"e-con-inner\">\n\t\t\t\t<div class=\"elementor-element elementor-element-7362090 e-n-tabs-none tabs-connexion elementor-widget elementor-widget-n-tabs\" data-id=\"7362090\" data-element_type=\"widget\" data-e-type=\"widget\" data-settings=\"{&quot;tabs_justify_horizontal&quot;:&quot;stretch&quot;,&quot;horizontal_scroll&quot;:&quot;disable&quot;}\" data-widget_type=\"nested-tabs.default\">\n\t\t\t\t\t\t\t<div class=\"e-n-tabs\" data-widget-number=\"120987792\" aria-label=\"Tabs. Open items met enter of spatie, sluit af met escape en navigeer met de pijltoetsen.\">\n\t\t\t<div class=\"e-n-tabs-heading\" role=\"tablist\">\n\t\t\t\t\t<button id=\"login\" data-tab-title-id=\"e-n-tab-title-1209877921\" class=\"e-n-tab-title\" aria-selected=\"true\" data-tab-index=\"1\" role=\"tab\" tabindex=\"0\" aria-controls=\"e-n-tab-content-1209877921\" style=\"--n-tabs-title-order: 1;\">\n\t\t\t\t\t\t<span class=\"e-n-tab-title-text\">\n\t\t\t\tINLOGGEN\t\t\t<\/span>\n\t\t<\/button>\n\t\t\t\t<button id=\"signup\" data-tab-title-id=\"e-n-tab-title-1209877922\" class=\"e-n-tab-title\" aria-selected=\"false\" data-tab-index=\"2\" role=\"tab\" tabindex=\"-1\" aria-controls=\"e-n-tab-content-1209877922\" style=\"--n-tabs-title-order: 2;\">\n\t\t\t\t\t\t<span class=\"e-n-tab-title-text\">\n\t\t\t\tACCOUNT AANMAKEN\t\t\t<\/span>\n\t\t<\/button>\n\t\t\t\t\t<\/div>\n\t\t\t<div class=\"e-n-tabs-content\">\n\t\t\t\t<div id=\"e-n-tab-content-1209877921\" role=\"tabpanel\" aria-labelledby=\"login\" data-tab-index=\"1\" style=\"--n-tabs-title-order: 1;\" class=\"e-active elementor-element elementor-element-747176c e-con-full e-flex e-con e-child\" data-id=\"747176c\" data-element_type=\"container\" data-e-type=\"container\">\n\t\t\t\t<div class=\"elementor-element elementor-element-e8ac7e2 elementor-button-align-center connexion-form elementor-widget elementor-widget-login\" data-id=\"e8ac7e2\" data-element_type=\"widget\" data-e-type=\"widget\" data-widget_type=\"login.default\">\n\t\t\t\t\t\t\t<form class=\"elementor-login elementor-form\" method=\"post\" action=\"https:\/\/buddyboo.fr\/wp-login.php\" aria-label=\"Loginformulier\">\n\t\t\t<input type=\"hidden\" name=\"redirect_to\" value=\"https:\/\/buddyboo.fr\/nl\/\">\n\t\t\t<div class=\"elementor-form-fields-wrapper\">\n\t\t\t\t<div class=\"elementor-field-type-text elementor-field-group elementor-column elementor-col-100 elementor-field-required\">\n\t\t\t\t\t<label for=\"user-e8ac7e2\" class=\"elementor-field-label elementor-screen-only\">E-mailadres<\/label>\n\t\t\t\t\t<input size=\"1\" type=\"text\" name=\"log\" id=\"user-e8ac7e2\" placeholder=\"E-mailadres\" class=\"elementor-field elementor-field-textual elementor-size-sm\">\n\t\t\t\t<\/div>\n\t\t\t\t<div class=\"elementor-field-type-text elementor-field-group elementor-column elementor-col-100 elementor-field-required\">\n\t\t\t\t\t<label for=\"password-e8ac7e2\" class=\"elementor-field-label elementor-screen-only\">Wachtwoord<\/label>\n\t\t\t\t\t<input size=\"1\" type=\"password\" name=\"pwd\" id=\"password-e8ac7e2\" placeholder=\"Wachtwoord\" class=\"elementor-field elementor-field-textual elementor-size-sm\">\n\t\t\t\t<\/div>\n\n\t\t\t\t\n\t\t\t\t<div class=\"elementor-field-group elementor-column elementor-field-type-submit elementor-col-100\">\n\t\t\t\t\t<button type=\"submit\" class=\"elementor-size-sm elementor-button\" name=\"wp-submit\">\n\t\t\t\t\t\t\t\t\t\t\t\t\t\t\t<span class=\"elementor-button-text\">INLOGGEN<\/span>\n\t\t\t\t\t\t\t\t\t\t\t\t<\/button>\n\t\t\t\t<\/div>\n\n\t\t\t\t\t\t\t\t\t<div class=\"elementor-field-group elementor-column elementor-col-100\">\n\t\t\t\t\t\t\t\t\t\t\t\t\t\t\t\t\t\t\t\t<a class=\"elementor-lost-password\" href=\"https:\/\/buddyboo.fr\/nl\/mijn-account\/lost-password\/\">\n\t\t\t\t\t\t\t\tWachtwoord vergeten?\t\t\t\t\t\t\t<\/a>\n\t\t\t\t\t\t\n\t\t\t\t\t\t\t\t\t\t\t<\/div>\n\t\t\t\t\t\t\t<\/div>\n\t\t<\/form>\n\t\t\t\t\t\t<\/div>\n\t\t\t\t<div class=\"elementor-element elementor-element-5713d36 elementor-widget elementor-widget-shortcode\" data-id=\"5713d36\" data-element_type=\"widget\" data-e-type=\"widget\" data-widget_type=\"shortcode.default\">\n\t\t\t\t\t\t\t<div class=\"elementor-shortcode\"><\/div>\n\t\t\t\t\t\t<\/div>\n\t\t\t\t<\/div>\n\t\t<div id=\"e-n-tab-content-1209877922\" role=\"tabpanel\" aria-labelledby=\"signup\" data-tab-index=\"2\" style=\"--n-tabs-title-order: 2;\" class=\" elementor-element elementor-element-ae37195 e-con-full e-flex e-con e-child\" data-id=\"ae37195\" data-element_type=\"container\" data-e-type=\"container\">\n\t\t\t\t<div class=\"elementor-element elementor-element-1deafac registration-form elementor-widget elementor-widget-shortcode\" data-id=\"1deafac\" data-element_type=\"widget\" data-e-type=\"widget\" data-widget_type=\"shortcode.default\">\n\t\t\t\t\t\t\t<div class=\"elementor-shortcode\">        <div class=\"woocommerce\">\n            <form method=\"post\" class=\"woocommerce-form woocommerce-form-register register\"  >\n\n                \n                    <input type=\"text\" class=\"fifty-width elementor-field elementor-field-textual elementor-size-sm\" name=\"first_name\" id=\"reg_first_name\" placeholder=\"Pr\u00e9nom\" autocomplete=\"given-name\" value=\"\" required \/>\n                    <input type=\"text\" class=\"fifty-width elementor-field elementor-field-textual elementor-size-sm\" name=\"last_name\" id=\"reg_last_name\" placeholder=\"Nom\" autocomplete=\"family-name\" value=\"\" required \/>\n\n                    <input type=\"email\" class=\"elementor-field elementor-field-textual elementor-size-sm\" name=\"email\" id=\"reg_email\" autocomplete=\"email\" placeholder=\"Email\" value=\"\" required \/>\n\n                <p class=\"form-row form-row-wide mailchimp-newsletter\"><label for=\"mailchimp_woocommerce_newsletter\" class=\"woocommerce-form__label woocommerce-form__label-for-checkbox inline\"><input class=\"woocommerce-form__input woocommerce-form__input-checkbox input-checkbox\" id=\"mailchimp_woocommerce_newsletter\" type=\"checkbox\" name=\"mailchimp_woocommerce_newsletter\" value=\"1\" checked=\"checked\"> <span>Schrijf in voor onze nieuwsbrief<\/span><\/label><\/p><div class=\"clear\"><\/div><wc-order-attribution-inputs><\/wc-order-attribution-inputs><div class=\"woocommerce-privacy-policy-text\"><p>Vos donn\u00e9es personnelles seront utilis\u00e9es pour vous accompagner au cours de votre visite du site web, g\u00e9rer l\u2019acc\u00e8s \u00e0 votre compte, et pour d\u2019autres raisons d\u00e9crites dans notre <a href=\"https:\/\/buddyboo.fr\/conditions-generales-de-vente\/\" class=\"woocommerce-privacy-policy-link\" target=\"_blank\">privacybeleid<\/a>.<\/p>\n<\/div>\n                <p class=\"woocommerce-form-row form-row\">\n                    <input type=\"hidden\" id=\"woocommerce-register-nonce\" name=\"woocommerce-register-nonce\" value=\"92e88683dd\" \/><input type=\"hidden\" name=\"_wp_http_referer\" value=\"\/nl\/wp-json\/wp\/v2\/pages\/12970\" \/>                    <button type=\"submit\" class=\"button custom-register-btn\" name=\"register\" value=\"S\u2019enregistrer\">S\u2019enregistrer<\/button>\n                <\/p>\n\n                \n            <\/form>\n        <\/div>\n        <\/div>\n\t\t\t\t\t\t<\/div>\n\t\t\t\t<\/div>\n\t\t\t\t\t<\/div>\n\t\t<\/div>\n\t\t\t\t\t\t<\/div>\n\t\t\t\t\t<\/div>\n\t\t\t\t<\/div>\n\t\t\t\t<\/div>\n\t\t","protected":false},"excerpt":{"rendered":"<p>MIJN ACCOUNT BOE! INLOGGEN ACCOUNT AANMAKEN Vous \u00eates connect\u00e9(e) en tant que Reda (D\u00e9connexion) Vos donn\u00e9es personnelles seront utilis\u00e9es pour vous accompagner au cours de votre visite du site web, g\u00e9rer l\u2019acc\u00e8s \u00e0 votre compte, et pour d\u2019autres raisons d\u00e9crites dans notre politique de confidentialit\u00e9. S\u2019enregistrer<\/p>\n","protected":false},"author":1,"featured_media":15203,"parent":0,"menu_order":0,"comment_status":"closed","ping_status":"closed","template":"elementor_header_footer","meta":{"footnotes":""},"class_list":["post-12970","page","type-page","status-publish","has-post-thumbnail","hentry"],"yoast_head":"<!-- This site is optimized with the Yoast SEO plugin v27.2 - https:\/\/yoast.com\/product\/yoast-seo-wordpress\/ -->\n<title>ACCOUNT - BUDDY BOO<\/title>\n<meta name=\"robots\" content=\"index, follow, max-snippet:-1, max-image-preview:large, max-video-preview:-1\" \/>\n<link rel=\"canonical\" href=\"https:\/\/buddyboo.fr\/nl\/mijn-account\/\" \/>\n<meta property=\"og:locale\" content=\"nl_NL\" \/>\n<meta property=\"og:type\" content=\"article\" \/>\n<meta property=\"og:title\" content=\"ACCOUNT - BUDDY BOO\" \/>\n<meta property=\"og:description\" content=\"MIJN ACCOUNT BOE! INLOGGEN ACCOUNT AANMAKEN Vous \u00eates connect\u00e9(e) en tant que Reda (D\u00e9connexion) Vos donn\u00e9es personnelles seront utilis\u00e9es pour vous accompagner au cours de votre visite du site web, g\u00e9rer l\u2019acc\u00e8s \u00e0 votre compte, et pour d\u2019autres raisons d\u00e9crites dans notre politique de confidentialit\u00e9. S\u2019enregistrer\" \/>\n<meta property=\"og:url\" content=\"https:\/\/buddyboo.fr\/nl\/mijn-account\/\" \/>\n<meta property=\"og:site_name\" content=\"BUDDY BOO\" \/>\n<meta property=\"article:modified_time\" content=\"2026-02-24T12:33:38+00:00\" \/>\n<meta property=\"og:image\" content=\"https:\/\/buddyboo.fr\/wp-content\/uploads\/2026\/02\/featured-image-buddyboo.jpg\" \/>\n\t<meta property=\"og:image:width\" content=\"1200\" \/>\n\t<meta property=\"og:image:height\" content=\"628\" \/>\n\t<meta property=\"og:image:type\" content=\"image\/jpeg\" \/>\n<meta name=\"twitter:card\" content=\"summary_large_image\" \/>\n<script type=\"application\/ld+json\" class=\"yoast-schema-graph\">{\"@context\":\"https:\/\/schema.org\",\"@graph\":[{\"@type\":\"WebPage\",\"@id\":\"https:\/\/buddyboo.fr\/nl\/mijn-account\/\",\"url\":\"https:\/\/buddyboo.fr\/nl\/mijn-account\/\",\"name\":\"ACCOUNT - BUDDY BOO\",\"isPartOf\":{\"@id\":\"https:\/\/buddyboo.fr\/nl\/#website\"},\"primaryImageOfPage\":{\"@id\":\"https:\/\/buddyboo.fr\/nl\/mijn-account\/#primaryimage\"},\"image\":{\"@id\":\"https:\/\/buddyboo.fr\/nl\/mijn-account\/#primaryimage\"},\"thumbnailUrl\":\"https:\/\/buddyboo.fr\/wp-content\/uploads\/2026\/02\/featured-image-buddyboo.jpg\",\"datePublished\":\"2021-08-19T04:43:58+00:00\",\"dateModified\":\"2026-02-24T12:33:38+00:00\",\"breadcrumb\":{\"@id\":\"https:\/\/buddyboo.fr\/nl\/mijn-account\/#breadcrumb\"},\"inLanguage\":\"nl-NL\",\"potentialAction\":[{\"@type\":\"ReadAction\",\"target\":[\"https:\/\/buddyboo.fr\/nl\/mijn-account\/\"]}]},{\"@type\":\"ImageObject\",\"inLanguage\":\"nl-NL\",\"@id\":\"https:\/\/buddyboo.fr\/nl\/mijn-account\/#primaryimage\",\"url\":\"https:\/\/buddyboo.fr\/wp-content\/uploads\/2026\/02\/featured-image-buddyboo.jpg\",\"contentUrl\":\"https:\/\/buddyboo.fr\/wp-content\/uploads\/2026\/02\/featured-image-buddyboo.jpg\",\"width\":1200,\"height\":628},{\"@type\":\"BreadcrumbList\",\"@id\":\"https:\/\/buddyboo.fr\/nl\/mijn-account\/#breadcrumb\",\"itemListElement\":[{\"@type\":\"ListItem\",\"position\":1,\"name\":\"Accueil\",\"item\":\"https:\/\/buddyboo.fr\/nl\/home\/\"},{\"@type\":\"ListItem\",\"position\":2,\"name\":\"ACCOUNT\"}]},{\"@type\":\"WebSite\",\"@id\":\"https:\/\/buddyboo.fr\/nl\/#website\",\"url\":\"https:\/\/buddyboo.fr\/nl\/\",\"name\":\"BUDDY BOO\",\"description\":\"N\u00b01 DU CBD SANS THC\",\"publisher\":{\"@id\":\"https:\/\/buddyboo.fr\/nl\/#organization\"},\"potentialAction\":[{\"@type\":\"SearchAction\",\"target\":{\"@type\":\"EntryPoint\",\"urlTemplate\":\"https:\/\/buddyboo.fr\/nl\/?s={search_term_string}\"},\"query-input\":{\"@type\":\"PropertyValueSpecification\",\"valueRequired\":true,\"valueName\":\"search_term_string\"}}],\"inLanguage\":\"nl-NL\"},{\"@type\":\"Organization\",\"@id\":\"https:\/\/buddyboo.fr\/nl\/#organization\",\"name\":\"BUDDY BOO\",\"url\":\"https:\/\/buddyboo.fr\/nl\/\",\"logo\":{\"@type\":\"ImageObject\",\"inLanguage\":\"nl-NL\",\"@id\":\"https:\/\/buddyboo.fr\/nl\/#\/schema\/logo\/image\/\",\"url\":\"https:\/\/buddyboo.fr\/wp-content\/uploads\/2024\/08\/logo-Buddy-Boo.svg\",\"contentUrl\":\"https:\/\/buddyboo.fr\/wp-content\/uploads\/2024\/08\/logo-Buddy-Boo.svg\",\"caption\":\"BUDDY BOO\"},\"image\":{\"@id\":\"https:\/\/buddyboo.fr\/nl\/#\/schema\/logo\/image\/\"},\"sameAs\":[\"https:\/\/www.instagram.com\/buddyboo.jp\/\"]}]}<\/script>\n<!-- \/ Yoast SEO plugin. -->","yoast_head_json":{"title":"ACCOUNT - BUDDY BOO","robots":{"index":"index","follow":"follow","max-snippet":"max-snippet:-1","max-image-preview":"max-image-preview:large","max-video-preview":"max-video-preview:-1"},"canonical":"https:\/\/buddyboo.fr\/nl\/mijn-account\/","og_locale":"nl_NL","og_type":"article","og_title":"ACCOUNT - BUDDY BOO","og_description":"MIJN ACCOUNT BOE! INLOGGEN ACCOUNT AANMAKEN Vous \u00eates connect\u00e9(e) en tant que Reda (D\u00e9connexion) Vos donn\u00e9es personnelles seront utilis\u00e9es pour vous accompagner au cours de votre visite du site web, g\u00e9rer l\u2019acc\u00e8s \u00e0 votre compte, et pour d\u2019autres raisons d\u00e9crites dans notre politique de confidentialit\u00e9. S\u2019enregistrer","og_url":"https:\/\/buddyboo.fr\/nl\/mijn-account\/","og_site_name":"BUDDY BOO","article_modified_time":"2026-02-24T12:33:38+00:00","og_image":[{"width":1200,"height":628,"url":"https:\/\/buddyboo.fr\/wp-content\/uploads\/2026\/02\/featured-image-buddyboo.jpg","type":"image\/jpeg"}],"twitter_card":"summary_large_image","schema":{"@context":"https:\/\/schema.org","@graph":[{"@type":"WebPage","@id":"https:\/\/buddyboo.fr\/nl\/mijn-account\/","url":"https:\/\/buddyboo.fr\/nl\/mijn-account\/","name":"ACCOUNT - BUDDY BOO","isPartOf":{"@id":"https:\/\/buddyboo.fr\/nl\/#website"},"primaryImageOfPage":{"@id":"https:\/\/buddyboo.fr\/nl\/mijn-account\/#primaryimage"},"image":{"@id":"https:\/\/buddyboo.fr\/nl\/mijn-account\/#primaryimage"},"thumbnailUrl":"https:\/\/buddyboo.fr\/wp-content\/uploads\/2026\/02\/featured-image-buddyboo.jpg","datePublished":"2021-08-19T04:43:58+00:00","dateModified":"2026-02-24T12:33:38+00:00","breadcrumb":{"@id":"https:\/\/buddyboo.fr\/nl\/mijn-account\/#breadcrumb"},"inLanguage":"nl-NL","potentialAction":[{"@type":"ReadAction","target":["https:\/\/buddyboo.fr\/nl\/mijn-account\/"]}]},{"@type":"ImageObject","inLanguage":"nl-NL","@id":"https:\/\/buddyboo.fr\/nl\/mijn-account\/#primaryimage","url":"https:\/\/buddyboo.fr\/wp-content\/uploads\/2026\/02\/featured-image-buddyboo.jpg","contentUrl":"https:\/\/buddyboo.fr\/wp-content\/uploads\/2026\/02\/featured-image-buddyboo.jpg","width":1200,"height":628},{"@type":"BreadcrumbList","@id":"https:\/\/buddyboo.fr\/nl\/mijn-account\/#breadcrumb","itemListElement":[{"@type":"ListItem","position":1,"name":"Accueil","item":"https:\/\/buddyboo.fr\/nl\/home\/"},{"@type":"ListItem","position":2,"name":"ACCOUNT"}]},{"@type":"WebSite","@id":"https:\/\/buddyboo.fr\/nl\/#website","url":"https:\/\/buddyboo.fr\/nl\/","name":"BUDDY BOO","description":"N\u00b01 DU CBD SANS THC","publisher":{"@id":"https:\/\/buddyboo.fr\/nl\/#organization"},"potentialAction":[{"@type":"SearchAction","target":{"@type":"EntryPoint","urlTemplate":"https:\/\/buddyboo.fr\/nl\/?s={search_term_string}"},"query-input":{"@type":"PropertyValueSpecification","valueRequired":true,"valueName":"search_term_string"}}],"inLanguage":"nl-NL"},{"@type":"Organization","@id":"https:\/\/buddyboo.fr\/nl\/#organization","name":"BUDDY BOO","url":"https:\/\/buddyboo.fr\/nl\/","logo":{"@type":"ImageObject","inLanguage":"nl-NL","@id":"https:\/\/buddyboo.fr\/nl\/#\/schema\/logo\/image\/","url":"https:\/\/buddyboo.fr\/wp-content\/uploads\/2024\/08\/logo-Buddy-Boo.svg","contentUrl":"https:\/\/buddyboo.fr\/wp-content\/uploads\/2024\/08\/logo-Buddy-Boo.svg","caption":"BUDDY BOO"},"image":{"@id":"https:\/\/buddyboo.fr\/nl\/#\/schema\/logo\/image\/"},"sameAs":["https:\/\/www.instagram.com\/buddyboo.jp\/"]}]}},"jetpack_sharing_enabled":true,"_links":{"self":[{"href":"https:\/\/buddyboo.fr\/nl\/wp-json\/wp\/v2\/pages\/12970","targetHints":{"allow":["GET"]}}],"collection":[{"href":"https:\/\/buddyboo.fr\/nl\/wp-json\/wp\/v2\/pages"}],"about":[{"href":"https:\/\/buddyboo.fr\/nl\/wp-json\/wp\/v2\/types\/page"}],"author":[{"embeddable":true,"href":"https:\/\/buddyboo.fr\/nl\/wp-json\/wp\/v2\/users\/1"}],"replies":[{"embeddable":true,"href":"https:\/\/buddyboo.fr\/nl\/wp-json\/wp\/v2\/comments?post=12970"}],"version-history":[{"count":0,"href":"https:\/\/buddyboo.fr\/nl\/wp-json\/wp\/v2\/pages\/12970\/revisions"}],"wp:featuredmedia":[{"embeddable":true,"href":"https:\/\/buddyboo.fr\/nl\/wp-json\/wp\/v2\/media\/15203"}],"wp:attachment":[{"href":"https:\/\/buddyboo.fr\/nl\/wp-json\/wp\/v2\/media?parent=12970"}],"curies":[{"name":"wp","href":"https:\/\/api.w.org\/{rel}","templated":true}]}}