{"id":14816,"date":"2024-10-10T00:20:19","date_gmt":"2024-10-09T22:20:19","guid":{"rendered":"https:\/\/buddyboo.fr\/shop\/sin%20categor\u00eda\/ketama25-cbd-sin-thc\/"},"modified":"2026-02-25T12:45:19","modified_gmt":"2026-02-25T11:45:19","slug":"ketama25-cbd-sin-thc","status":"publish","type":"product","link":"https:\/\/buddyboo.fr\/es\/shop\/resina-cbd-sin-thc\/ketama25-cbd-sin-thc\/","title":{"rendered":"KETAMA<br>25 % CBD SIN THC"},"content":{"rendered":"<p>Sabor: <strong>Terroso \u2022 Especias<\/strong><br \/>\n<br \/>CBD: <strong>25 %<\/strong><br \/>\n<br \/>THC: <strong>0 %<\/strong><br \/>\n<br \/>Textura: <strong>Fina, polvorienta, f\u00e1cil de desmenuzar<\/strong><br \/>\n<br \/>Gen\u00e9tica: <strong>Dominancia \u00cdndica<\/strong><\/p>\n","protected":false},"excerpt":{"rendered":"<p>La resina <strong>Ketama sin THC<\/strong> de Buddy Boo es un polen de CBD de alta calidad, inspirado en las tradiciones marroqu\u00edes. Con sus aromas especiados y sus efectos relajantes, le ofrece una experiencia aut\u00e9ntica y legal, sin ning\u00fan riesgo de THC. <\/p>\n","protected":false},"featured_media":14819,"comment_status":"open","ping_status":"closed","template":"","meta":[],"product_brand":[],"product_cat":[261],"product_tag":[],"bienfaits":[253,254,256],"class_list":{"0":"post-14816","1":"product","2":"type-product","3":"status-publish","4":"has-post-thumbnail","6":"product_cat-resina-cbd-sin-thc","7":"bienfaits-antiansiedad-y-bienestar","8":"bienfaits-aumenta-la-concentracion","9":"bienfaits-mejora-la-calidad-del-sueno","11":"first","12":"instock","13":"taxable","14":"shipping-taxable","15":"purchasable","16":"product-type-variable"},"yoast_head":"<!-- This site is optimized with the Yoast SEO plugin v27.2 - https:\/\/yoast.com\/product\/yoast-seo-wordpress\/ -->\n<title>KETAMA CBD sin THC 25 % \u2013 Resina premium<\/title>\n<meta name=\"description\" content=\"Sabor aut\u00e9ntico de Ketama en versi\u00f3n CBD sin THC. 25 % de CBD para una relajaci\u00f3n profunda sin riesgos para su carn\u00e9. \ud83c\udf6b Env\u00edo discreto en 48 h. \u2705\" \/>\n<meta name=\"robots\" content=\"index, follow, max-snippet:-1, max-image-preview:large, max-video-preview:-1\" \/>\n<link rel=\"canonical\" href=\"https:\/\/buddyboo.fr\/es\/shop\/resina-cbd-sin-thc\/ketama25-cbd-sin-thc\/\" \/>\n<meta property=\"og:locale\" content=\"es_ES\" \/>\n<meta property=\"og:type\" content=\"article\" \/>\n<meta property=\"og:title\" content=\"KETAMA CBD sin THC 25 % \u2013 Resina premium\" \/>\n<meta property=\"og:description\" content=\"Sabor aut\u00e9ntico de Ketama en versi\u00f3n CBD sin THC. 25 % de CBD para una relajaci\u00f3n profunda sin riesgos para su carn\u00e9. \ud83c\udf6b Env\u00edo discreto en 48 h. \u2705\" \/>\n<meta property=\"og:url\" content=\"https:\/\/buddyboo.fr\/es\/shop\/resina-cbd-sin-thc\/ketama25-cbd-sin-thc\/\" \/>\n<meta property=\"og:site_name\" content=\"BUDDY BOO\" \/>\n<meta property=\"article:modified_time\" content=\"2026-02-25T11:45:19+00:00\" \/>\n<meta property=\"og:image\" content=\"https:\/\/buddyboo.fr\/wp-content\/uploads\/2025\/07\/Ketama-25-CBD.png\" \/>\n\t<meta property=\"og:image:width\" content=\"1080\" \/>\n\t<meta property=\"og:image:height\" content=\"1350\" \/>\n\t<meta property=\"og:image:type\" content=\"image\/png\" \/>\n<meta name=\"twitter:card\" content=\"summary_large_image\" \/>\n<meta name=\"twitter:label1\" content=\"Tiempo de lectura\" \/>\n\t<meta name=\"twitter:data1\" content=\"1 minuto\" \/>\n<script type=\"application\/ld+json\" class=\"yoast-schema-graph\">{\"@context\":\"https:\/\/schema.org\",\"@graph\":[{\"@type\":\"WebPage\",\"@id\":\"https:\/\/buddyboo.fr\/es\/shop\/resina-cbd-sin-thc\/ketama25-cbd-sin-thc\/\",\"url\":\"https:\/\/buddyboo.fr\/es\/shop\/resina-cbd-sin-thc\/ketama25-cbd-sin-thc\/\",\"name\":\"KETAMA CBD sin THC 25 % \u2013 Resina premium\",\"isPartOf\":{\"@id\":\"https:\/\/buddyboo.fr\/es\/#website\"},\"primaryImageOfPage\":{\"@id\":\"https:\/\/buddyboo.fr\/es\/shop\/resina-cbd-sin-thc\/ketama25-cbd-sin-thc\/#primaryimage\"},\"image\":{\"@id\":\"https:\/\/buddyboo.fr\/es\/shop\/resina-cbd-sin-thc\/ketama25-cbd-sin-thc\/#primaryimage\"},\"thumbnailUrl\":\"https:\/\/buddyboo.fr\/wp-content\/uploads\/2025\/07\/Ketama-25-CBD.png\",\"datePublished\":\"2024-10-09T22:20:19+00:00\",\"dateModified\":\"2026-02-25T11:45:19+00:00\",\"description\":\"Sabor aut\u00e9ntico de Ketama en versi\u00f3n CBD sin THC. 25 % de CBD para una relajaci\u00f3n profunda sin riesgos para su carn\u00e9. \ud83c\udf6b Env\u00edo discreto en 48 h. \u2705\",\"breadcrumb\":{\"@id\":\"https:\/\/buddyboo.fr\/es\/shop\/resina-cbd-sin-thc\/ketama25-cbd-sin-thc\/#breadcrumb\"},\"inLanguage\":\"es\",\"potentialAction\":[{\"@type\":\"ReadAction\",\"target\":[\"https:\/\/buddyboo.fr\/es\/shop\/resina-cbd-sin-thc\/ketama25-cbd-sin-thc\/\"]}]},{\"@type\":\"ImageObject\",\"inLanguage\":\"es\",\"@id\":\"https:\/\/buddyboo.fr\/es\/shop\/resina-cbd-sin-thc\/ketama25-cbd-sin-thc\/#primaryimage\",\"url\":\"https:\/\/buddyboo.fr\/wp-content\/uploads\/2025\/07\/Ketama-25-CBD.png\",\"contentUrl\":\"https:\/\/buddyboo.fr\/wp-content\/uploads\/2025\/07\/Ketama-25-CBD.png\",\"width\":1080,\"height\":1350},{\"@type\":\"BreadcrumbList\",\"@id\":\"https:\/\/buddyboo.fr\/es\/shop\/resina-cbd-sin-thc\/ketama25-cbd-sin-thc\/#breadcrumb\",\"itemListElement\":[{\"@type\":\"ListItem\",\"position\":1,\"name\":\"Accueil\",\"item\":\"https:\/\/buddyboo.fr\/es\/inicio\/\"},{\"@type\":\"ListItem\",\"position\":2,\"name\":\"Comprar CBD sin THC\",\"item\":\"https:\/\/buddyboo.fr\/es\/tienda\/\"},{\"@type\":\"ListItem\",\"position\":3,\"name\":\"Resina CBD sin THC\",\"item\":\"https:\/\/buddyboo.fr\/es\/categoria-producto\/resina-cbd-sin-thc\/\"},{\"@type\":\"ListItem\",\"position\":4,\"name\":\"KETAMA25 % CBD SIN THC\"}]},{\"@type\":\"WebSite\",\"@id\":\"https:\/\/buddyboo.fr\/es\/#website\",\"url\":\"https:\/\/buddyboo.fr\/es\/\",\"name\":\"BUDDY BOO\",\"description\":\"N\u00b01 DU CBD SANS THC\",\"publisher\":{\"@id\":\"https:\/\/buddyboo.fr\/es\/#organization\"},\"potentialAction\":[{\"@type\":\"SearchAction\",\"target\":{\"@type\":\"EntryPoint\",\"urlTemplate\":\"https:\/\/buddyboo.fr\/es\/?s={search_term_string}\"},\"query-input\":{\"@type\":\"PropertyValueSpecification\",\"valueRequired\":true,\"valueName\":\"search_term_string\"}}],\"inLanguage\":\"es\"},{\"@type\":\"Organization\",\"@id\":\"https:\/\/buddyboo.fr\/es\/#organization\",\"name\":\"BUDDY BOO\",\"url\":\"https:\/\/buddyboo.fr\/es\/\",\"logo\":{\"@type\":\"ImageObject\",\"inLanguage\":\"es\",\"@id\":\"https:\/\/buddyboo.fr\/es\/#\/schema\/logo\/image\/\",\"url\":\"https:\/\/buddyboo.fr\/wp-content\/uploads\/2024\/08\/logo-Buddy-Boo.svg\",\"contentUrl\":\"https:\/\/buddyboo.fr\/wp-content\/uploads\/2024\/08\/logo-Buddy-Boo.svg\",\"caption\":\"BUDDY BOO\"},\"image\":{\"@id\":\"https:\/\/buddyboo.fr\/es\/#\/schema\/logo\/image\/\"},\"sameAs\":[\"https:\/\/www.instagram.com\/buddyboo.jp\/\"]}]}<\/script>\n<!-- \/ Yoast SEO plugin. -->","yoast_head_json":{"title":"KETAMA CBD sin THC 25 % \u2013 Resina premium","description":"Sabor aut\u00e9ntico de Ketama en versi\u00f3n CBD sin THC. 25 % de CBD para una relajaci\u00f3n profunda sin riesgos para su carn\u00e9. \ud83c\udf6b Env\u00edo discreto en 48 h. \u2705","robots":{"index":"index","follow":"follow","max-snippet":"max-snippet:-1","max-image-preview":"max-image-preview:large","max-video-preview":"max-video-preview:-1"},"canonical":"https:\/\/buddyboo.fr\/es\/shop\/resina-cbd-sin-thc\/ketama25-cbd-sin-thc\/","og_locale":"es_ES","og_type":"article","og_title":"KETAMA CBD sin THC 25 % \u2013 Resina premium","og_description":"Sabor aut\u00e9ntico de Ketama en versi\u00f3n CBD sin THC. 25 % de CBD para una relajaci\u00f3n profunda sin riesgos para su carn\u00e9. \ud83c\udf6b Env\u00edo discreto en 48 h. \u2705","og_url":"https:\/\/buddyboo.fr\/es\/shop\/resina-cbd-sin-thc\/ketama25-cbd-sin-thc\/","og_site_name":"BUDDY BOO","article_modified_time":"2026-02-25T11:45:19+00:00","og_image":[{"width":1080,"height":1350,"url":"https:\/\/buddyboo.fr\/wp-content\/uploads\/2025\/07\/Ketama-25-CBD.png","type":"image\/png"}],"twitter_card":"summary_large_image","twitter_misc":{"Tiempo de lectura":"1 minuto"},"schema":{"@context":"https:\/\/schema.org","@graph":[{"@type":"WebPage","@id":"https:\/\/buddyboo.fr\/es\/shop\/resina-cbd-sin-thc\/ketama25-cbd-sin-thc\/","url":"https:\/\/buddyboo.fr\/es\/shop\/resina-cbd-sin-thc\/ketama25-cbd-sin-thc\/","name":"KETAMA CBD sin THC 25 % \u2013 Resina premium","isPartOf":{"@id":"https:\/\/buddyboo.fr\/es\/#website"},"primaryImageOfPage":{"@id":"https:\/\/buddyboo.fr\/es\/shop\/resina-cbd-sin-thc\/ketama25-cbd-sin-thc\/#primaryimage"},"image":{"@id":"https:\/\/buddyboo.fr\/es\/shop\/resina-cbd-sin-thc\/ketama25-cbd-sin-thc\/#primaryimage"},"thumbnailUrl":"https:\/\/buddyboo.fr\/wp-content\/uploads\/2025\/07\/Ketama-25-CBD.png","datePublished":"2024-10-09T22:20:19+00:00","dateModified":"2026-02-25T11:45:19+00:00","description":"Sabor aut\u00e9ntico de Ketama en versi\u00f3n CBD sin THC. 25 % de CBD para una relajaci\u00f3n profunda sin riesgos para su carn\u00e9. \ud83c\udf6b Env\u00edo discreto en 48 h. \u2705","breadcrumb":{"@id":"https:\/\/buddyboo.fr\/es\/shop\/resina-cbd-sin-thc\/ketama25-cbd-sin-thc\/#breadcrumb"},"inLanguage":"es","potentialAction":[{"@type":"ReadAction","target":["https:\/\/buddyboo.fr\/es\/shop\/resina-cbd-sin-thc\/ketama25-cbd-sin-thc\/"]}]},{"@type":"ImageObject","inLanguage":"es","@id":"https:\/\/buddyboo.fr\/es\/shop\/resina-cbd-sin-thc\/ketama25-cbd-sin-thc\/#primaryimage","url":"https:\/\/buddyboo.fr\/wp-content\/uploads\/2025\/07\/Ketama-25-CBD.png","contentUrl":"https:\/\/buddyboo.fr\/wp-content\/uploads\/2025\/07\/Ketama-25-CBD.png","width":1080,"height":1350},{"@type":"BreadcrumbList","@id":"https:\/\/buddyboo.fr\/es\/shop\/resina-cbd-sin-thc\/ketama25-cbd-sin-thc\/#breadcrumb","itemListElement":[{"@type":"ListItem","position":1,"name":"Accueil","item":"https:\/\/buddyboo.fr\/es\/inicio\/"},{"@type":"ListItem","position":2,"name":"Comprar CBD sin THC","item":"https:\/\/buddyboo.fr\/es\/tienda\/"},{"@type":"ListItem","position":3,"name":"Resina CBD sin THC","item":"https:\/\/buddyboo.fr\/es\/categoria-producto\/resina-cbd-sin-thc\/"},{"@type":"ListItem","position":4,"name":"KETAMA25 % CBD SIN THC"}]},{"@type":"WebSite","@id":"https:\/\/buddyboo.fr\/es\/#website","url":"https:\/\/buddyboo.fr\/es\/","name":"BUDDY BOO","description":"N\u00b01 DU CBD SANS THC","publisher":{"@id":"https:\/\/buddyboo.fr\/es\/#organization"},"potentialAction":[{"@type":"SearchAction","target":{"@type":"EntryPoint","urlTemplate":"https:\/\/buddyboo.fr\/es\/?s={search_term_string}"},"query-input":{"@type":"PropertyValueSpecification","valueRequired":true,"valueName":"search_term_string"}}],"inLanguage":"es"},{"@type":"Organization","@id":"https:\/\/buddyboo.fr\/es\/#organization","name":"BUDDY BOO","url":"https:\/\/buddyboo.fr\/es\/","logo":{"@type":"ImageObject","inLanguage":"es","@id":"https:\/\/buddyboo.fr\/es\/#\/schema\/logo\/image\/","url":"https:\/\/buddyboo.fr\/wp-content\/uploads\/2024\/08\/logo-Buddy-Boo.svg","contentUrl":"https:\/\/buddyboo.fr\/wp-content\/uploads\/2024\/08\/logo-Buddy-Boo.svg","caption":"BUDDY BOO"},"image":{"@id":"https:\/\/buddyboo.fr\/es\/#\/schema\/logo\/image\/"},"sameAs":["https:\/\/www.instagram.com\/buddyboo.jp\/"]}]}},"jetpack_sharing_enabled":true,"_links":{"self":[{"href":"https:\/\/buddyboo.fr\/es\/wp-json\/wp\/v2\/product\/14816","targetHints":{"allow":["GET"]}}],"collection":[{"href":"https:\/\/buddyboo.fr\/es\/wp-json\/wp\/v2\/product"}],"about":[{"href":"https:\/\/buddyboo.fr\/es\/wp-json\/wp\/v2\/types\/product"}],"replies":[{"embeddable":true,"href":"https:\/\/buddyboo.fr\/es\/wp-json\/wp\/v2\/comments?post=14816"}],"wp:featuredmedia":[{"embeddable":true,"href":"https:\/\/buddyboo.fr\/es\/wp-json\/wp\/v2\/media\/14819"}],"wp:attachment":[{"href":"https:\/\/buddyboo.fr\/es\/wp-json\/wp\/v2\/media?parent=14816"}],"wp:term":[{"taxonomy":"product_brand","embeddable":true,"href":"https:\/\/buddyboo.fr\/es\/wp-json\/wp\/v2\/product_brand?post=14816"},{"taxonomy":"product_cat","embeddable":true,"href":"https:\/\/buddyboo.fr\/es\/wp-json\/wp\/v2\/product_cat?post=14816"},{"taxonomy":"product_tag","embeddable":true,"href":"https:\/\/buddyboo.fr\/es\/wp-json\/wp\/v2\/product_tag?post=14816"},{"taxonomy":"bienfaits","embeddable":true,"href":"https:\/\/buddyboo.fr\/es\/wp-json\/wp\/v2\/bienfaits?post=14816"}],"curies":[{"name":"wp","href":"https:\/\/api.w.org\/{rel}","templated":true}]}}