{"id":13935,"date":"2025-10-15T14:49:50","date_gmt":"2025-10-15T12:49:50","guid":{"rendered":"https:\/\/buddyboo.fr\/shop\/sin%20categor\u00eda\/vibes-king-size-filtrospapel-de-liar\/"},"modified":"2026-02-24T10:24:43","modified_gmt":"2026-02-24T09:24:43","slug":"vibes-king-size-filtrospapel-de-liar","status":"publish","type":"product","link":"https:\/\/buddyboo.fr\/es\/shop\/accesorios-cbd\/vibes-king-size-filtrospapel-de-liar\/","title":{"rendered":"VIBES King Size + Filtros<br>Papel de liar"},"content":{"rendered":"","protected":false},"excerpt":{"rendered":"<p>\u00a1<strong>Catch a Vibe<\/strong> con el papel de liar <strong>VIBES Ultra Thin King Size Slim!<\/strong><br \/>\nSin blanquear y entre los m\u00e1s finos del mercado, preserva perfectamente los aromas. Su combusti\u00f3n lenta y homog\u00e9nea realza cada liado. Formato slim, dise\u00f1o estrellado, 33 hojas por librillo para sesiones que brillan.  <\/p>\n","protected":false},"featured_media":13936,"comment_status":"open","ping_status":"closed","template":"","meta":[],"product_brand":[],"product_cat":[263],"product_tag":[],"bienfaits":[254,255,257],"class_list":{"0":"post-13935","1":"product","2":"type-product","3":"status-publish","4":"has-post-thumbnail","6":"product_cat-accesorios-cbd","7":"bienfaits-aumenta-la-concentracion","8":"bienfaits-devuelve-la-energia","9":"bienfaits-estimula-las-emociones-positivas","11":"first","12":"outofstock","13":"sale","14":"taxable","15":"shipping-taxable","16":"purchasable","17":"product-type-variable"},"yoast_head":"<!-- This site is optimized with the Yoast SEO plugin v27.2 - https:\/\/yoast.com\/product\/yoast-seo-wordpress\/ -->\n<title>Comprar papel de liar VIBES King Size Slim + filtros | BUDDY BOO<\/title>\n<meta name=\"description\" content=\"Papel de liar Vibes King Size Slim sin blanquear, ultrafino. Combusti\u00f3n lenta, sabor puro. Premium, natural, env\u00edo expr\u00e9s 48\/72 h.\" \/>\n<meta name=\"robots\" content=\"index, follow, max-snippet:-1, max-image-preview:large, max-video-preview:-1\" \/>\n<link rel=\"canonical\" href=\"https:\/\/buddyboo.fr\/es\/shop\/accesorios-cbd\/vibes-king-size-filtrospapel-de-liar\/\" \/>\n<meta property=\"og:locale\" content=\"es_ES\" \/>\n<meta property=\"og:type\" content=\"article\" \/>\n<meta property=\"og:title\" content=\"Comprar papel de liar VIBES King Size Slim + filtros | BUDDY BOO\" \/>\n<meta property=\"og:description\" content=\"Papel de liar Vibes King Size Slim sin blanquear, ultrafino. Combusti\u00f3n lenta, sabor puro. Premium, natural, env\u00edo expr\u00e9s 48\/72 h.\" \/>\n<meta property=\"og:url\" content=\"https:\/\/buddyboo.fr\/es\/shop\/accesorios-cbd\/vibes-king-size-filtrospapel-de-liar\/\" \/>\n<meta property=\"og:site_name\" content=\"BUDDY BOO\" \/>\n<meta property=\"article:modified_time\" content=\"2026-02-24T09:24:43+00:00\" \/>\n<meta property=\"og:image\" content=\"https:\/\/buddyboo.fr\/wp-content\/uploads\/2025\/10\/Feuilles-a-rouler-Vibes-King-Size-Ultra-Thin-\u2013-BUDDY-BOO-scaled.jpg\" \/>\n\t<meta property=\"og:image:width\" content=\"2048\" \/>\n\t<meta property=\"og:image:height\" content=\"2048\" \/>\n\t<meta property=\"og:image:type\" content=\"image\/jpeg\" \/>\n<meta name=\"twitter:card\" content=\"summary_large_image\" \/>\n<script type=\"application\/ld+json\" class=\"yoast-schema-graph\">{\"@context\":\"https:\/\/schema.org\",\"@graph\":[{\"@type\":\"WebPage\",\"@id\":\"https:\/\/buddyboo.fr\/es\/shop\/accesorios-cbd\/vibes-king-size-filtrospapel-de-liar\/\",\"url\":\"https:\/\/buddyboo.fr\/es\/shop\/accesorios-cbd\/vibes-king-size-filtrospapel-de-liar\/\",\"name\":\"Comprar papel de liar VIBES King Size Slim + filtros | BUDDY BOO\",\"isPartOf\":{\"@id\":\"https:\/\/buddyboo.fr\/es\/#website\"},\"primaryImageOfPage\":{\"@id\":\"https:\/\/buddyboo.fr\/es\/shop\/accesorios-cbd\/vibes-king-size-filtrospapel-de-liar\/#primaryimage\"},\"image\":{\"@id\":\"https:\/\/buddyboo.fr\/es\/shop\/accesorios-cbd\/vibes-king-size-filtrospapel-de-liar\/#primaryimage\"},\"thumbnailUrl\":\"https:\/\/buddyboo.fr\/wp-content\/uploads\/2025\/10\/Feuilles-a-rouler-Vibes-King-Size-Ultra-Thin-\u2013-BUDDY-BOO-scaled.jpg\",\"datePublished\":\"2025-10-15T12:49:50+00:00\",\"dateModified\":\"2026-02-24T09:24:43+00:00\",\"description\":\"Papel de liar Vibes King Size Slim sin blanquear, ultrafino. Combusti\u00f3n lenta, sabor puro. Premium, natural, env\u00edo expr\u00e9s 48\/72 h.\",\"breadcrumb\":{\"@id\":\"https:\/\/buddyboo.fr\/es\/shop\/accesorios-cbd\/vibes-king-size-filtrospapel-de-liar\/#breadcrumb\"},\"inLanguage\":\"es\",\"potentialAction\":[{\"@type\":\"ReadAction\",\"target\":[\"https:\/\/buddyboo.fr\/es\/shop\/accesorios-cbd\/vibes-king-size-filtrospapel-de-liar\/\"]}]},{\"@type\":\"ImageObject\",\"inLanguage\":\"es\",\"@id\":\"https:\/\/buddyboo.fr\/es\/shop\/accesorios-cbd\/vibes-king-size-filtrospapel-de-liar\/#primaryimage\",\"url\":\"https:\/\/buddyboo.fr\/wp-content\/uploads\/2025\/10\/Feuilles-a-rouler-Vibes-King-Size-Ultra-Thin-\u2013-BUDDY-BOO-scaled.jpg\",\"contentUrl\":\"https:\/\/buddyboo.fr\/wp-content\/uploads\/2025\/10\/Feuilles-a-rouler-Vibes-King-Size-Ultra-Thin-\u2013-BUDDY-BOO-scaled.jpg\",\"width\":2048,\"height\":2048,\"caption\":\"Papel de liar Vibes King Size Ultra Thin BUDDY BOO \u2013 dise\u00f1o elegante, papel ultrafino y combusti\u00f3n homog\u00e9nea.\"},{\"@type\":\"BreadcrumbList\",\"@id\":\"https:\/\/buddyboo.fr\/es\/shop\/accesorios-cbd\/vibes-king-size-filtrospapel-de-liar\/#breadcrumb\",\"itemListElement\":[{\"@type\":\"ListItem\",\"position\":1,\"name\":\"Accueil\",\"item\":\"https:\/\/buddyboo.fr\/es\/inicio\/\"},{\"@type\":\"ListItem\",\"position\":2,\"name\":\"Comprar CBD sin THC\",\"item\":\"https:\/\/buddyboo.fr\/es\/tienda\/\"},{\"@type\":\"ListItem\",\"position\":3,\"name\":\"Accesorios CBD\",\"item\":\"https:\/\/buddyboo.fr\/es\/categoria-producto\/accesorios-cbd\/\"},{\"@type\":\"ListItem\",\"position\":4,\"name\":\"VIBES King Size + FiltrosPapel de liar\"}]},{\"@type\":\"WebSite\",\"@id\":\"https:\/\/buddyboo.fr\/es\/#website\",\"url\":\"https:\/\/buddyboo.fr\/es\/\",\"name\":\"BUDDY BOO\",\"description\":\"N\u00b01 DU CBD SANS THC\",\"publisher\":{\"@id\":\"https:\/\/buddyboo.fr\/es\/#organization\"},\"potentialAction\":[{\"@type\":\"SearchAction\",\"target\":{\"@type\":\"EntryPoint\",\"urlTemplate\":\"https:\/\/buddyboo.fr\/es\/?s={search_term_string}\"},\"query-input\":{\"@type\":\"PropertyValueSpecification\",\"valueRequired\":true,\"valueName\":\"search_term_string\"}}],\"inLanguage\":\"es\"},{\"@type\":\"Organization\",\"@id\":\"https:\/\/buddyboo.fr\/es\/#organization\",\"name\":\"BUDDY BOO\",\"url\":\"https:\/\/buddyboo.fr\/es\/\",\"logo\":{\"@type\":\"ImageObject\",\"inLanguage\":\"es\",\"@id\":\"https:\/\/buddyboo.fr\/es\/#\/schema\/logo\/image\/\",\"url\":\"https:\/\/buddyboo.fr\/wp-content\/uploads\/2024\/08\/logo-Buddy-Boo.svg\",\"contentUrl\":\"https:\/\/buddyboo.fr\/wp-content\/uploads\/2024\/08\/logo-Buddy-Boo.svg\",\"caption\":\"BUDDY BOO\"},\"image\":{\"@id\":\"https:\/\/buddyboo.fr\/es\/#\/schema\/logo\/image\/\"},\"sameAs\":[\"https:\/\/www.instagram.com\/buddyboo.jp\/\"]}]}<\/script>\n<!-- \/ Yoast SEO plugin. -->","yoast_head_json":{"title":"Comprar papel de liar VIBES King Size Slim + filtros | BUDDY BOO","description":"Papel de liar Vibes King Size Slim sin blanquear, ultrafino. Combusti\u00f3n lenta, sabor puro. Premium, natural, env\u00edo expr\u00e9s 48\/72 h.","robots":{"index":"index","follow":"follow","max-snippet":"max-snippet:-1","max-image-preview":"max-image-preview:large","max-video-preview":"max-video-preview:-1"},"canonical":"https:\/\/buddyboo.fr\/es\/shop\/accesorios-cbd\/vibes-king-size-filtrospapel-de-liar\/","og_locale":"es_ES","og_type":"article","og_title":"Comprar papel de liar VIBES King Size Slim + filtros | BUDDY BOO","og_description":"Papel de liar Vibes King Size Slim sin blanquear, ultrafino. Combusti\u00f3n lenta, sabor puro. Premium, natural, env\u00edo expr\u00e9s 48\/72 h.","og_url":"https:\/\/buddyboo.fr\/es\/shop\/accesorios-cbd\/vibes-king-size-filtrospapel-de-liar\/","og_site_name":"BUDDY BOO","article_modified_time":"2026-02-24T09:24:43+00:00","og_image":[{"width":2048,"height":2048,"url":"https:\/\/buddyboo.fr\/wp-content\/uploads\/2025\/10\/Feuilles-a-rouler-Vibes-King-Size-Ultra-Thin-\u2013-BUDDY-BOO-scaled.jpg","type":"image\/jpeg"}],"twitter_card":"summary_large_image","schema":{"@context":"https:\/\/schema.org","@graph":[{"@type":"WebPage","@id":"https:\/\/buddyboo.fr\/es\/shop\/accesorios-cbd\/vibes-king-size-filtrospapel-de-liar\/","url":"https:\/\/buddyboo.fr\/es\/shop\/accesorios-cbd\/vibes-king-size-filtrospapel-de-liar\/","name":"Comprar papel de liar VIBES King Size Slim + filtros | BUDDY BOO","isPartOf":{"@id":"https:\/\/buddyboo.fr\/es\/#website"},"primaryImageOfPage":{"@id":"https:\/\/buddyboo.fr\/es\/shop\/accesorios-cbd\/vibes-king-size-filtrospapel-de-liar\/#primaryimage"},"image":{"@id":"https:\/\/buddyboo.fr\/es\/shop\/accesorios-cbd\/vibes-king-size-filtrospapel-de-liar\/#primaryimage"},"thumbnailUrl":"https:\/\/buddyboo.fr\/wp-content\/uploads\/2025\/10\/Feuilles-a-rouler-Vibes-King-Size-Ultra-Thin-\u2013-BUDDY-BOO-scaled.jpg","datePublished":"2025-10-15T12:49:50+00:00","dateModified":"2026-02-24T09:24:43+00:00","description":"Papel de liar Vibes King Size Slim sin blanquear, ultrafino. Combusti\u00f3n lenta, sabor puro. Premium, natural, env\u00edo expr\u00e9s 48\/72 h.","breadcrumb":{"@id":"https:\/\/buddyboo.fr\/es\/shop\/accesorios-cbd\/vibes-king-size-filtrospapel-de-liar\/#breadcrumb"},"inLanguage":"es","potentialAction":[{"@type":"ReadAction","target":["https:\/\/buddyboo.fr\/es\/shop\/accesorios-cbd\/vibes-king-size-filtrospapel-de-liar\/"]}]},{"@type":"ImageObject","inLanguage":"es","@id":"https:\/\/buddyboo.fr\/es\/shop\/accesorios-cbd\/vibes-king-size-filtrospapel-de-liar\/#primaryimage","url":"https:\/\/buddyboo.fr\/wp-content\/uploads\/2025\/10\/Feuilles-a-rouler-Vibes-King-Size-Ultra-Thin-\u2013-BUDDY-BOO-scaled.jpg","contentUrl":"https:\/\/buddyboo.fr\/wp-content\/uploads\/2025\/10\/Feuilles-a-rouler-Vibes-King-Size-Ultra-Thin-\u2013-BUDDY-BOO-scaled.jpg","width":2048,"height":2048,"caption":"Papel de liar Vibes King Size Ultra Thin BUDDY BOO \u2013 dise\u00f1o elegante, papel ultrafino y combusti\u00f3n homog\u00e9nea."},{"@type":"BreadcrumbList","@id":"https:\/\/buddyboo.fr\/es\/shop\/accesorios-cbd\/vibes-king-size-filtrospapel-de-liar\/#breadcrumb","itemListElement":[{"@type":"ListItem","position":1,"name":"Accueil","item":"https:\/\/buddyboo.fr\/es\/inicio\/"},{"@type":"ListItem","position":2,"name":"Comprar CBD sin THC","item":"https:\/\/buddyboo.fr\/es\/tienda\/"},{"@type":"ListItem","position":3,"name":"Accesorios CBD","item":"https:\/\/buddyboo.fr\/es\/categoria-producto\/accesorios-cbd\/"},{"@type":"ListItem","position":4,"name":"VIBES King Size + FiltrosPapel de liar"}]},{"@type":"WebSite","@id":"https:\/\/buddyboo.fr\/es\/#website","url":"https:\/\/buddyboo.fr\/es\/","name":"BUDDY BOO","description":"N\u00b01 DU CBD SANS THC","publisher":{"@id":"https:\/\/buddyboo.fr\/es\/#organization"},"potentialAction":[{"@type":"SearchAction","target":{"@type":"EntryPoint","urlTemplate":"https:\/\/buddyboo.fr\/es\/?s={search_term_string}"},"query-input":{"@type":"PropertyValueSpecification","valueRequired":true,"valueName":"search_term_string"}}],"inLanguage":"es"},{"@type":"Organization","@id":"https:\/\/buddyboo.fr\/es\/#organization","name":"BUDDY BOO","url":"https:\/\/buddyboo.fr\/es\/","logo":{"@type":"ImageObject","inLanguage":"es","@id":"https:\/\/buddyboo.fr\/es\/#\/schema\/logo\/image\/","url":"https:\/\/buddyboo.fr\/wp-content\/uploads\/2024\/08\/logo-Buddy-Boo.svg","contentUrl":"https:\/\/buddyboo.fr\/wp-content\/uploads\/2024\/08\/logo-Buddy-Boo.svg","caption":"BUDDY BOO"},"image":{"@id":"https:\/\/buddyboo.fr\/es\/#\/schema\/logo\/image\/"},"sameAs":["https:\/\/www.instagram.com\/buddyboo.jp\/"]}]}},"jetpack_sharing_enabled":true,"_links":{"self":[{"href":"https:\/\/buddyboo.fr\/es\/wp-json\/wp\/v2\/product\/13935","targetHints":{"allow":["GET"]}}],"collection":[{"href":"https:\/\/buddyboo.fr\/es\/wp-json\/wp\/v2\/product"}],"about":[{"href":"https:\/\/buddyboo.fr\/es\/wp-json\/wp\/v2\/types\/product"}],"replies":[{"embeddable":true,"href":"https:\/\/buddyboo.fr\/es\/wp-json\/wp\/v2\/comments?post=13935"}],"wp:featuredmedia":[{"embeddable":true,"href":"https:\/\/buddyboo.fr\/es\/wp-json\/wp\/v2\/media\/13936"}],"wp:attachment":[{"href":"https:\/\/buddyboo.fr\/es\/wp-json\/wp\/v2\/media?parent=13935"}],"wp:term":[{"taxonomy":"product_brand","embeddable":true,"href":"https:\/\/buddyboo.fr\/es\/wp-json\/wp\/v2\/product_brand?post=13935"},{"taxonomy":"product_cat","embeddable":true,"href":"https:\/\/buddyboo.fr\/es\/wp-json\/wp\/v2\/product_cat?post=13935"},{"taxonomy":"product_tag","embeddable":true,"href":"https:\/\/buddyboo.fr\/es\/wp-json\/wp\/v2\/product_tag?post=13935"},{"taxonomy":"bienfaits","embeddable":true,"href":"https:\/\/buddyboo.fr\/es\/wp-json\/wp\/v2\/bienfaits?post=13935"}],"curies":[{"name":"wp","href":"https:\/\/api.w.org\/{rel}","templated":true}]}}