{"id":13786,"date":"2025-10-15T20:10:38","date_gmt":"2025-10-15T18:10:38","guid":{"rendered":"https:\/\/buddyboo.fr\/shop\/sin%20categor\u00eda\/best-buds-zushibandeja-de-liar\/"},"modified":"2026-02-24T10:24:59","modified_gmt":"2026-02-24T09:24:59","slug":"best-buds-zushibandeja-de-liar","status":"publish","type":"product","link":"https:\/\/buddyboo.fr\/es\/shop\/accesorios-cbd\/best-buds-zushibandeja-de-liar\/","title":{"rendered":"BEST BUDS \u00abZUSHI\u00bb<br>Bandeja de liar"},"content":{"rendered":"<p><strong>Dimensiones:<\/strong> 27 \u00d7 16 \u00d7 1.5 cm (tama\u00f1o mediano)<\/p>\n","protected":false},"excerpt":{"rendered":"<p>A\u00f1ada estilo a sus sesiones con la bandeja Zushi de Best Buds. Tama\u00f1o mediano, metal robusto y colorido dise\u00f1o sushi para un liado pr\u00e1ctico y original. <\/p>\n","protected":false},"featured_media":13787,"comment_status":"open","ping_status":"closed","template":"","meta":[],"product_brand":[],"product_cat":[263],"product_tag":[],"bienfaits":[254,255,257],"class_list":{"0":"post-13786","1":"product","2":"type-product","3":"status-publish","4":"has-post-thumbnail","6":"product_cat-accesorios-cbd","7":"bienfaits-aumenta-la-concentracion","8":"bienfaits-devuelve-la-energia","9":"bienfaits-estimula-las-emociones-positivas","11":"first","12":"instock","13":"taxable","14":"shipping-taxable","15":"purchasable","16":"product-type-simple"},"yoast_head":"<!-- This site is optimized with the Yoast SEO plugin v27.2 - https:\/\/yoast.com\/product\/yoast-seo-wordpress\/ -->\n<title>Comprar bandeja de liar BEST BUDS &quot;ZUSHI&quot; barata | BUDDY BOO<\/title>\n<meta name=\"description\" content=\"Bandeja de liar Zushi de Best Buds. Tama\u00f1o mediano, vibrante dise\u00f1o japon\u00e9s, resistente superficie met\u00e1lica. Entrega r\u00e1pida 48\/72 h desde Francia.\" \/>\n<meta name=\"robots\" content=\"index, follow, max-snippet:-1, max-image-preview:large, max-video-preview:-1\" \/>\n<link rel=\"canonical\" href=\"https:\/\/buddyboo.fr\/es\/shop\/accesorios-cbd\/best-buds-zushibandeja-de-liar\/\" \/>\n<meta property=\"og:locale\" content=\"es_ES\" \/>\n<meta property=\"og:type\" content=\"article\" \/>\n<meta property=\"og:title\" content=\"Comprar bandeja de liar BEST BUDS &quot;ZUSHI&quot; barata | BUDDY BOO\" \/>\n<meta property=\"og:description\" content=\"Bandeja de liar Zushi de Best Buds. Tama\u00f1o mediano, vibrante dise\u00f1o japon\u00e9s, resistente superficie met\u00e1lica. Entrega r\u00e1pida 48\/72 h desde Francia.\" \/>\n<meta property=\"og:url\" content=\"https:\/\/buddyboo.fr\/es\/shop\/accesorios-cbd\/best-buds-zushibandeja-de-liar\/\" \/>\n<meta property=\"og:site_name\" content=\"BUDDY BOO\" \/>\n<meta property=\"article:modified_time\" content=\"2026-02-24T09:24:59+00:00\" \/>\n<meta property=\"og:image\" content=\"https:\/\/buddyboo.fr\/wp-content\/uploads\/2025\/10\/Plateau-a-rouler-zushi-large.jpg\" \/>\n\t<meta property=\"og:image:width\" content=\"1000\" \/>\n\t<meta property=\"og:image:height\" content=\"1000\" \/>\n\t<meta property=\"og:image:type\" content=\"image\/jpeg\" \/>\n<meta name=\"twitter:card\" content=\"summary_large_image\" \/>\n<script type=\"application\/ld+json\" class=\"yoast-schema-graph\">{\"@context\":\"https:\/\/schema.org\",\"@graph\":[{\"@type\":\"WebPage\",\"@id\":\"https:\/\/buddyboo.fr\/es\/shop\/accesorios-cbd\/best-buds-zushibandeja-de-liar\/\",\"url\":\"https:\/\/buddyboo.fr\/es\/shop\/accesorios-cbd\/best-buds-zushibandeja-de-liar\/\",\"name\":\"Comprar bandeja de liar BEST BUDS \\\"ZUSHI\\\" barata | BUDDY BOO\",\"isPartOf\":{\"@id\":\"https:\/\/buddyboo.fr\/es\/#website\"},\"primaryImageOfPage\":{\"@id\":\"https:\/\/buddyboo.fr\/es\/shop\/accesorios-cbd\/best-buds-zushibandeja-de-liar\/#primaryimage\"},\"image\":{\"@id\":\"https:\/\/buddyboo.fr\/es\/shop\/accesorios-cbd\/best-buds-zushibandeja-de-liar\/#primaryimage\"},\"thumbnailUrl\":\"https:\/\/buddyboo.fr\/wp-content\/uploads\/2025\/10\/Plateau-a-rouler-zushi-large.jpg\",\"datePublished\":\"2025-10-15T18:10:38+00:00\",\"dateModified\":\"2026-02-24T09:24:59+00:00\",\"description\":\"Bandeja de liar Zushi de Best Buds. Tama\u00f1o mediano, vibrante dise\u00f1o japon\u00e9s, resistente superficie met\u00e1lica. Entrega r\u00e1pida 48\/72 h desde Francia.\",\"breadcrumb\":{\"@id\":\"https:\/\/buddyboo.fr\/es\/shop\/accesorios-cbd\/best-buds-zushibandeja-de-liar\/#breadcrumb\"},\"inLanguage\":\"es\",\"potentialAction\":[{\"@type\":\"ReadAction\",\"target\":[\"https:\/\/buddyboo.fr\/es\/shop\/accesorios-cbd\/best-buds-zushibandeja-de-liar\/\"]}]},{\"@type\":\"ImageObject\",\"inLanguage\":\"es\",\"@id\":\"https:\/\/buddyboo.fr\/es\/shop\/accesorios-cbd\/best-buds-zushibandeja-de-liar\/#primaryimage\",\"url\":\"https:\/\/buddyboo.fr\/wp-content\/uploads\/2025\/10\/Plateau-a-rouler-zushi-large.jpg\",\"contentUrl\":\"https:\/\/buddyboo.fr\/wp-content\/uploads\/2025\/10\/Plateau-a-rouler-zushi-large.jpg\",\"width\":1000,\"height\":1000,\"caption\":\"Bandeja de liar BEST BUDS Zushi BUDDY BOO: un dise\u00f1o japon\u00e9s \u00fanico y un tama\u00f1o pr\u00e1ctico para liar con estilo.\"},{\"@type\":\"BreadcrumbList\",\"@id\":\"https:\/\/buddyboo.fr\/es\/shop\/accesorios-cbd\/best-buds-zushibandeja-de-liar\/#breadcrumb\",\"itemListElement\":[{\"@type\":\"ListItem\",\"position\":1,\"name\":\"Accueil\",\"item\":\"https:\/\/buddyboo.fr\/es\/inicio\/\"},{\"@type\":\"ListItem\",\"position\":2,\"name\":\"Comprar CBD sin THC\",\"item\":\"https:\/\/buddyboo.fr\/es\/tienda\/\"},{\"@type\":\"ListItem\",\"position\":3,\"name\":\"Accesorios CBD\",\"item\":\"https:\/\/buddyboo.fr\/es\/categoria-producto\/accesorios-cbd\/\"},{\"@type\":\"ListItem\",\"position\":4,\"name\":\"BEST BUDS &#8220;ZUSHI&#8221;Bandeja de liar\"}]},{\"@type\":\"WebSite\",\"@id\":\"https:\/\/buddyboo.fr\/es\/#website\",\"url\":\"https:\/\/buddyboo.fr\/es\/\",\"name\":\"BUDDY BOO\",\"description\":\"N\u00b01 DU CBD SANS THC\",\"publisher\":{\"@id\":\"https:\/\/buddyboo.fr\/es\/#organization\"},\"potentialAction\":[{\"@type\":\"SearchAction\",\"target\":{\"@type\":\"EntryPoint\",\"urlTemplate\":\"https:\/\/buddyboo.fr\/es\/?s={search_term_string}\"},\"query-input\":{\"@type\":\"PropertyValueSpecification\",\"valueRequired\":true,\"valueName\":\"search_term_string\"}}],\"inLanguage\":\"es\"},{\"@type\":\"Organization\",\"@id\":\"https:\/\/buddyboo.fr\/es\/#organization\",\"name\":\"BUDDY BOO\",\"url\":\"https:\/\/buddyboo.fr\/es\/\",\"logo\":{\"@type\":\"ImageObject\",\"inLanguage\":\"es\",\"@id\":\"https:\/\/buddyboo.fr\/es\/#\/schema\/logo\/image\/\",\"url\":\"https:\/\/buddyboo.fr\/wp-content\/uploads\/2024\/08\/logo-Buddy-Boo.svg\",\"contentUrl\":\"https:\/\/buddyboo.fr\/wp-content\/uploads\/2024\/08\/logo-Buddy-Boo.svg\",\"caption\":\"BUDDY BOO\"},\"image\":{\"@id\":\"https:\/\/buddyboo.fr\/es\/#\/schema\/logo\/image\/\"},\"sameAs\":[\"https:\/\/www.instagram.com\/buddyboo.jp\/\"]}]}<\/script>\n<!-- \/ Yoast SEO plugin. -->","yoast_head_json":{"title":"Comprar bandeja de liar BEST BUDS \"ZUSHI\" barata | BUDDY BOO","description":"Bandeja de liar Zushi de Best Buds. Tama\u00f1o mediano, vibrante dise\u00f1o japon\u00e9s, resistente superficie met\u00e1lica. Entrega r\u00e1pida 48\/72 h desde Francia.","robots":{"index":"index","follow":"follow","max-snippet":"max-snippet:-1","max-image-preview":"max-image-preview:large","max-video-preview":"max-video-preview:-1"},"canonical":"https:\/\/buddyboo.fr\/es\/shop\/accesorios-cbd\/best-buds-zushibandeja-de-liar\/","og_locale":"es_ES","og_type":"article","og_title":"Comprar bandeja de liar BEST BUDS \"ZUSHI\" barata | BUDDY BOO","og_description":"Bandeja de liar Zushi de Best Buds. Tama\u00f1o mediano, vibrante dise\u00f1o japon\u00e9s, resistente superficie met\u00e1lica. Entrega r\u00e1pida 48\/72 h desde Francia.","og_url":"https:\/\/buddyboo.fr\/es\/shop\/accesorios-cbd\/best-buds-zushibandeja-de-liar\/","og_site_name":"BUDDY BOO","article_modified_time":"2026-02-24T09:24:59+00:00","og_image":[{"width":1000,"height":1000,"url":"https:\/\/buddyboo.fr\/wp-content\/uploads\/2025\/10\/Plateau-a-rouler-zushi-large.jpg","type":"image\/jpeg"}],"twitter_card":"summary_large_image","schema":{"@context":"https:\/\/schema.org","@graph":[{"@type":"WebPage","@id":"https:\/\/buddyboo.fr\/es\/shop\/accesorios-cbd\/best-buds-zushibandeja-de-liar\/","url":"https:\/\/buddyboo.fr\/es\/shop\/accesorios-cbd\/best-buds-zushibandeja-de-liar\/","name":"Comprar bandeja de liar BEST BUDS \"ZUSHI\" barata | BUDDY BOO","isPartOf":{"@id":"https:\/\/buddyboo.fr\/es\/#website"},"primaryImageOfPage":{"@id":"https:\/\/buddyboo.fr\/es\/shop\/accesorios-cbd\/best-buds-zushibandeja-de-liar\/#primaryimage"},"image":{"@id":"https:\/\/buddyboo.fr\/es\/shop\/accesorios-cbd\/best-buds-zushibandeja-de-liar\/#primaryimage"},"thumbnailUrl":"https:\/\/buddyboo.fr\/wp-content\/uploads\/2025\/10\/Plateau-a-rouler-zushi-large.jpg","datePublished":"2025-10-15T18:10:38+00:00","dateModified":"2026-02-24T09:24:59+00:00","description":"Bandeja de liar Zushi de Best Buds. Tama\u00f1o mediano, vibrante dise\u00f1o japon\u00e9s, resistente superficie met\u00e1lica. Entrega r\u00e1pida 48\/72 h desde Francia.","breadcrumb":{"@id":"https:\/\/buddyboo.fr\/es\/shop\/accesorios-cbd\/best-buds-zushibandeja-de-liar\/#breadcrumb"},"inLanguage":"es","potentialAction":[{"@type":"ReadAction","target":["https:\/\/buddyboo.fr\/es\/shop\/accesorios-cbd\/best-buds-zushibandeja-de-liar\/"]}]},{"@type":"ImageObject","inLanguage":"es","@id":"https:\/\/buddyboo.fr\/es\/shop\/accesorios-cbd\/best-buds-zushibandeja-de-liar\/#primaryimage","url":"https:\/\/buddyboo.fr\/wp-content\/uploads\/2025\/10\/Plateau-a-rouler-zushi-large.jpg","contentUrl":"https:\/\/buddyboo.fr\/wp-content\/uploads\/2025\/10\/Plateau-a-rouler-zushi-large.jpg","width":1000,"height":1000,"caption":"Bandeja de liar BEST BUDS Zushi BUDDY BOO: un dise\u00f1o japon\u00e9s \u00fanico y un tama\u00f1o pr\u00e1ctico para liar con estilo."},{"@type":"BreadcrumbList","@id":"https:\/\/buddyboo.fr\/es\/shop\/accesorios-cbd\/best-buds-zushibandeja-de-liar\/#breadcrumb","itemListElement":[{"@type":"ListItem","position":1,"name":"Accueil","item":"https:\/\/buddyboo.fr\/es\/inicio\/"},{"@type":"ListItem","position":2,"name":"Comprar CBD sin THC","item":"https:\/\/buddyboo.fr\/es\/tienda\/"},{"@type":"ListItem","position":3,"name":"Accesorios CBD","item":"https:\/\/buddyboo.fr\/es\/categoria-producto\/accesorios-cbd\/"},{"@type":"ListItem","position":4,"name":"BEST BUDS &#8220;ZUSHI&#8221;Bandeja de liar"}]},{"@type":"WebSite","@id":"https:\/\/buddyboo.fr\/es\/#website","url":"https:\/\/buddyboo.fr\/es\/","name":"BUDDY BOO","description":"N\u00b01 DU CBD SANS THC","publisher":{"@id":"https:\/\/buddyboo.fr\/es\/#organization"},"potentialAction":[{"@type":"SearchAction","target":{"@type":"EntryPoint","urlTemplate":"https:\/\/buddyboo.fr\/es\/?s={search_term_string}"},"query-input":{"@type":"PropertyValueSpecification","valueRequired":true,"valueName":"search_term_string"}}],"inLanguage":"es"},{"@type":"Organization","@id":"https:\/\/buddyboo.fr\/es\/#organization","name":"BUDDY BOO","url":"https:\/\/buddyboo.fr\/es\/","logo":{"@type":"ImageObject","inLanguage":"es","@id":"https:\/\/buddyboo.fr\/es\/#\/schema\/logo\/image\/","url":"https:\/\/buddyboo.fr\/wp-content\/uploads\/2024\/08\/logo-Buddy-Boo.svg","contentUrl":"https:\/\/buddyboo.fr\/wp-content\/uploads\/2024\/08\/logo-Buddy-Boo.svg","caption":"BUDDY BOO"},"image":{"@id":"https:\/\/buddyboo.fr\/es\/#\/schema\/logo\/image\/"},"sameAs":["https:\/\/www.instagram.com\/buddyboo.jp\/"]}]}},"jetpack_sharing_enabled":true,"_links":{"self":[{"href":"https:\/\/buddyboo.fr\/es\/wp-json\/wp\/v2\/product\/13786","targetHints":{"allow":["GET"]}}],"collection":[{"href":"https:\/\/buddyboo.fr\/es\/wp-json\/wp\/v2\/product"}],"about":[{"href":"https:\/\/buddyboo.fr\/es\/wp-json\/wp\/v2\/types\/product"}],"replies":[{"embeddable":true,"href":"https:\/\/buddyboo.fr\/es\/wp-json\/wp\/v2\/comments?post=13786"}],"wp:featuredmedia":[{"embeddable":true,"href":"https:\/\/buddyboo.fr\/es\/wp-json\/wp\/v2\/media\/13787"}],"wp:attachment":[{"href":"https:\/\/buddyboo.fr\/es\/wp-json\/wp\/v2\/media?parent=13786"}],"wp:term":[{"taxonomy":"product_brand","embeddable":true,"href":"https:\/\/buddyboo.fr\/es\/wp-json\/wp\/v2\/product_brand?post=13786"},{"taxonomy":"product_cat","embeddable":true,"href":"https:\/\/buddyboo.fr\/es\/wp-json\/wp\/v2\/product_cat?post=13786"},{"taxonomy":"product_tag","embeddable":true,"href":"https:\/\/buddyboo.fr\/es\/wp-json\/wp\/v2\/product_tag?post=13786"},{"taxonomy":"bienfaits","embeddable":true,"href":"https:\/\/buddyboo.fr\/es\/wp-json\/wp\/v2\/bienfaits?post=13786"}],"curies":[{"name":"wp","href":"https:\/\/api.w.org\/{rel}","templated":true}]}}