{"id":13776,"date":"2025-10-15T20:47:45","date_gmt":"2025-10-15T18:47:45","guid":{"rendered":"https:\/\/buddyboo.fr\/shop\/sin%20categor\u00eda\/g-pen-dashvaporizador-cbd\/"},"modified":"2026-02-25T13:41:59","modified_gmt":"2026-02-25T12:41:59","slug":"g-pen-dash-vaporizador-cbd","status":"publish","type":"product","link":"https:\/\/buddyboo.fr\/es\/shop\/accesorios-cbd\/g-pen-dash-vaporizador-cbd\/","title":{"rendered":"G-PEN DASH<br>Vaporizador CBD"},"content":{"rendered":"","protected":false},"excerpt":{"rendered":"<p>El G-Pen Dash es un vaporizador port\u00e1til para hierbas secas, compacto, intuitivo y elegante. Con 3 ajustes de temperatura, una boquilla imantada y una c\u00e1mara vitrificada, ofrece un vapor limpio y eficiente dondequiera que est\u00e9. <\/p>\n","protected":false},"featured_media":13777,"comment_status":"open","ping_status":"closed","template":"","meta":[],"product_brand":[],"product_cat":[263],"product_tag":[],"bienfaits":[254,255,257],"class_list":{"0":"post-13776","1":"product","2":"type-product","3":"status-publish","4":"has-post-thumbnail","6":"product_cat-accesorios-cbd","7":"bienfaits-aumenta-la-concentracion","8":"bienfaits-devuelve-la-energia","9":"bienfaits-estimula-las-emociones-positivas","11":"first","12":"outofstock","13":"taxable","14":"shipping-taxable","15":"purchasable","16":"product-type-simple"},"yoast_head":"<!-- This site is optimized with the Yoast SEO plugin v27.2 - https:\/\/yoast.com\/product\/yoast-seo-wordpress\/ -->\n<title>Vaporizador G-Pen Dash \u2013 Compacto, Potente &amp; Elegante | BUDDY BOO<\/title>\n<meta name=\"description\" content=\"Vaporizador G Pen Dash: ultracompacto, 3 temperaturas (190\/205\/220\u202f\u00b0C), boquilla magn\u00e9tica, pass-through. Rendimiento, discreci\u00f3n &amp; estilo.\" \/>\n<meta name=\"robots\" content=\"index, follow, max-snippet:-1, max-image-preview:large, max-video-preview:-1\" \/>\n<link rel=\"canonical\" href=\"https:\/\/buddyboo.fr\/es\/shop\/accesorios-cbd\/g-pen-dash-vaporizador-cbd\/\" \/>\n<meta property=\"og:locale\" content=\"es_ES\" \/>\n<meta property=\"og:type\" content=\"article\" \/>\n<meta property=\"og:title\" content=\"Vaporizador G-Pen Dash \u2013 Compacto, Potente &amp; Elegante | BUDDY BOO\" \/>\n<meta property=\"og:description\" content=\"Vaporizador G Pen Dash: ultracompacto, 3 temperaturas (190\/205\/220\u202f\u00b0C), boquilla magn\u00e9tica, pass-through. Rendimiento, discreci\u00f3n &amp; estilo.\" \/>\n<meta property=\"og:url\" content=\"https:\/\/buddyboo.fr\/es\/shop\/accesorios-cbd\/g-pen-dash-vaporizador-cbd\/\" \/>\n<meta property=\"og:site_name\" content=\"BUDDY BOO\" \/>\n<meta property=\"article:modified_time\" content=\"2026-02-25T12:41:59+00:00\" \/>\n<meta property=\"og:image\" content=\"https:\/\/buddyboo.fr\/wp-content\/uploads\/2025\/10\/G-Pen-Dash-Vaporizer-1.jpg\" \/>\n\t<meta property=\"og:image:width\" content=\"1000\" \/>\n\t<meta property=\"og:image:height\" content=\"1000\" \/>\n\t<meta property=\"og:image:type\" content=\"image\/jpeg\" \/>\n<meta name=\"twitter:card\" content=\"summary_large_image\" \/>\n<meta name=\"twitter:label1\" content=\"Tiempo de lectura\" \/>\n\t<meta name=\"twitter:data1\" content=\"1 minuto\" \/>\n<script type=\"application\/ld+json\" class=\"yoast-schema-graph\">{\"@context\":\"https:\/\/schema.org\",\"@graph\":[{\"@type\":\"WebPage\",\"@id\":\"https:\/\/buddyboo.fr\/es\/shop\/accesorios-cbd\/g-pen-dash-vaporizador-cbd\/\",\"url\":\"https:\/\/buddyboo.fr\/es\/shop\/accesorios-cbd\/g-pen-dash-vaporizador-cbd\/\",\"name\":\"Vaporizador G-Pen Dash \u2013 Compacto, Potente & Elegante | BUDDY BOO\",\"isPartOf\":{\"@id\":\"https:\/\/buddyboo.fr\/es\/#website\"},\"primaryImageOfPage\":{\"@id\":\"https:\/\/buddyboo.fr\/es\/shop\/accesorios-cbd\/g-pen-dash-vaporizador-cbd\/#primaryimage\"},\"image\":{\"@id\":\"https:\/\/buddyboo.fr\/es\/shop\/accesorios-cbd\/g-pen-dash-vaporizador-cbd\/#primaryimage\"},\"thumbnailUrl\":\"https:\/\/buddyboo.fr\/wp-content\/uploads\/2025\/10\/G-Pen-Dash-Vaporizer-1.jpg\",\"datePublished\":\"2025-10-15T18:47:45+00:00\",\"dateModified\":\"2026-02-25T12:41:59+00:00\",\"description\":\"Vaporizador G Pen Dash: ultracompacto, 3 temperaturas (190\/205\/220\u202f\u00b0C), boquilla magn\u00e9tica, pass-through. Rendimiento, discreci\u00f3n & estilo.\",\"breadcrumb\":{\"@id\":\"https:\/\/buddyboo.fr\/es\/shop\/accesorios-cbd\/g-pen-dash-vaporizador-cbd\/#breadcrumb\"},\"inLanguage\":\"es\",\"potentialAction\":[{\"@type\":\"ReadAction\",\"target\":[\"https:\/\/buddyboo.fr\/es\/shop\/accesorios-cbd\/g-pen-dash-vaporizador-cbd\/\"]}]},{\"@type\":\"ImageObject\",\"inLanguage\":\"es\",\"@id\":\"https:\/\/buddyboo.fr\/es\/shop\/accesorios-cbd\/g-pen-dash-vaporizador-cbd\/#primaryimage\",\"url\":\"https:\/\/buddyboo.fr\/wp-content\/uploads\/2025\/10\/G-Pen-Dash-Vaporizer-1.jpg\",\"contentUrl\":\"https:\/\/buddyboo.fr\/wp-content\/uploads\/2025\/10\/G-Pen-Dash-Vaporizer-1.jpg\",\"width\":1000,\"height\":1000,\"caption\":\"Vaporizador G-Pen Dash BUDDY BOO \u2013 dise\u00f1o elegante, tama\u00f1o de bolsillo y potentes prestaciones.\"},{\"@type\":\"BreadcrumbList\",\"@id\":\"https:\/\/buddyboo.fr\/es\/shop\/accesorios-cbd\/g-pen-dash-vaporizador-cbd\/#breadcrumb\",\"itemListElement\":[{\"@type\":\"ListItem\",\"position\":1,\"name\":\"Accueil\",\"item\":\"https:\/\/buddyboo.fr\/es\/inicio\/\"},{\"@type\":\"ListItem\",\"position\":2,\"name\":\"Comprar CBD sin THC\",\"item\":\"https:\/\/buddyboo.fr\/es\/tienda\/\"},{\"@type\":\"ListItem\",\"position\":3,\"name\":\"Accesorios CBD\",\"item\":\"https:\/\/buddyboo.fr\/es\/categoria-producto\/accesorios-cbd\/\"},{\"@type\":\"ListItem\",\"position\":4,\"name\":\"G-PEN DASHVaporizador CBD\"}]},{\"@type\":\"WebSite\",\"@id\":\"https:\/\/buddyboo.fr\/es\/#website\",\"url\":\"https:\/\/buddyboo.fr\/es\/\",\"name\":\"BUDDY BOO\",\"description\":\"N\u00b01 DU CBD SANS THC\",\"publisher\":{\"@id\":\"https:\/\/buddyboo.fr\/es\/#organization\"},\"potentialAction\":[{\"@type\":\"SearchAction\",\"target\":{\"@type\":\"EntryPoint\",\"urlTemplate\":\"https:\/\/buddyboo.fr\/es\/?s={search_term_string}\"},\"query-input\":{\"@type\":\"PropertyValueSpecification\",\"valueRequired\":true,\"valueName\":\"search_term_string\"}}],\"inLanguage\":\"es\"},{\"@type\":\"Organization\",\"@id\":\"https:\/\/buddyboo.fr\/es\/#organization\",\"name\":\"BUDDY BOO\",\"url\":\"https:\/\/buddyboo.fr\/es\/\",\"logo\":{\"@type\":\"ImageObject\",\"inLanguage\":\"es\",\"@id\":\"https:\/\/buddyboo.fr\/es\/#\/schema\/logo\/image\/\",\"url\":\"https:\/\/buddyboo.fr\/wp-content\/uploads\/2024\/08\/logo-Buddy-Boo.svg\",\"contentUrl\":\"https:\/\/buddyboo.fr\/wp-content\/uploads\/2024\/08\/logo-Buddy-Boo.svg\",\"caption\":\"BUDDY BOO\"},\"image\":{\"@id\":\"https:\/\/buddyboo.fr\/es\/#\/schema\/logo\/image\/\"},\"sameAs\":[\"https:\/\/www.instagram.com\/buddyboo.jp\/\"]}]}<\/script>\n<!-- \/ Yoast SEO plugin. -->","yoast_head_json":{"title":"Vaporizador G-Pen Dash \u2013 Compacto, Potente & Elegante | BUDDY BOO","description":"Vaporizador G Pen Dash: ultracompacto, 3 temperaturas (190\/205\/220\u202f\u00b0C), boquilla magn\u00e9tica, pass-through. Rendimiento, discreci\u00f3n & estilo.","robots":{"index":"index","follow":"follow","max-snippet":"max-snippet:-1","max-image-preview":"max-image-preview:large","max-video-preview":"max-video-preview:-1"},"canonical":"https:\/\/buddyboo.fr\/es\/shop\/accesorios-cbd\/g-pen-dash-vaporizador-cbd\/","og_locale":"es_ES","og_type":"article","og_title":"Vaporizador G-Pen Dash \u2013 Compacto, Potente & Elegante | BUDDY BOO","og_description":"Vaporizador G Pen Dash: ultracompacto, 3 temperaturas (190\/205\/220\u202f\u00b0C), boquilla magn\u00e9tica, pass-through. Rendimiento, discreci\u00f3n & estilo.","og_url":"https:\/\/buddyboo.fr\/es\/shop\/accesorios-cbd\/g-pen-dash-vaporizador-cbd\/","og_site_name":"BUDDY BOO","article_modified_time":"2026-02-25T12:41:59+00:00","og_image":[{"width":1000,"height":1000,"url":"https:\/\/buddyboo.fr\/wp-content\/uploads\/2025\/10\/G-Pen-Dash-Vaporizer-1.jpg","type":"image\/jpeg"}],"twitter_card":"summary_large_image","twitter_misc":{"Tiempo de lectura":"1 minuto"},"schema":{"@context":"https:\/\/schema.org","@graph":[{"@type":"WebPage","@id":"https:\/\/buddyboo.fr\/es\/shop\/accesorios-cbd\/g-pen-dash-vaporizador-cbd\/","url":"https:\/\/buddyboo.fr\/es\/shop\/accesorios-cbd\/g-pen-dash-vaporizador-cbd\/","name":"Vaporizador G-Pen Dash \u2013 Compacto, Potente & Elegante | BUDDY BOO","isPartOf":{"@id":"https:\/\/buddyboo.fr\/es\/#website"},"primaryImageOfPage":{"@id":"https:\/\/buddyboo.fr\/es\/shop\/accesorios-cbd\/g-pen-dash-vaporizador-cbd\/#primaryimage"},"image":{"@id":"https:\/\/buddyboo.fr\/es\/shop\/accesorios-cbd\/g-pen-dash-vaporizador-cbd\/#primaryimage"},"thumbnailUrl":"https:\/\/buddyboo.fr\/wp-content\/uploads\/2025\/10\/G-Pen-Dash-Vaporizer-1.jpg","datePublished":"2025-10-15T18:47:45+00:00","dateModified":"2026-02-25T12:41:59+00:00","description":"Vaporizador G Pen Dash: ultracompacto, 3 temperaturas (190\/205\/220\u202f\u00b0C), boquilla magn\u00e9tica, pass-through. Rendimiento, discreci\u00f3n & estilo.","breadcrumb":{"@id":"https:\/\/buddyboo.fr\/es\/shop\/accesorios-cbd\/g-pen-dash-vaporizador-cbd\/#breadcrumb"},"inLanguage":"es","potentialAction":[{"@type":"ReadAction","target":["https:\/\/buddyboo.fr\/es\/shop\/accesorios-cbd\/g-pen-dash-vaporizador-cbd\/"]}]},{"@type":"ImageObject","inLanguage":"es","@id":"https:\/\/buddyboo.fr\/es\/shop\/accesorios-cbd\/g-pen-dash-vaporizador-cbd\/#primaryimage","url":"https:\/\/buddyboo.fr\/wp-content\/uploads\/2025\/10\/G-Pen-Dash-Vaporizer-1.jpg","contentUrl":"https:\/\/buddyboo.fr\/wp-content\/uploads\/2025\/10\/G-Pen-Dash-Vaporizer-1.jpg","width":1000,"height":1000,"caption":"Vaporizador G-Pen Dash BUDDY BOO \u2013 dise\u00f1o elegante, tama\u00f1o de bolsillo y potentes prestaciones."},{"@type":"BreadcrumbList","@id":"https:\/\/buddyboo.fr\/es\/shop\/accesorios-cbd\/g-pen-dash-vaporizador-cbd\/#breadcrumb","itemListElement":[{"@type":"ListItem","position":1,"name":"Accueil","item":"https:\/\/buddyboo.fr\/es\/inicio\/"},{"@type":"ListItem","position":2,"name":"Comprar CBD sin THC","item":"https:\/\/buddyboo.fr\/es\/tienda\/"},{"@type":"ListItem","position":3,"name":"Accesorios CBD","item":"https:\/\/buddyboo.fr\/es\/categoria-producto\/accesorios-cbd\/"},{"@type":"ListItem","position":4,"name":"G-PEN DASHVaporizador CBD"}]},{"@type":"WebSite","@id":"https:\/\/buddyboo.fr\/es\/#website","url":"https:\/\/buddyboo.fr\/es\/","name":"BUDDY BOO","description":"N\u00b01 DU CBD SANS THC","publisher":{"@id":"https:\/\/buddyboo.fr\/es\/#organization"},"potentialAction":[{"@type":"SearchAction","target":{"@type":"EntryPoint","urlTemplate":"https:\/\/buddyboo.fr\/es\/?s={search_term_string}"},"query-input":{"@type":"PropertyValueSpecification","valueRequired":true,"valueName":"search_term_string"}}],"inLanguage":"es"},{"@type":"Organization","@id":"https:\/\/buddyboo.fr\/es\/#organization","name":"BUDDY BOO","url":"https:\/\/buddyboo.fr\/es\/","logo":{"@type":"ImageObject","inLanguage":"es","@id":"https:\/\/buddyboo.fr\/es\/#\/schema\/logo\/image\/","url":"https:\/\/buddyboo.fr\/wp-content\/uploads\/2024\/08\/logo-Buddy-Boo.svg","contentUrl":"https:\/\/buddyboo.fr\/wp-content\/uploads\/2024\/08\/logo-Buddy-Boo.svg","caption":"BUDDY BOO"},"image":{"@id":"https:\/\/buddyboo.fr\/es\/#\/schema\/logo\/image\/"},"sameAs":["https:\/\/www.instagram.com\/buddyboo.jp\/"]}]}},"jetpack_sharing_enabled":true,"_links":{"self":[{"href":"https:\/\/buddyboo.fr\/es\/wp-json\/wp\/v2\/product\/13776","targetHints":{"allow":["GET"]}}],"collection":[{"href":"https:\/\/buddyboo.fr\/es\/wp-json\/wp\/v2\/product"}],"about":[{"href":"https:\/\/buddyboo.fr\/es\/wp-json\/wp\/v2\/types\/product"}],"replies":[{"embeddable":true,"href":"https:\/\/buddyboo.fr\/es\/wp-json\/wp\/v2\/comments?post=13776"}],"wp:featuredmedia":[{"embeddable":true,"href":"https:\/\/buddyboo.fr\/es\/wp-json\/wp\/v2\/media\/13777"}],"wp:attachment":[{"href":"https:\/\/buddyboo.fr\/es\/wp-json\/wp\/v2\/media?parent=13776"}],"wp:term":[{"taxonomy":"product_brand","embeddable":true,"href":"https:\/\/buddyboo.fr\/es\/wp-json\/wp\/v2\/product_brand?post=13776"},{"taxonomy":"product_cat","embeddable":true,"href":"https:\/\/buddyboo.fr\/es\/wp-json\/wp\/v2\/product_cat?post=13776"},{"taxonomy":"product_tag","embeddable":true,"href":"https:\/\/buddyboo.fr\/es\/wp-json\/wp\/v2\/product_tag?post=13776"},{"taxonomy":"bienfaits","embeddable":true,"href":"https:\/\/buddyboo.fr\/es\/wp-json\/wp\/v2\/bienfaits?post=13776"}],"curies":[{"name":"wp","href":"https:\/\/api.w.org\/{rel}","templated":true}]}}