{"id":13739,"date":"2025-11-04T12:00:10","date_gmt":"2025-11-04T11:00:10","guid":{"rendered":"https:\/\/buddyboo.fr\/shop\/sin%20categor\u00eda\/silver-haze\/"},"modified":"2026-04-04T14:26:15","modified_gmt":"2026-04-04T12:26:15","slug":"silver-haze","status":"publish","type":"product","link":"https:\/\/buddyboo.fr\/es\/shop\/flores-hpc-sin-thc\/silver-haze\/","title":{"rendered":"SILVER HAZE"},"content":{"rendered":"<p>Sabor: <strong>Terroso \u2022 Especiado \u2022 C\u00edtrico<\/strong><br \/>\n<br \/>CBG: <strong>15%<\/strong><br \/>\n<br \/>HPC: <strong>25%<\/strong><br \/>\n<br \/>THC: <strong>0%<\/strong><br \/>\n<br \/>Cultivo: <strong>Indoor Premium (Suiza)<\/strong><br \/>\n<br \/>Gen\u00e9tica: <strong>Dominancia Sativa<\/strong><\/p>\n","protected":false},"excerpt":{"rendered":"<p>Flor Silver Haze HPC sin THC: sinergia HPC\/CBG al 40%. Gen\u00e9tica Sativa 80% con aromas c\u00edtricos. Efectos intensos para expertos. Desc\u00fabrala.   <\/p>\n","protected":false},"featured_media":13740,"comment_status":"open","ping_status":"closed","template":"","meta":[],"product_brand":[],"product_cat":[262],"product_tag":[],"bienfaits":[254,255,257],"class_list":{"0":"post-13739","1":"product","2":"type-product","3":"status-publish","4":"has-post-thumbnail","6":"product_cat-flores-hpc-sin-thc","7":"bienfaits-aumenta-la-concentracion","8":"bienfaits-devuelve-la-energia","9":"bienfaits-estimula-las-emociones-positivas","11":"first","12":"instock","13":"taxable","14":"shipping-taxable","15":"purchasable","16":"product-type-variable"},"yoast_head":"<!-- This site is optimized with the Yoast SEO plugin v27.2 - https:\/\/yoast.com\/product\/yoast-seo-wordpress\/ -->\n<title>Silver Haze HPC sin THC 25% \u2013 Flor Indoor premium (0,00%) | BUDDY BOO<\/title>\n<meta name=\"description\" content=\"Flor Silver Haze HPC sin THC: sinergia HPC\/CBG al 40%. Gen\u00e9tica Sativa 80% con aromas c\u00edtricos. Efectos intensos para expertos. Desc\u00fabrala.\" \/>\n<meta name=\"robots\" content=\"index, follow, max-snippet:-1, max-image-preview:large, max-video-preview:-1\" \/>\n<link rel=\"canonical\" href=\"https:\/\/buddyboo.fr\/es\/shop\/flores-hpc-sin-thc\/silver-haze\/\" \/>\n<meta property=\"og:locale\" content=\"es_ES\" \/>\n<meta property=\"og:type\" content=\"article\" \/>\n<meta property=\"og:title\" content=\"Silver Haze HPC sin THC 25% \u2013 Flor Indoor premium (0,00%) | BUDDY BOO\" \/>\n<meta property=\"og:description\" content=\"Flor Silver Haze HPC sin THC: sinergia HPC\/CBG al 40%. Gen\u00e9tica Sativa 80% con aromas c\u00edtricos. Efectos intensos para expertos. Desc\u00fabrala.\" \/>\n<meta property=\"og:url\" content=\"https:\/\/buddyboo.fr\/es\/shop\/flores-hpc-sin-thc\/silver-haze\/\" \/>\n<meta property=\"og:site_name\" content=\"BUDDY BOO\" \/>\n<meta property=\"article:modified_time\" content=\"2026-04-04T12:26:15+00:00\" \/>\n<meta property=\"og:image\" content=\"https:\/\/buddyboo.fr\/wp-content\/uploads\/2025\/11\/Silver-Haze-HPC-\u2013-Fleur-de-CBD-Extra-Forte-0-THC-BUDDY-BOO-1.jpg\" \/>\n\t<meta property=\"og:image:width\" content=\"1080\" \/>\n\t<meta property=\"og:image:height\" content=\"1350\" \/>\n\t<meta property=\"og:image:type\" content=\"image\/jpeg\" \/>\n<meta name=\"twitter:card\" content=\"summary_large_image\" \/>\n<script type=\"application\/ld+json\" class=\"yoast-schema-graph\">{\"@context\":\"https:\/\/schema.org\",\"@graph\":[{\"@type\":\"WebPage\",\"@id\":\"https:\/\/buddyboo.fr\/es\/shop\/flores-hpc-sin-thc\/silver-haze\/\",\"url\":\"https:\/\/buddyboo.fr\/es\/shop\/flores-hpc-sin-thc\/silver-haze\/\",\"name\":\"Silver Haze HPC sin THC 25% \u2013 Flor Indoor premium (0,00%) | BUDDY BOO\",\"isPartOf\":{\"@id\":\"https:\/\/buddyboo.fr\/es\/#website\"},\"primaryImageOfPage\":{\"@id\":\"https:\/\/buddyboo.fr\/es\/shop\/flores-hpc-sin-thc\/silver-haze\/#primaryimage\"},\"image\":{\"@id\":\"https:\/\/buddyboo.fr\/es\/shop\/flores-hpc-sin-thc\/silver-haze\/#primaryimage\"},\"thumbnailUrl\":\"https:\/\/buddyboo.fr\/wp-content\/uploads\/2025\/11\/Silver-Haze-HPC-\u2013-Fleur-de-CBD-Extra-Forte-0-THC-BUDDY-BOO-1.jpg\",\"datePublished\":\"2025-11-04T11:00:10+00:00\",\"dateModified\":\"2026-04-04T12:26:15+00:00\",\"description\":\"Flor Silver Haze HPC sin THC: sinergia HPC\/CBG al 40%. Gen\u00e9tica Sativa 80% con aromas c\u00edtricos. Efectos intensos para expertos. Desc\u00fabrala.\",\"breadcrumb\":{\"@id\":\"https:\/\/buddyboo.fr\/es\/shop\/flores-hpc-sin-thc\/silver-haze\/#breadcrumb\"},\"inLanguage\":\"es\",\"potentialAction\":[{\"@type\":\"ReadAction\",\"target\":[\"https:\/\/buddyboo.fr\/es\/shop\/flores-hpc-sin-thc\/silver-haze\/\"]}]},{\"@type\":\"ImageObject\",\"inLanguage\":\"es\",\"@id\":\"https:\/\/buddyboo.fr\/es\/shop\/flores-hpc-sin-thc\/silver-haze\/#primaryimage\",\"url\":\"https:\/\/buddyboo.fr\/wp-content\/uploads\/2025\/11\/Silver-Haze-HPC-\u2013-Fleur-de-CBD-Extra-Forte-0-THC-BUDDY-BOO-1.jpg\",\"contentUrl\":\"https:\/\/buddyboo.fr\/wp-content\/uploads\/2025\/11\/Silver-Haze-HPC-\u2013-Fleur-de-CBD-Extra-Forte-0-THC-BUDDY-BOO-1.jpg\",\"width\":1080,\"height\":1350,\"caption\":\"Silver Haze HPC de BUDDY BOO \u2013 una flor extra fuerte 0% THC, con efectos intensos y seguros.\"},{\"@type\":\"BreadcrumbList\",\"@id\":\"https:\/\/buddyboo.fr\/es\/shop\/flores-hpc-sin-thc\/silver-haze\/#breadcrumb\",\"itemListElement\":[{\"@type\":\"ListItem\",\"position\":1,\"name\":\"Accueil\",\"item\":\"https:\/\/buddyboo.fr\/es\/inicio\/\"},{\"@type\":\"ListItem\",\"position\":2,\"name\":\"Comprar CBD sin THC\",\"item\":\"https:\/\/buddyboo.fr\/es\/tienda\/\"},{\"@type\":\"ListItem\",\"position\":3,\"name\":\"Flores HPC sin THC\",\"item\":\"https:\/\/buddyboo.fr\/es\/categoria-producto\/flores-hpc-sin-thc\/\"},{\"@type\":\"ListItem\",\"position\":4,\"name\":\"SILVER HAZE\"}]},{\"@type\":\"WebSite\",\"@id\":\"https:\/\/buddyboo.fr\/es\/#website\",\"url\":\"https:\/\/buddyboo.fr\/es\/\",\"name\":\"BUDDY BOO\",\"description\":\"N\u00b01 DU CBD SANS THC\",\"publisher\":{\"@id\":\"https:\/\/buddyboo.fr\/es\/#organization\"},\"potentialAction\":[{\"@type\":\"SearchAction\",\"target\":{\"@type\":\"EntryPoint\",\"urlTemplate\":\"https:\/\/buddyboo.fr\/es\/?s={search_term_string}\"},\"query-input\":{\"@type\":\"PropertyValueSpecification\",\"valueRequired\":true,\"valueName\":\"search_term_string\"}}],\"inLanguage\":\"es\"},{\"@type\":\"Organization\",\"@id\":\"https:\/\/buddyboo.fr\/es\/#organization\",\"name\":\"BUDDY BOO\",\"url\":\"https:\/\/buddyboo.fr\/es\/\",\"logo\":{\"@type\":\"ImageObject\",\"inLanguage\":\"es\",\"@id\":\"https:\/\/buddyboo.fr\/es\/#\/schema\/logo\/image\/\",\"url\":\"https:\/\/buddyboo.fr\/wp-content\/uploads\/2024\/08\/logo-Buddy-Boo.svg\",\"contentUrl\":\"https:\/\/buddyboo.fr\/wp-content\/uploads\/2024\/08\/logo-Buddy-Boo.svg\",\"caption\":\"BUDDY BOO\"},\"image\":{\"@id\":\"https:\/\/buddyboo.fr\/es\/#\/schema\/logo\/image\/\"},\"sameAs\":[\"https:\/\/www.instagram.com\/buddyboo.jp\/\"]}]}<\/script>\n<!-- \/ Yoast SEO plugin. -->","yoast_head_json":{"title":"Silver Haze HPC sin THC 25% \u2013 Flor Indoor premium (0,00%) | BUDDY BOO","description":"Flor Silver Haze HPC sin THC: sinergia HPC\/CBG al 40%. Gen\u00e9tica Sativa 80% con aromas c\u00edtricos. Efectos intensos para expertos. Desc\u00fabrala.","robots":{"index":"index","follow":"follow","max-snippet":"max-snippet:-1","max-image-preview":"max-image-preview:large","max-video-preview":"max-video-preview:-1"},"canonical":"https:\/\/buddyboo.fr\/es\/shop\/flores-hpc-sin-thc\/silver-haze\/","og_locale":"es_ES","og_type":"article","og_title":"Silver Haze HPC sin THC 25% \u2013 Flor Indoor premium (0,00%) | BUDDY BOO","og_description":"Flor Silver Haze HPC sin THC: sinergia HPC\/CBG al 40%. Gen\u00e9tica Sativa 80% con aromas c\u00edtricos. Efectos intensos para expertos. Desc\u00fabrala.","og_url":"https:\/\/buddyboo.fr\/es\/shop\/flores-hpc-sin-thc\/silver-haze\/","og_site_name":"BUDDY BOO","article_modified_time":"2026-04-04T12:26:15+00:00","og_image":[{"width":1080,"height":1350,"url":"https:\/\/buddyboo.fr\/wp-content\/uploads\/2025\/11\/Silver-Haze-HPC-\u2013-Fleur-de-CBD-Extra-Forte-0-THC-BUDDY-BOO-1.jpg","type":"image\/jpeg"}],"twitter_card":"summary_large_image","schema":{"@context":"https:\/\/schema.org","@graph":[{"@type":"WebPage","@id":"https:\/\/buddyboo.fr\/es\/shop\/flores-hpc-sin-thc\/silver-haze\/","url":"https:\/\/buddyboo.fr\/es\/shop\/flores-hpc-sin-thc\/silver-haze\/","name":"Silver Haze HPC sin THC 25% \u2013 Flor Indoor premium (0,00%) | BUDDY BOO","isPartOf":{"@id":"https:\/\/buddyboo.fr\/es\/#website"},"primaryImageOfPage":{"@id":"https:\/\/buddyboo.fr\/es\/shop\/flores-hpc-sin-thc\/silver-haze\/#primaryimage"},"image":{"@id":"https:\/\/buddyboo.fr\/es\/shop\/flores-hpc-sin-thc\/silver-haze\/#primaryimage"},"thumbnailUrl":"https:\/\/buddyboo.fr\/wp-content\/uploads\/2025\/11\/Silver-Haze-HPC-\u2013-Fleur-de-CBD-Extra-Forte-0-THC-BUDDY-BOO-1.jpg","datePublished":"2025-11-04T11:00:10+00:00","dateModified":"2026-04-04T12:26:15+00:00","description":"Flor Silver Haze HPC sin THC: sinergia HPC\/CBG al 40%. Gen\u00e9tica Sativa 80% con aromas c\u00edtricos. Efectos intensos para expertos. Desc\u00fabrala.","breadcrumb":{"@id":"https:\/\/buddyboo.fr\/es\/shop\/flores-hpc-sin-thc\/silver-haze\/#breadcrumb"},"inLanguage":"es","potentialAction":[{"@type":"ReadAction","target":["https:\/\/buddyboo.fr\/es\/shop\/flores-hpc-sin-thc\/silver-haze\/"]}]},{"@type":"ImageObject","inLanguage":"es","@id":"https:\/\/buddyboo.fr\/es\/shop\/flores-hpc-sin-thc\/silver-haze\/#primaryimage","url":"https:\/\/buddyboo.fr\/wp-content\/uploads\/2025\/11\/Silver-Haze-HPC-\u2013-Fleur-de-CBD-Extra-Forte-0-THC-BUDDY-BOO-1.jpg","contentUrl":"https:\/\/buddyboo.fr\/wp-content\/uploads\/2025\/11\/Silver-Haze-HPC-\u2013-Fleur-de-CBD-Extra-Forte-0-THC-BUDDY-BOO-1.jpg","width":1080,"height":1350,"caption":"Silver Haze HPC de BUDDY BOO \u2013 una flor extra fuerte 0% THC, con efectos intensos y seguros."},{"@type":"BreadcrumbList","@id":"https:\/\/buddyboo.fr\/es\/shop\/flores-hpc-sin-thc\/silver-haze\/#breadcrumb","itemListElement":[{"@type":"ListItem","position":1,"name":"Accueil","item":"https:\/\/buddyboo.fr\/es\/inicio\/"},{"@type":"ListItem","position":2,"name":"Comprar CBD sin THC","item":"https:\/\/buddyboo.fr\/es\/tienda\/"},{"@type":"ListItem","position":3,"name":"Flores HPC sin THC","item":"https:\/\/buddyboo.fr\/es\/categoria-producto\/flores-hpc-sin-thc\/"},{"@type":"ListItem","position":4,"name":"SILVER HAZE"}]},{"@type":"WebSite","@id":"https:\/\/buddyboo.fr\/es\/#website","url":"https:\/\/buddyboo.fr\/es\/","name":"BUDDY BOO","description":"N\u00b01 DU CBD SANS THC","publisher":{"@id":"https:\/\/buddyboo.fr\/es\/#organization"},"potentialAction":[{"@type":"SearchAction","target":{"@type":"EntryPoint","urlTemplate":"https:\/\/buddyboo.fr\/es\/?s={search_term_string}"},"query-input":{"@type":"PropertyValueSpecification","valueRequired":true,"valueName":"search_term_string"}}],"inLanguage":"es"},{"@type":"Organization","@id":"https:\/\/buddyboo.fr\/es\/#organization","name":"BUDDY BOO","url":"https:\/\/buddyboo.fr\/es\/","logo":{"@type":"ImageObject","inLanguage":"es","@id":"https:\/\/buddyboo.fr\/es\/#\/schema\/logo\/image\/","url":"https:\/\/buddyboo.fr\/wp-content\/uploads\/2024\/08\/logo-Buddy-Boo.svg","contentUrl":"https:\/\/buddyboo.fr\/wp-content\/uploads\/2024\/08\/logo-Buddy-Boo.svg","caption":"BUDDY BOO"},"image":{"@id":"https:\/\/buddyboo.fr\/es\/#\/schema\/logo\/image\/"},"sameAs":["https:\/\/www.instagram.com\/buddyboo.jp\/"]}]}},"jetpack_sharing_enabled":true,"_links":{"self":[{"href":"https:\/\/buddyboo.fr\/es\/wp-json\/wp\/v2\/product\/13739","targetHints":{"allow":["GET"]}}],"collection":[{"href":"https:\/\/buddyboo.fr\/es\/wp-json\/wp\/v2\/product"}],"about":[{"href":"https:\/\/buddyboo.fr\/es\/wp-json\/wp\/v2\/types\/product"}],"replies":[{"embeddable":true,"href":"https:\/\/buddyboo.fr\/es\/wp-json\/wp\/v2\/comments?post=13739"}],"wp:featuredmedia":[{"embeddable":true,"href":"https:\/\/buddyboo.fr\/es\/wp-json\/wp\/v2\/media\/13740"}],"wp:attachment":[{"href":"https:\/\/buddyboo.fr\/es\/wp-json\/wp\/v2\/media?parent=13739"}],"wp:term":[{"taxonomy":"product_brand","embeddable":true,"href":"https:\/\/buddyboo.fr\/es\/wp-json\/wp\/v2\/product_brand?post=13739"},{"taxonomy":"product_cat","embeddable":true,"href":"https:\/\/buddyboo.fr\/es\/wp-json\/wp\/v2\/product_cat?post=13739"},{"taxonomy":"product_tag","embeddable":true,"href":"https:\/\/buddyboo.fr\/es\/wp-json\/wp\/v2\/product_tag?post=13739"},{"taxonomy":"bienfaits","embeddable":true,"href":"https:\/\/buddyboo.fr\/es\/wp-json\/wp\/v2\/bienfaits?post=13739"}],"curies":[{"name":"wp","href":"https:\/\/api.w.org\/{rel}","templated":true}]}}