{"id":13447,"date":"2021-08-23T02:10:02","date_gmt":"2021-08-23T00:10:02","guid":{"rendered":"https:\/\/buddyboo.fr\/acerca-de\/"},"modified":"2026-02-24T13:41:45","modified_gmt":"2026-02-24T12:41:45","slug":"acerca-de","status":"publish","type":"page","link":"https:\/\/buddyboo.fr\/es\/acerca-de\/","title":{"rendered":"Acerca de"},"content":{"rendered":"\t\t<div data-elementor-type=\"wp-page\" data-elementor-id=\"13447\" class=\"elementor elementor-13447 elementor-381\" data-elementor-post-type=\"page\">\n\t\t\t\t<div class=\"elementor-element elementor-element-22aac06 e-flex e-con-boxed e-con e-parent\" data-id=\"22aac06\" data-element_type=\"container\" data-e-type=\"container\">\n\t\t\t\t\t<div class=\"e-con-inner\">\n\t\t\t\t<div class=\"elementor-element elementor-element-c048a98 elementor-widget__width-inherit elementor-widget elementor-widget-heading\" data-id=\"c048a98\" data-element_type=\"widget\" data-e-type=\"widget\" data-widget_type=\"heading.default\">\n\t\t\t\t\t<h1 class=\"elementor-heading-title elementor-size-default\">ACERCA DE <span class=\"purple-text2\">NOSOTROS<\/span><\/h1>\t\t\t\t<\/div>\n\t\t<div class=\"elementor-element elementor-element-23c5d56 e-con-full e-flex e-con e-child\" data-id=\"23c5d56\" data-element_type=\"container\" data-e-type=\"container\" data-settings=\"{&quot;background_background&quot;:&quot;classic&quot;,&quot;background_motion_fx_motion_fx_scrolling&quot;:&quot;yes&quot;,&quot;background_motion_fx_translateY_effect&quot;:&quot;yes&quot;,&quot;background_motion_fx_translateY_direction&quot;:&quot;negative&quot;,&quot;background_motion_fx_translateY_speed&quot;:{&quot;unit&quot;:&quot;px&quot;,&quot;size&quot;:1,&quot;sizes&quot;:[]},&quot;background_motion_fx_translateY_affectedRange&quot;:{&quot;unit&quot;:&quot;%&quot;,&quot;size&quot;:&quot;&quot;,&quot;sizes&quot;:{&quot;start&quot;:0,&quot;end&quot;:100}},&quot;background_motion_fx_devices&quot;:[&quot;desktop&quot;,&quot;tablet&quot;,&quot;mobile&quot;]}\">\n\t\t\t\t<\/div>\n\t\t\t\t<div class=\"elementor-element elementor-element-f3f03b0 elementor-widget__width-initial big-h2 elementor-widget elementor-widget-text-editor\" data-id=\"f3f03b0\" data-element_type=\"widget\" data-e-type=\"widget\" data-widget_type=\"text-editor.default\">\n\t\t\t\t\t\t\t\t\t<h2>La aventura<\/h2>\n<p>Estaba harto del THC y de sus efectos psicoactivos. A mi alrededor, mis seres queridos tem\u00edan por su carn\u00e9 con cada porro. Fue entonces cuando descubr\u00ed el poder del CBD. Con Buddy Boo, quise crear una alternativa limpia, con estilo y de m\u00e1xima calidad. Una marca pensada para disfrutar sin riesgos, con total libertad. Descubra c\u00f3mo empez\u00f3 todo     <\/p>\t\t\t\t\t\t\t\t<\/div>\n\t\t\t\t\t<\/div>\n\t\t\t\t<\/div>\n\t\t<div class=\"elementor-element elementor-element-93b138d e-flex e-con-boxed e-con e-parent\" data-id=\"93b138d\" data-element_type=\"container\" data-e-type=\"container\" data-settings=\"{&quot;background_background&quot;:&quot;classic&quot;}\">\n\t\t\t\t\t<div class=\"e-con-inner\">\n\t\t\t\t<div class=\"elementor-element elementor-element-f005805 elementor-widget__width-initial elementor-widget-mobile__width-inherit h2-white elementor-widget-tablet__width-inherit elementor-widget elementor-widget-text-editor\" data-id=\"f005805\" data-element_type=\"widget\" data-e-type=\"widget\" data-widget_type=\"text-editor.default\">\n\t\t\t\t\t\t\t\t\t<h2>El concepto<\/h2>\nRompemos los c\u00f3digos del CBD convencional. Se acabaron las bolsas feas y los productos dudosos. Buddy Boo es c\u00e1\u00f1amo de alta gama, seleccionado con cuidado, dise\u00f1ado con amor.\nApostamos por la transparencia, la calidad y el disfrute. Productos que hacen bien al cuerpo, a la mente&#8230; y a su estilo de vida. Ya sea en modo relajaci\u00f3n, concentraci\u00f3n o recuperaci\u00f3n, tenemos lo que necesita.\nTodo ello, 100% legal, 0% THC. Simple, limpio, eficaz.     \t\t\t\t\t\t\t\t<\/div>\n\t\t\t\t\t<\/div>\n\t\t\t\t<\/div>\n\t\t<div class=\"elementor-element elementor-element-aae6407 e-flex e-con-boxed e-con e-parent\" data-id=\"aae6407\" data-element_type=\"container\" data-e-type=\"container\">\n\t\t\t\t\t<div class=\"e-con-inner\">\n\t\t\t\t<div class=\"elementor-element elementor-element-777709d elementor-widget__width-initial big-h2 elementor-widget elementor-widget-text-editor\" data-id=\"777709d\" data-element_type=\"widget\" data-e-type=\"widget\" data-widget_type=\"text-editor.default\">\n\t\t\t\t\t\t\t\t\t<h2>El universo<\/h2><p>Bienvenido al universo Buddy Boo: un mundo donde el bienestar rima con estilo.<br>Aqu\u00ed, el CBD no es solo un producto,<br>es un arte de vivir.<br>Dise\u00f1o cuidado, vibras relajadas, esp\u00edritu libre. Nos inspiramos en el streetwear, la cultura pop y un estilo de vida asumido: sano, cool y sin compromisos.<br>Cada detalle cuenta: desde nuestros envases hasta nuestra comunicaci\u00f3n, rompemos los clich\u00e9s del c\u00e1\u00f1amo para crear una marca \u00fanica que se parece a usted. <\/p>\t\t\t\t\t\t\t\t<\/div>\n\t\t<div class=\"elementor-element elementor-element-f8ddd26 e-con-full e-flex e-con e-child\" data-id=\"f8ddd26\" data-element_type=\"container\" data-e-type=\"container\" data-settings=\"{&quot;background_background&quot;:&quot;classic&quot;,&quot;background_motion_fx_motion_fx_scrolling&quot;:&quot;yes&quot;,&quot;background_motion_fx_translateY_effect&quot;:&quot;yes&quot;,&quot;background_motion_fx_translateY_speed&quot;:{&quot;unit&quot;:&quot;px&quot;,&quot;size&quot;:1,&quot;sizes&quot;:[]},&quot;background_motion_fx_translateY_affectedRange&quot;:{&quot;unit&quot;:&quot;%&quot;,&quot;size&quot;:&quot;&quot;,&quot;sizes&quot;:{&quot;start&quot;:0,&quot;end&quot;:100}},&quot;background_motion_fx_devices&quot;:[&quot;desktop&quot;,&quot;tablet&quot;,&quot;mobile&quot;]}\">\n\t\t\t\t<\/div>\n\t\t\t\t\t<\/div>\n\t\t\t\t<\/div>\n\t\t\t\t<\/div>\n\t\t","protected":false},"excerpt":{"rendered":"<p>ACERCA DE NOSOTROS La aventura Estaba harto del THC y de sus efectos psicoactivos. A mi alrededor, mis seres queridos tem\u00edan por su carn\u00e9 con cada porro. Fue entonces cuando descubr\u00ed el poder del CBD. Con Buddy Boo, quise crear una alternativa limpia, con estilo y de m\u00e1xima calidad. Una marca pensada para disfrutar sin [&hellip;]<\/p>\n","protected":false},"author":1,"featured_media":15202,"parent":0,"menu_order":0,"comment_status":"closed","ping_status":"closed","template":"elementor_header_footer","meta":{"footnotes":""},"class_list":["post-13447","page","type-page","status-publish","has-post-thumbnail","hentry"],"yoast_head":"<!-- This site is optimized with the Yoast SEO plugin v27.2 - https:\/\/yoast.com\/product\/yoast-seo-wordpress\/ -->\n<title>Descubra BUDDY BOO y su historia en torno al CBD sin THC<\/title>\n<meta name=\"description\" content=\"La aventura de Buddy Boo comenz\u00f3 en 2019 con las primeras investigaciones para crear productos a base de CBD con 0% de THC, para permi...\" \/>\n<meta name=\"robots\" content=\"index, follow, max-snippet:-1, max-image-preview:large, max-video-preview:-1\" \/>\n<link rel=\"canonical\" href=\"https:\/\/buddyboo.fr\/es\/acerca-de\/\" \/>\n<meta property=\"og:locale\" content=\"es_ES\" \/>\n<meta property=\"og:type\" content=\"article\" \/>\n<meta property=\"og:title\" content=\"Descubra BUDDY BOO y su historia en torno al CBD sin THC\" \/>\n<meta property=\"og:description\" content=\"La aventura de Buddy Boo comenz\u00f3 en 2019 con las primeras investigaciones para crear productos a base de CBD con 0% de THC, para permi...\" \/>\n<meta property=\"og:url\" content=\"https:\/\/buddyboo.fr\/es\/acerca-de\/\" \/>\n<meta property=\"og:site_name\" content=\"BUDDY BOO\" \/>\n<meta property=\"article:modified_time\" content=\"2026-02-24T12:41:45+00:00\" \/>\n<meta property=\"og:image\" content=\"https:\/\/buddyboo.fr\/wp-content\/uploads\/2026\/02\/featured-image-buddyboo.jpg\" \/>\n\t<meta property=\"og:image:width\" content=\"1200\" \/>\n\t<meta property=\"og:image:height\" content=\"628\" \/>\n\t<meta property=\"og:image:type\" content=\"image\/jpeg\" \/>\n<meta name=\"twitter:card\" content=\"summary_large_image\" \/>\n<meta name=\"twitter:label1\" content=\"Tiempo de lectura\" \/>\n\t<meta name=\"twitter:data1\" content=\"1 minuto\" \/>\n<script type=\"application\/ld+json\" class=\"yoast-schema-graph\">{\"@context\":\"https:\/\/schema.org\",\"@graph\":[{\"@type\":\"WebPage\",\"@id\":\"https:\/\/buddyboo.fr\/es\/acerca-de\/\",\"url\":\"https:\/\/buddyboo.fr\/es\/acerca-de\/\",\"name\":\"Descubra BUDDY BOO y su historia en torno al CBD sin THC\",\"isPartOf\":{\"@id\":\"https:\/\/buddyboo.fr\/es\/#website\"},\"primaryImageOfPage\":{\"@id\":\"https:\/\/buddyboo.fr\/es\/acerca-de\/#primaryimage\"},\"image\":{\"@id\":\"https:\/\/buddyboo.fr\/es\/acerca-de\/#primaryimage\"},\"thumbnailUrl\":\"https:\/\/buddyboo.fr\/wp-content\/uploads\/2026\/02\/featured-image-buddyboo.jpg\",\"datePublished\":\"2021-08-23T00:10:02+00:00\",\"dateModified\":\"2026-02-24T12:41:45+00:00\",\"description\":\"La aventura de Buddy Boo comenz\u00f3 en 2019 con las primeras investigaciones para crear productos a base de CBD con 0% de THC, para permi...\",\"breadcrumb\":{\"@id\":\"https:\/\/buddyboo.fr\/es\/acerca-de\/#breadcrumb\"},\"inLanguage\":\"es\",\"potentialAction\":[{\"@type\":\"ReadAction\",\"target\":[\"https:\/\/buddyboo.fr\/es\/acerca-de\/\"]}]},{\"@type\":\"ImageObject\",\"inLanguage\":\"es\",\"@id\":\"https:\/\/buddyboo.fr\/es\/acerca-de\/#primaryimage\",\"url\":\"https:\/\/buddyboo.fr\/wp-content\/uploads\/2026\/02\/featured-image-buddyboo.jpg\",\"contentUrl\":\"https:\/\/buddyboo.fr\/wp-content\/uploads\/2026\/02\/featured-image-buddyboo.jpg\",\"width\":1200,\"height\":628},{\"@type\":\"BreadcrumbList\",\"@id\":\"https:\/\/buddyboo.fr\/es\/acerca-de\/#breadcrumb\",\"itemListElement\":[{\"@type\":\"ListItem\",\"position\":1,\"name\":\"Accueil\",\"item\":\"https:\/\/buddyboo.fr\/es\/inicio\/\"},{\"@type\":\"ListItem\",\"position\":2,\"name\":\"Acerca de\"}]},{\"@type\":\"WebSite\",\"@id\":\"https:\/\/buddyboo.fr\/es\/#website\",\"url\":\"https:\/\/buddyboo.fr\/es\/\",\"name\":\"BUDDY BOO\",\"description\":\"N\u00b01 DU CBD SANS THC\",\"publisher\":{\"@id\":\"https:\/\/buddyboo.fr\/es\/#organization\"},\"potentialAction\":[{\"@type\":\"SearchAction\",\"target\":{\"@type\":\"EntryPoint\",\"urlTemplate\":\"https:\/\/buddyboo.fr\/es\/?s={search_term_string}\"},\"query-input\":{\"@type\":\"PropertyValueSpecification\",\"valueRequired\":true,\"valueName\":\"search_term_string\"}}],\"inLanguage\":\"es\"},{\"@type\":\"Organization\",\"@id\":\"https:\/\/buddyboo.fr\/es\/#organization\",\"name\":\"BUDDY BOO\",\"url\":\"https:\/\/buddyboo.fr\/es\/\",\"logo\":{\"@type\":\"ImageObject\",\"inLanguage\":\"es\",\"@id\":\"https:\/\/buddyboo.fr\/es\/#\/schema\/logo\/image\/\",\"url\":\"https:\/\/buddyboo.fr\/wp-content\/uploads\/2024\/08\/logo-Buddy-Boo.svg\",\"contentUrl\":\"https:\/\/buddyboo.fr\/wp-content\/uploads\/2024\/08\/logo-Buddy-Boo.svg\",\"caption\":\"BUDDY BOO\"},\"image\":{\"@id\":\"https:\/\/buddyboo.fr\/es\/#\/schema\/logo\/image\/\"},\"sameAs\":[\"https:\/\/www.instagram.com\/buddyboo.jp\/\"]}]}<\/script>\n<!-- \/ Yoast SEO plugin. -->","yoast_head_json":{"title":"Descubra BUDDY BOO y su historia en torno al CBD sin THC","description":"La aventura de Buddy Boo comenz\u00f3 en 2019 con las primeras investigaciones para crear productos a base de CBD con 0% de THC, para permi...","robots":{"index":"index","follow":"follow","max-snippet":"max-snippet:-1","max-image-preview":"max-image-preview:large","max-video-preview":"max-video-preview:-1"},"canonical":"https:\/\/buddyboo.fr\/es\/acerca-de\/","og_locale":"es_ES","og_type":"article","og_title":"Descubra BUDDY BOO y su historia en torno al CBD sin THC","og_description":"La aventura de Buddy Boo comenz\u00f3 en 2019 con las primeras investigaciones para crear productos a base de CBD con 0% de THC, para permi...","og_url":"https:\/\/buddyboo.fr\/es\/acerca-de\/","og_site_name":"BUDDY BOO","article_modified_time":"2026-02-24T12:41:45+00:00","og_image":[{"width":1200,"height":628,"url":"https:\/\/buddyboo.fr\/wp-content\/uploads\/2026\/02\/featured-image-buddyboo.jpg","type":"image\/jpeg"}],"twitter_card":"summary_large_image","twitter_misc":{"Tiempo de lectura":"1 minuto"},"schema":{"@context":"https:\/\/schema.org","@graph":[{"@type":"WebPage","@id":"https:\/\/buddyboo.fr\/es\/acerca-de\/","url":"https:\/\/buddyboo.fr\/es\/acerca-de\/","name":"Descubra BUDDY BOO y su historia en torno al CBD sin THC","isPartOf":{"@id":"https:\/\/buddyboo.fr\/es\/#website"},"primaryImageOfPage":{"@id":"https:\/\/buddyboo.fr\/es\/acerca-de\/#primaryimage"},"image":{"@id":"https:\/\/buddyboo.fr\/es\/acerca-de\/#primaryimage"},"thumbnailUrl":"https:\/\/buddyboo.fr\/wp-content\/uploads\/2026\/02\/featured-image-buddyboo.jpg","datePublished":"2021-08-23T00:10:02+00:00","dateModified":"2026-02-24T12:41:45+00:00","description":"La aventura de Buddy Boo comenz\u00f3 en 2019 con las primeras investigaciones para crear productos a base de CBD con 0% de THC, para permi...","breadcrumb":{"@id":"https:\/\/buddyboo.fr\/es\/acerca-de\/#breadcrumb"},"inLanguage":"es","potentialAction":[{"@type":"ReadAction","target":["https:\/\/buddyboo.fr\/es\/acerca-de\/"]}]},{"@type":"ImageObject","inLanguage":"es","@id":"https:\/\/buddyboo.fr\/es\/acerca-de\/#primaryimage","url":"https:\/\/buddyboo.fr\/wp-content\/uploads\/2026\/02\/featured-image-buddyboo.jpg","contentUrl":"https:\/\/buddyboo.fr\/wp-content\/uploads\/2026\/02\/featured-image-buddyboo.jpg","width":1200,"height":628},{"@type":"BreadcrumbList","@id":"https:\/\/buddyboo.fr\/es\/acerca-de\/#breadcrumb","itemListElement":[{"@type":"ListItem","position":1,"name":"Accueil","item":"https:\/\/buddyboo.fr\/es\/inicio\/"},{"@type":"ListItem","position":2,"name":"Acerca de"}]},{"@type":"WebSite","@id":"https:\/\/buddyboo.fr\/es\/#website","url":"https:\/\/buddyboo.fr\/es\/","name":"BUDDY BOO","description":"N\u00b01 DU CBD SANS THC","publisher":{"@id":"https:\/\/buddyboo.fr\/es\/#organization"},"potentialAction":[{"@type":"SearchAction","target":{"@type":"EntryPoint","urlTemplate":"https:\/\/buddyboo.fr\/es\/?s={search_term_string}"},"query-input":{"@type":"PropertyValueSpecification","valueRequired":true,"valueName":"search_term_string"}}],"inLanguage":"es"},{"@type":"Organization","@id":"https:\/\/buddyboo.fr\/es\/#organization","name":"BUDDY BOO","url":"https:\/\/buddyboo.fr\/es\/","logo":{"@type":"ImageObject","inLanguage":"es","@id":"https:\/\/buddyboo.fr\/es\/#\/schema\/logo\/image\/","url":"https:\/\/buddyboo.fr\/wp-content\/uploads\/2024\/08\/logo-Buddy-Boo.svg","contentUrl":"https:\/\/buddyboo.fr\/wp-content\/uploads\/2024\/08\/logo-Buddy-Boo.svg","caption":"BUDDY BOO"},"image":{"@id":"https:\/\/buddyboo.fr\/es\/#\/schema\/logo\/image\/"},"sameAs":["https:\/\/www.instagram.com\/buddyboo.jp\/"]}]}},"jetpack_sharing_enabled":true,"_links":{"self":[{"href":"https:\/\/buddyboo.fr\/es\/wp-json\/wp\/v2\/pages\/13447","targetHints":{"allow":["GET"]}}],"collection":[{"href":"https:\/\/buddyboo.fr\/es\/wp-json\/wp\/v2\/pages"}],"about":[{"href":"https:\/\/buddyboo.fr\/es\/wp-json\/wp\/v2\/types\/page"}],"author":[{"embeddable":true,"href":"https:\/\/buddyboo.fr\/es\/wp-json\/wp\/v2\/users\/1"}],"replies":[{"embeddable":true,"href":"https:\/\/buddyboo.fr\/es\/wp-json\/wp\/v2\/comments?post=13447"}],"version-history":[{"count":0,"href":"https:\/\/buddyboo.fr\/es\/wp-json\/wp\/v2\/pages\/13447\/revisions"}],"wp:featuredmedia":[{"embeddable":true,"href":"https:\/\/buddyboo.fr\/es\/wp-json\/wp\/v2\/media\/15202"}],"wp:attachment":[{"href":"https:\/\/buddyboo.fr\/es\/wp-json\/wp\/v2\/media?parent=13447"}],"curies":[{"name":"wp","href":"https:\/\/api.w.org\/{rel}","templated":true}]}}