{"id":13413,"date":"2023-10-05T14:09:14","date_gmt":"2023-10-05T12:09:14","guid":{"rendered":"https:\/\/buddyboo.fr\/aviso-legal\/"},"modified":"2026-02-24T13:41:46","modified_gmt":"2026-02-24T12:41:46","slug":"aviso-legal","status":"publish","type":"page","link":"https:\/\/buddyboo.fr\/es\/aviso-legal\/","title":{"rendered":"Aviso legal"},"content":{"rendered":"\n<p>De conformidad con lo dispuesto en los art\u00edculos 6-III y 19 de la Ley n.\u00ba 2004-575, de 21 de junio de 2004, para la Confianza en la Econom\u00eda Digital, denominada L.C.E.N., se informa a los usuarios y visitantes, en adelante el \u201c<strong>Usuario<\/strong>\u201d, del sitio https:\/\/buddyboo.fr\/, en adelante el \u201c<strong>Sitio<\/strong>\u201d, del presente aviso legal.<\/p>\n\n<p>La conexi\u00f3n y la navegaci\u00f3n en el Sitio por parte del Usuario implican la aceptaci\u00f3n \u00edntegra y sin reservas del presente aviso legal.<\/p>\n\n<p>Este se encuentra disponible en el Sitio, en la secci\u00f3n \u201c<strong>Aviso legal<\/strong>\u201d.  <\/p>\n\n<h2 class=\"wp-block-heading\"><strong>ART\u00cdCULO 1 &#8211; EL EDITOR<\/strong><\/h2>\n\n<p>La edici\u00f3n del Sitio est\u00e1 a cargo de BUDDY BOO FRANCE SAS, con un capital social de 100 euros, inscrita en el Registro Mercantil y de Sociedades de Par\u00eds con el n\u00famero 984133652, con domicilio social en 60 Rue Fran\u00e7ois 1er,<br\/>N\u00famero de tel\u00e9fono 0651227184,<\/p>\n\n<p>Correo electr\u00f3nico: anthonyfoudil@gmail.com.<br\/>N.\u00ba de IVA intracomunitario: FR37984133652 <br\/>El Director de la publicaci\u00f3n es Anthony Foudil <br\/>en adelante el \u201c<strong>Editor<\/strong>\u201d.<\/p>\n\n<h2 class=\"wp-block-heading\"><strong>ART\u00cdCULO 2 &#8211; EL ALOJAMIENTO<\/strong><\/h2>\n\n<p>El proveedor de alojamiento del Sitio es la empresa BUDDY BOO FRANCE, cuyo domicilio social se encuentra en SAS, av<strong>ec con el n\u00famero de tel\u00e9fono: 0651227184 + correo electr\u00f3nico de contacto<\/strong><\/p>\n\n<h2 class=\"wp-block-heading\"><strong>ART\u00cdCULO 3 &#8211; ACCESO AL SITIO<\/strong><\/h2>\n\n<p>El Sitio es accesible desde cualquier lugar, 7 d\u00edas a la semana, 24 horas al d\u00eda, salvo en caso de fuerza mayor, interrupci\u00f3n programada o no, que pueda derivarse de una necesidad de mantenimiento.<\/p>\n\n<p>En caso de modificaci\u00f3n, interrupci\u00f3n o suspensi\u00f3n del Sitio, el Editor no podr\u00e1 ser considerado responsable.<\/p>\n\n<h2 class=\"wp-block-heading\"><strong>ART\u00cdCULO 4 &#8211; RECOPILACI\u00d3N DE DATOS<\/strong><\/h2>\n\n<p>El Sitio garantiza al Usuario la recopilaci\u00f3n y el tratamiento de informaci\u00f3n personal respetando la vida privada, de conformidad con la Ley n.\u00ba 78-17, de 6 de enero de 1978, relativa a la inform\u00e1tica, los ficheros y las libertades.<\/p>\n\n<p>En virtud de la Ley de Inform\u00e1tica y Libertades, de 6 de enero de 1978, el Usuario dispone de un derecho de acceso, rectificaci\u00f3n, supresi\u00f3n y oposici\u00f3n respecto a sus datos personales. El Usuario ejerce este derecho:<br\/>\u00b7 a trav\u00e9s de su espacio personal; <\/p>\n\n<p>Cualquier uso, reproducci\u00f3n, difusi\u00f3n, comercializaci\u00f3n o modificaci\u00f3n de la totalidad o parte del Sitio, sin autorizaci\u00f3n del Editor, est\u00e1 prohibido y podr\u00e1 dar lugar a acciones y procedimientos judiciales, en particular los previstos por el C\u00f3digo de la Propiedad Intelectual y el C\u00f3digo Civil.<\/p>\n\n<p>Para m\u00e1s informaci\u00f3n, consulte las CGV del sitio https:\/\/buddyboo.fr\/, accesibles en la secci\u00f3n \u201cCGV\u201d.<\/p>\n\n<p>Redactado en http:\/\/legalplace.fr<\/p>\n","protected":false},"excerpt":{"rendered":"<p>De conformidad con lo dispuesto en los art\u00edculos 6-III y 19 de la Ley n.\u00ba 2004-575, de 21 de junio de 2004, para la Confianza en la Econom\u00eda Digital, denominada L.C.E.N., se informa a los usuarios y visitantes, en adelante el \u201cUsuario\u201d, del sitio https:\/\/buddyboo.fr\/, en adelante el \u201cSitio\u201d, del presente aviso legal. La conexi\u00f3n [&hellip;]<\/p>\n","protected":false},"author":1,"featured_media":15202,"parent":0,"menu_order":0,"comment_status":"closed","ping_status":"closed","template":"","meta":{"footnotes":""},"class_list":["post-13413","page","type-page","status-publish","has-post-thumbnail","hentry"],"yoast_head":"<!-- This site is optimized with the Yoast SEO plugin v27.2 - https:\/\/yoast.com\/product\/yoast-seo-wordpress\/ -->\n<title>Aviso legal - BUDDY BOO<\/title>\n<meta name=\"description\" content=\"Aviso legal Buddy Boo - CBD sin THC 100% legal en Francia\" \/>\n<meta name=\"robots\" content=\"index, follow, max-snippet:-1, max-image-preview:large, max-video-preview:-1\" \/>\n<link rel=\"canonical\" href=\"https:\/\/buddyboo.fr\/es\/aviso-legal\/\" \/>\n<meta property=\"og:locale\" content=\"es_ES\" \/>\n<meta property=\"og:type\" content=\"article\" \/>\n<meta property=\"og:title\" content=\"Aviso legal - BUDDY BOO\" \/>\n<meta property=\"og:description\" content=\"Aviso legal Buddy Boo - CBD sin THC 100% legal en Francia\" \/>\n<meta property=\"og:url\" content=\"https:\/\/buddyboo.fr\/es\/aviso-legal\/\" \/>\n<meta property=\"og:site_name\" content=\"BUDDY BOO\" \/>\n<meta property=\"article:modified_time\" content=\"2026-02-24T12:41:46+00:00\" \/>\n<meta property=\"og:image\" content=\"https:\/\/buddyboo.fr\/wp-content\/uploads\/2026\/02\/featured-image-buddyboo.jpg\" \/>\n\t<meta property=\"og:image:width\" content=\"1200\" \/>\n\t<meta property=\"og:image:height\" content=\"628\" \/>\n\t<meta property=\"og:image:type\" content=\"image\/jpeg\" \/>\n<meta name=\"twitter:card\" content=\"summary_large_image\" \/>\n<meta name=\"twitter:label1\" content=\"Tiempo de lectura\" \/>\n\t<meta name=\"twitter:data1\" content=\"2 minutos\" \/>\n<script type=\"application\/ld+json\" class=\"yoast-schema-graph\">{\"@context\":\"https:\/\/schema.org\",\"@graph\":[{\"@type\":\"WebPage\",\"@id\":\"https:\/\/buddyboo.fr\/es\/aviso-legal\/\",\"url\":\"https:\/\/buddyboo.fr\/es\/aviso-legal\/\",\"name\":\"Aviso legal - BUDDY BOO\",\"isPartOf\":{\"@id\":\"https:\/\/buddyboo.fr\/es\/#website\"},\"primaryImageOfPage\":{\"@id\":\"https:\/\/buddyboo.fr\/es\/aviso-legal\/#primaryimage\"},\"image\":{\"@id\":\"https:\/\/buddyboo.fr\/es\/aviso-legal\/#primaryimage\"},\"thumbnailUrl\":\"https:\/\/buddyboo.fr\/wp-content\/uploads\/2026\/02\/featured-image-buddyboo.jpg\",\"datePublished\":\"2023-10-05T12:09:14+00:00\",\"dateModified\":\"2026-02-24T12:41:46+00:00\",\"description\":\"Aviso legal Buddy Boo - CBD sin THC 100% legal en Francia\",\"breadcrumb\":{\"@id\":\"https:\/\/buddyboo.fr\/es\/aviso-legal\/#breadcrumb\"},\"inLanguage\":\"es\",\"potentialAction\":[{\"@type\":\"ReadAction\",\"target\":[\"https:\/\/buddyboo.fr\/es\/aviso-legal\/\"]}]},{\"@type\":\"ImageObject\",\"inLanguage\":\"es\",\"@id\":\"https:\/\/buddyboo.fr\/es\/aviso-legal\/#primaryimage\",\"url\":\"https:\/\/buddyboo.fr\/wp-content\/uploads\/2026\/02\/featured-image-buddyboo.jpg\",\"contentUrl\":\"https:\/\/buddyboo.fr\/wp-content\/uploads\/2026\/02\/featured-image-buddyboo.jpg\",\"width\":1200,\"height\":628},{\"@type\":\"BreadcrumbList\",\"@id\":\"https:\/\/buddyboo.fr\/es\/aviso-legal\/#breadcrumb\",\"itemListElement\":[{\"@type\":\"ListItem\",\"position\":1,\"name\":\"Accueil\",\"item\":\"https:\/\/buddyboo.fr\/es\/inicio\/\"},{\"@type\":\"ListItem\",\"position\":2,\"name\":\"Aviso legal\"}]},{\"@type\":\"WebSite\",\"@id\":\"https:\/\/buddyboo.fr\/es\/#website\",\"url\":\"https:\/\/buddyboo.fr\/es\/\",\"name\":\"BUDDY BOO\",\"description\":\"N\u00b01 DU CBD SANS THC\",\"publisher\":{\"@id\":\"https:\/\/buddyboo.fr\/es\/#organization\"},\"potentialAction\":[{\"@type\":\"SearchAction\",\"target\":{\"@type\":\"EntryPoint\",\"urlTemplate\":\"https:\/\/buddyboo.fr\/es\/?s={search_term_string}\"},\"query-input\":{\"@type\":\"PropertyValueSpecification\",\"valueRequired\":true,\"valueName\":\"search_term_string\"}}],\"inLanguage\":\"es\"},{\"@type\":\"Organization\",\"@id\":\"https:\/\/buddyboo.fr\/es\/#organization\",\"name\":\"BUDDY BOO\",\"url\":\"https:\/\/buddyboo.fr\/es\/\",\"logo\":{\"@type\":\"ImageObject\",\"inLanguage\":\"es\",\"@id\":\"https:\/\/buddyboo.fr\/es\/#\/schema\/logo\/image\/\",\"url\":\"https:\/\/buddyboo.fr\/wp-content\/uploads\/2024\/08\/logo-Buddy-Boo.svg\",\"contentUrl\":\"https:\/\/buddyboo.fr\/wp-content\/uploads\/2024\/08\/logo-Buddy-Boo.svg\",\"caption\":\"BUDDY BOO\"},\"image\":{\"@id\":\"https:\/\/buddyboo.fr\/es\/#\/schema\/logo\/image\/\"},\"sameAs\":[\"https:\/\/www.instagram.com\/buddyboo.jp\/\"]}]}<\/script>\n<!-- \/ Yoast SEO plugin. -->","yoast_head_json":{"title":"Aviso legal - BUDDY BOO","description":"Aviso legal Buddy Boo - CBD sin THC 100% legal en Francia","robots":{"index":"index","follow":"follow","max-snippet":"max-snippet:-1","max-image-preview":"max-image-preview:large","max-video-preview":"max-video-preview:-1"},"canonical":"https:\/\/buddyboo.fr\/es\/aviso-legal\/","og_locale":"es_ES","og_type":"article","og_title":"Aviso legal - BUDDY BOO","og_description":"Aviso legal Buddy Boo - CBD sin THC 100% legal en Francia","og_url":"https:\/\/buddyboo.fr\/es\/aviso-legal\/","og_site_name":"BUDDY BOO","article_modified_time":"2026-02-24T12:41:46+00:00","og_image":[{"width":1200,"height":628,"url":"https:\/\/buddyboo.fr\/wp-content\/uploads\/2026\/02\/featured-image-buddyboo.jpg","type":"image\/jpeg"}],"twitter_card":"summary_large_image","twitter_misc":{"Tiempo de lectura":"2 minutos"},"schema":{"@context":"https:\/\/schema.org","@graph":[{"@type":"WebPage","@id":"https:\/\/buddyboo.fr\/es\/aviso-legal\/","url":"https:\/\/buddyboo.fr\/es\/aviso-legal\/","name":"Aviso legal - BUDDY BOO","isPartOf":{"@id":"https:\/\/buddyboo.fr\/es\/#website"},"primaryImageOfPage":{"@id":"https:\/\/buddyboo.fr\/es\/aviso-legal\/#primaryimage"},"image":{"@id":"https:\/\/buddyboo.fr\/es\/aviso-legal\/#primaryimage"},"thumbnailUrl":"https:\/\/buddyboo.fr\/wp-content\/uploads\/2026\/02\/featured-image-buddyboo.jpg","datePublished":"2023-10-05T12:09:14+00:00","dateModified":"2026-02-24T12:41:46+00:00","description":"Aviso legal Buddy Boo - CBD sin THC 100% legal en Francia","breadcrumb":{"@id":"https:\/\/buddyboo.fr\/es\/aviso-legal\/#breadcrumb"},"inLanguage":"es","potentialAction":[{"@type":"ReadAction","target":["https:\/\/buddyboo.fr\/es\/aviso-legal\/"]}]},{"@type":"ImageObject","inLanguage":"es","@id":"https:\/\/buddyboo.fr\/es\/aviso-legal\/#primaryimage","url":"https:\/\/buddyboo.fr\/wp-content\/uploads\/2026\/02\/featured-image-buddyboo.jpg","contentUrl":"https:\/\/buddyboo.fr\/wp-content\/uploads\/2026\/02\/featured-image-buddyboo.jpg","width":1200,"height":628},{"@type":"BreadcrumbList","@id":"https:\/\/buddyboo.fr\/es\/aviso-legal\/#breadcrumb","itemListElement":[{"@type":"ListItem","position":1,"name":"Accueil","item":"https:\/\/buddyboo.fr\/es\/inicio\/"},{"@type":"ListItem","position":2,"name":"Aviso legal"}]},{"@type":"WebSite","@id":"https:\/\/buddyboo.fr\/es\/#website","url":"https:\/\/buddyboo.fr\/es\/","name":"BUDDY BOO","description":"N\u00b01 DU CBD SANS THC","publisher":{"@id":"https:\/\/buddyboo.fr\/es\/#organization"},"potentialAction":[{"@type":"SearchAction","target":{"@type":"EntryPoint","urlTemplate":"https:\/\/buddyboo.fr\/es\/?s={search_term_string}"},"query-input":{"@type":"PropertyValueSpecification","valueRequired":true,"valueName":"search_term_string"}}],"inLanguage":"es"},{"@type":"Organization","@id":"https:\/\/buddyboo.fr\/es\/#organization","name":"BUDDY BOO","url":"https:\/\/buddyboo.fr\/es\/","logo":{"@type":"ImageObject","inLanguage":"es","@id":"https:\/\/buddyboo.fr\/es\/#\/schema\/logo\/image\/","url":"https:\/\/buddyboo.fr\/wp-content\/uploads\/2024\/08\/logo-Buddy-Boo.svg","contentUrl":"https:\/\/buddyboo.fr\/wp-content\/uploads\/2024\/08\/logo-Buddy-Boo.svg","caption":"BUDDY BOO"},"image":{"@id":"https:\/\/buddyboo.fr\/es\/#\/schema\/logo\/image\/"},"sameAs":["https:\/\/www.instagram.com\/buddyboo.jp\/"]}]}},"jetpack_sharing_enabled":true,"_links":{"self":[{"href":"https:\/\/buddyboo.fr\/es\/wp-json\/wp\/v2\/pages\/13413","targetHints":{"allow":["GET"]}}],"collection":[{"href":"https:\/\/buddyboo.fr\/es\/wp-json\/wp\/v2\/pages"}],"about":[{"href":"https:\/\/buddyboo.fr\/es\/wp-json\/wp\/v2\/types\/page"}],"author":[{"embeddable":true,"href":"https:\/\/buddyboo.fr\/es\/wp-json\/wp\/v2\/users\/1"}],"replies":[{"embeddable":true,"href":"https:\/\/buddyboo.fr\/es\/wp-json\/wp\/v2\/comments?post=13413"}],"version-history":[{"count":0,"href":"https:\/\/buddyboo.fr\/es\/wp-json\/wp\/v2\/pages\/13413\/revisions"}],"wp:featuredmedia":[{"embeddable":true,"href":"https:\/\/buddyboo.fr\/es\/wp-json\/wp\/v2\/media\/15202"}],"wp:attachment":[{"href":"https:\/\/buddyboo.fr\/es\/wp-json\/wp\/v2\/media?parent=13413"}],"curies":[{"name":"wp","href":"https:\/\/api.w.org\/{rel}","templated":true}]}}