{"id":14489,"date":"2023-10-07T15:02:18","date_gmt":"2023-10-07T13:02:18","guid":{"rendered":"https:\/\/buddyboo.fr\/shop\/unkategorisiert\/honig-bonbons-cbd-ohne-thc\/"},"modified":"2026-02-24T16:30:16","modified_gmt":"2026-02-24T15:30:16","slug":"honig-bonbons-cbd-ohne-thc","status":"publish","type":"product","link":"https:\/\/buddyboo.fr\/de\/shop\/cbd-bonbons-ohne-thc\/honig-bonbons-cbd-ohne-thc\/","title":{"rendered":"Honig-Bonbons <br> CBD ohne THC"},"content":{"rendered":"<p>Geschmack: <strong>Honig<\/strong><\/p>\n<p>CBD: <strong>400 mg<\/strong><\/p>\n<p>THC: <strong>0 %<\/strong><\/p>\n","protected":false},"excerpt":{"rendered":"<p>Genie\u00dfe die Buddy Boo Honig-CBD-Bonbons \ud83c\udf6f\ud83c\udf3f: ein s\u00fc\u00dfer und wohltuender Genuss. Jede Dose enth\u00e4lt 400 mg CBD f\u00fcr ein genussvolles Erlebnis ohne THC. Hergestellt in Frankreich \ud83c\uddeb\ud83c\uddf7, bieten diese Bonbons eine sanfte und angenehme Art, CBD in deinen Alltag zu integrieren.<\/p>\n","protected":false},"featured_media":14494,"comment_status":"open","ping_status":"closed","template":"","meta":[],"product_brand":[],"product_cat":[235],"product_tag":[],"bienfaits":[228,229,230],"class_list":{"0":"post-14489","1":"product","2":"type-product","3":"status-publish","4":"has-post-thumbnail","6":"product_cat-cbd-bonbons-ohne-thc","7":"bienfaits-anti-angst-wohlbefinden","8":"bienfaits-erhoht-die-konzentration","9":"bienfaits-gibt-energie-zuruck","11":"first","12":"instock","13":"sale","14":"taxable","15":"shipping-taxable","16":"purchasable","17":"product-type-variable"},"yoast_head":"<!-- This site is optimized with the Yoast SEO plugin v27.2 - https:\/\/yoast.com\/product\/yoast-seo-wordpress\/ -->\n<title>Honig-CBD-Bonbons ohne THC \u2013 Vegan &amp; hergestellt in Frankreich<\/title>\n<meta name=\"description\" content=\"Honig-CBD-Bonbons ohne THC: nat\u00fcrliche S\u00fc\u00dfe, vegan und ohne Risiko eines positiven Tests. Vegan und hergestellt in Frankreich mit schneller Lieferung.\" \/>\n<meta name=\"robots\" content=\"index, follow, max-snippet:-1, max-image-preview:large, max-video-preview:-1\" \/>\n<link rel=\"canonical\" href=\"https:\/\/buddyboo.fr\/de\/shop\/cbd-bonbons-ohne-thc\/honig-bonbons-cbd-ohne-thc\/\" \/>\n<meta property=\"og:locale\" content=\"de_DE\" \/>\n<meta property=\"og:type\" content=\"article\" \/>\n<meta property=\"og:title\" content=\"Honig-CBD-Bonbons ohne THC \u2013 Vegan &amp; hergestellt in Frankreich\" \/>\n<meta property=\"og:description\" content=\"Honig-CBD-Bonbons ohne THC: nat\u00fcrliche S\u00fc\u00dfe, vegan und ohne Risiko eines positiven Tests. Vegan und hergestellt in Frankreich mit schneller Lieferung.\" \/>\n<meta property=\"og:url\" content=\"https:\/\/buddyboo.fr\/de\/shop\/cbd-bonbons-ohne-thc\/honig-bonbons-cbd-ohne-thc\/\" \/>\n<meta property=\"og:site_name\" content=\"BUDDY BOO\" \/>\n<meta property=\"article:modified_time\" content=\"2026-02-24T15:30:16+00:00\" \/>\n<meta property=\"og:image\" content=\"https:\/\/buddyboo.fr\/wp-content\/uploads\/2023\/10\/Bonbon-MIEL-scaled.png\" \/>\n\t<meta property=\"og:image:width\" content=\"2048\" \/>\n\t<meta property=\"og:image:height\" content=\"2048\" \/>\n\t<meta property=\"og:image:type\" content=\"image\/png\" \/>\n<meta name=\"twitter:card\" content=\"summary_large_image\" \/>\n<meta name=\"twitter:label1\" content=\"Gesch\u00e4tzte Lesezeit\" \/>\n\t<meta name=\"twitter:data1\" content=\"1\u00a0Minute\" \/>\n<script type=\"application\/ld+json\" class=\"yoast-schema-graph\">{\"@context\":\"https:\/\/schema.org\",\"@graph\":[{\"@type\":\"WebPage\",\"@id\":\"https:\/\/buddyboo.fr\/de\/shop\/cbd-bonbons-ohne-thc\/honig-bonbons-cbd-ohne-thc\/\",\"url\":\"https:\/\/buddyboo.fr\/de\/shop\/cbd-bonbons-ohne-thc\/honig-bonbons-cbd-ohne-thc\/\",\"name\":\"Honig-CBD-Bonbons ohne THC \u2013 Vegan & hergestellt in Frankreich\",\"isPartOf\":{\"@id\":\"https:\/\/buddyboo.fr\/de\/#website\"},\"primaryImageOfPage\":{\"@id\":\"https:\/\/buddyboo.fr\/de\/shop\/cbd-bonbons-ohne-thc\/honig-bonbons-cbd-ohne-thc\/#primaryimage\"},\"image\":{\"@id\":\"https:\/\/buddyboo.fr\/de\/shop\/cbd-bonbons-ohne-thc\/honig-bonbons-cbd-ohne-thc\/#primaryimage\"},\"thumbnailUrl\":\"https:\/\/buddyboo.fr\/wp-content\/uploads\/2023\/10\/Bonbon-MIEL-scaled.png\",\"datePublished\":\"2023-10-07T13:02:18+00:00\",\"dateModified\":\"2026-02-24T15:30:16+00:00\",\"description\":\"Honig-CBD-Bonbons ohne THC: nat\u00fcrliche S\u00fc\u00dfe, vegan und ohne Risiko eines positiven Tests. Vegan und hergestellt in Frankreich mit schneller Lieferung.\",\"breadcrumb\":{\"@id\":\"https:\/\/buddyboo.fr\/de\/shop\/cbd-bonbons-ohne-thc\/honig-bonbons-cbd-ohne-thc\/#breadcrumb\"},\"inLanguage\":\"de\",\"potentialAction\":[{\"@type\":\"ReadAction\",\"target\":[\"https:\/\/buddyboo.fr\/de\/shop\/cbd-bonbons-ohne-thc\/honig-bonbons-cbd-ohne-thc\/\"]}]},{\"@type\":\"ImageObject\",\"inLanguage\":\"de\",\"@id\":\"https:\/\/buddyboo.fr\/de\/shop\/cbd-bonbons-ohne-thc\/honig-bonbons-cbd-ohne-thc\/#primaryimage\",\"url\":\"https:\/\/buddyboo.fr\/wp-content\/uploads\/2023\/10\/Bonbon-MIEL-scaled.png\",\"contentUrl\":\"https:\/\/buddyboo.fr\/wp-content\/uploads\/2023\/10\/Bonbon-MIEL-scaled.png\",\"width\":2048,\"height\":2048,\"caption\":\"HONIG-Bonbon - BUDDY BOO\"},{\"@type\":\"BreadcrumbList\",\"@id\":\"https:\/\/buddyboo.fr\/de\/shop\/cbd-bonbons-ohne-thc\/honig-bonbons-cbd-ohne-thc\/#breadcrumb\",\"itemListElement\":[{\"@type\":\"ListItem\",\"position\":1,\"name\":\"Accueil\",\"item\":\"https:\/\/buddyboo.fr\/de\/startseite\/\"},{\"@type\":\"ListItem\",\"position\":2,\"name\":\"THC-freier CBD-Shop\",\"item\":\"https:\/\/buddyboo.fr\/de\/shop\/\"},{\"@type\":\"ListItem\",\"position\":3,\"name\":\"CBD Bonbons ohne THC\",\"item\":\"https:\/\/buddyboo.fr\/de\/produktkategorie\/cbd-bonbons-ohne-thc\/\"},{\"@type\":\"ListItem\",\"position\":4,\"name\":\"Honig-Bonbons CBD ohne THC\"}]},{\"@type\":\"WebSite\",\"@id\":\"https:\/\/buddyboo.fr\/de\/#website\",\"url\":\"https:\/\/buddyboo.fr\/de\/\",\"name\":\"BUDDY BOO\",\"description\":\"N\u00b01 DU CBD SANS THC\",\"publisher\":{\"@id\":\"https:\/\/buddyboo.fr\/de\/#organization\"},\"potentialAction\":[{\"@type\":\"SearchAction\",\"target\":{\"@type\":\"EntryPoint\",\"urlTemplate\":\"https:\/\/buddyboo.fr\/de\/?s={search_term_string}\"},\"query-input\":{\"@type\":\"PropertyValueSpecification\",\"valueRequired\":true,\"valueName\":\"search_term_string\"}}],\"inLanguage\":\"de\"},{\"@type\":\"Organization\",\"@id\":\"https:\/\/buddyboo.fr\/de\/#organization\",\"name\":\"BUDDY BOO\",\"url\":\"https:\/\/buddyboo.fr\/de\/\",\"logo\":{\"@type\":\"ImageObject\",\"inLanguage\":\"de\",\"@id\":\"https:\/\/buddyboo.fr\/de\/#\/schema\/logo\/image\/\",\"url\":\"https:\/\/buddyboo.fr\/wp-content\/uploads\/2024\/08\/logo-Buddy-Boo.svg\",\"contentUrl\":\"https:\/\/buddyboo.fr\/wp-content\/uploads\/2024\/08\/logo-Buddy-Boo.svg\",\"caption\":\"BUDDY BOO\"},\"image\":{\"@id\":\"https:\/\/buddyboo.fr\/de\/#\/schema\/logo\/image\/\"},\"sameAs\":[\"https:\/\/www.instagram.com\/buddyboo.jp\/\"]}]}<\/script>\n<!-- \/ Yoast SEO plugin. -->","yoast_head_json":{"title":"Honig-CBD-Bonbons ohne THC \u2013 Vegan & hergestellt in Frankreich","description":"Honig-CBD-Bonbons ohne THC: nat\u00fcrliche S\u00fc\u00dfe, vegan und ohne Risiko eines positiven Tests. Vegan und hergestellt in Frankreich mit schneller Lieferung.","robots":{"index":"index","follow":"follow","max-snippet":"max-snippet:-1","max-image-preview":"max-image-preview:large","max-video-preview":"max-video-preview:-1"},"canonical":"https:\/\/buddyboo.fr\/de\/shop\/cbd-bonbons-ohne-thc\/honig-bonbons-cbd-ohne-thc\/","og_locale":"de_DE","og_type":"article","og_title":"Honig-CBD-Bonbons ohne THC \u2013 Vegan & hergestellt in Frankreich","og_description":"Honig-CBD-Bonbons ohne THC: nat\u00fcrliche S\u00fc\u00dfe, vegan und ohne Risiko eines positiven Tests. Vegan und hergestellt in Frankreich mit schneller Lieferung.","og_url":"https:\/\/buddyboo.fr\/de\/shop\/cbd-bonbons-ohne-thc\/honig-bonbons-cbd-ohne-thc\/","og_site_name":"BUDDY BOO","article_modified_time":"2026-02-24T15:30:16+00:00","og_image":[{"width":2048,"height":2048,"url":"https:\/\/buddyboo.fr\/wp-content\/uploads\/2023\/10\/Bonbon-MIEL-scaled.png","type":"image\/png"}],"twitter_card":"summary_large_image","twitter_misc":{"Gesch\u00e4tzte Lesezeit":"1\u00a0Minute"},"schema":{"@context":"https:\/\/schema.org","@graph":[{"@type":"WebPage","@id":"https:\/\/buddyboo.fr\/de\/shop\/cbd-bonbons-ohne-thc\/honig-bonbons-cbd-ohne-thc\/","url":"https:\/\/buddyboo.fr\/de\/shop\/cbd-bonbons-ohne-thc\/honig-bonbons-cbd-ohne-thc\/","name":"Honig-CBD-Bonbons ohne THC \u2013 Vegan & hergestellt in Frankreich","isPartOf":{"@id":"https:\/\/buddyboo.fr\/de\/#website"},"primaryImageOfPage":{"@id":"https:\/\/buddyboo.fr\/de\/shop\/cbd-bonbons-ohne-thc\/honig-bonbons-cbd-ohne-thc\/#primaryimage"},"image":{"@id":"https:\/\/buddyboo.fr\/de\/shop\/cbd-bonbons-ohne-thc\/honig-bonbons-cbd-ohne-thc\/#primaryimage"},"thumbnailUrl":"https:\/\/buddyboo.fr\/wp-content\/uploads\/2023\/10\/Bonbon-MIEL-scaled.png","datePublished":"2023-10-07T13:02:18+00:00","dateModified":"2026-02-24T15:30:16+00:00","description":"Honig-CBD-Bonbons ohne THC: nat\u00fcrliche S\u00fc\u00dfe, vegan und ohne Risiko eines positiven Tests. Vegan und hergestellt in Frankreich mit schneller Lieferung.","breadcrumb":{"@id":"https:\/\/buddyboo.fr\/de\/shop\/cbd-bonbons-ohne-thc\/honig-bonbons-cbd-ohne-thc\/#breadcrumb"},"inLanguage":"de","potentialAction":[{"@type":"ReadAction","target":["https:\/\/buddyboo.fr\/de\/shop\/cbd-bonbons-ohne-thc\/honig-bonbons-cbd-ohne-thc\/"]}]},{"@type":"ImageObject","inLanguage":"de","@id":"https:\/\/buddyboo.fr\/de\/shop\/cbd-bonbons-ohne-thc\/honig-bonbons-cbd-ohne-thc\/#primaryimage","url":"https:\/\/buddyboo.fr\/wp-content\/uploads\/2023\/10\/Bonbon-MIEL-scaled.png","contentUrl":"https:\/\/buddyboo.fr\/wp-content\/uploads\/2023\/10\/Bonbon-MIEL-scaled.png","width":2048,"height":2048,"caption":"HONIG-Bonbon - BUDDY BOO"},{"@type":"BreadcrumbList","@id":"https:\/\/buddyboo.fr\/de\/shop\/cbd-bonbons-ohne-thc\/honig-bonbons-cbd-ohne-thc\/#breadcrumb","itemListElement":[{"@type":"ListItem","position":1,"name":"Accueil","item":"https:\/\/buddyboo.fr\/de\/startseite\/"},{"@type":"ListItem","position":2,"name":"THC-freier CBD-Shop","item":"https:\/\/buddyboo.fr\/de\/shop\/"},{"@type":"ListItem","position":3,"name":"CBD Bonbons ohne THC","item":"https:\/\/buddyboo.fr\/de\/produktkategorie\/cbd-bonbons-ohne-thc\/"},{"@type":"ListItem","position":4,"name":"Honig-Bonbons CBD ohne THC"}]},{"@type":"WebSite","@id":"https:\/\/buddyboo.fr\/de\/#website","url":"https:\/\/buddyboo.fr\/de\/","name":"BUDDY BOO","description":"N\u00b01 DU CBD SANS THC","publisher":{"@id":"https:\/\/buddyboo.fr\/de\/#organization"},"potentialAction":[{"@type":"SearchAction","target":{"@type":"EntryPoint","urlTemplate":"https:\/\/buddyboo.fr\/de\/?s={search_term_string}"},"query-input":{"@type":"PropertyValueSpecification","valueRequired":true,"valueName":"search_term_string"}}],"inLanguage":"de"},{"@type":"Organization","@id":"https:\/\/buddyboo.fr\/de\/#organization","name":"BUDDY BOO","url":"https:\/\/buddyboo.fr\/de\/","logo":{"@type":"ImageObject","inLanguage":"de","@id":"https:\/\/buddyboo.fr\/de\/#\/schema\/logo\/image\/","url":"https:\/\/buddyboo.fr\/wp-content\/uploads\/2024\/08\/logo-Buddy-Boo.svg","contentUrl":"https:\/\/buddyboo.fr\/wp-content\/uploads\/2024\/08\/logo-Buddy-Boo.svg","caption":"BUDDY BOO"},"image":{"@id":"https:\/\/buddyboo.fr\/de\/#\/schema\/logo\/image\/"},"sameAs":["https:\/\/www.instagram.com\/buddyboo.jp\/"]}]}},"jetpack_sharing_enabled":true,"_links":{"self":[{"href":"https:\/\/buddyboo.fr\/de\/wp-json\/wp\/v2\/product\/14489","targetHints":{"allow":["GET"]}}],"collection":[{"href":"https:\/\/buddyboo.fr\/de\/wp-json\/wp\/v2\/product"}],"about":[{"href":"https:\/\/buddyboo.fr\/de\/wp-json\/wp\/v2\/types\/product"}],"replies":[{"embeddable":true,"href":"https:\/\/buddyboo.fr\/de\/wp-json\/wp\/v2\/comments?post=14489"}],"wp:featuredmedia":[{"embeddable":true,"href":"https:\/\/buddyboo.fr\/de\/wp-json\/wp\/v2\/media\/14494"}],"wp:attachment":[{"href":"https:\/\/buddyboo.fr\/de\/wp-json\/wp\/v2\/media?parent=14489"}],"wp:term":[{"taxonomy":"product_brand","embeddable":true,"href":"https:\/\/buddyboo.fr\/de\/wp-json\/wp\/v2\/product_brand?post=14489"},{"taxonomy":"product_cat","embeddable":true,"href":"https:\/\/buddyboo.fr\/de\/wp-json\/wp\/v2\/product_cat?post=14489"},{"taxonomy":"product_tag","embeddable":true,"href":"https:\/\/buddyboo.fr\/de\/wp-json\/wp\/v2\/product_tag?post=14489"},{"taxonomy":"bienfaits","embeddable":true,"href":"https:\/\/buddyboo.fr\/de\/wp-json\/wp\/v2\/bienfaits?post=14489"}],"curies":[{"name":"wp","href":"https:\/\/api.w.org\/{rel}","templated":true}]}}