{"id":14476,"date":"2023-10-07T15:07:08","date_gmt":"2023-10-07T13:07:08","guid":{"rendered":"https:\/\/buddyboo.fr\/shop\/unkategorisiert\/erdbeeroel-20-cbd-ohne-thc\/"},"modified":"2026-02-24T16:39:17","modified_gmt":"2026-02-24T15:39:17","slug":"erdbeeroel-20-cbd-ohne-thc","status":"publish","type":"product","link":"https:\/\/buddyboo.fr\/de\/shop\/cbd-ol-ohne-thc\/erdbeeroel-20-cbd-ohne-thc\/","title":{"rendered":"Erdbeer\u00f6l <br> 20 % CBD ohne THC"},"content":{"rendered":"<p>Geschmack: <strong>Erdbeere<\/strong><\/p>\n<p>CBD: <strong>20%<\/strong><\/p>\n<p>THC: <strong>0%<\/strong><\/p>\n","protected":false},"excerpt":{"rendered":"<p>Entdecke das THC-freie CBD-\u00d6l mit k\u00f6stlichem Erdbeergeschmack von Buddy Boo \u2013 ein exquisites Sinneserlebnis bei jeder Einnahme. Sorgf\u00e4ltig in Frankreich hergestellt und eine leckere Art, CBD in deinen Alltag zu integrieren.<\/p>\n","protected":false},"featured_media":14481,"comment_status":"open","ping_status":"closed","template":"","meta":[],"product_brand":[],"product_cat":[233],"product_tag":[],"bienfaits":[228,229,231],"class_list":{"0":"post-14476","1":"product","2":"type-product","3":"status-publish","4":"has-post-thumbnail","6":"product_cat-cbd-ol-ohne-thc","7":"bienfaits-anti-angst-wohlbefinden","8":"bienfaits-erhoht-die-konzentration","9":"bienfaits-verbessert-die-schlafqualitat","11":"first","12":"instock","13":"sale","14":"taxable","15":"shipping-taxable","16":"purchasable","17":"product-type-variable"},"yoast_head":"<!-- This site is optimized with the Yoast SEO plugin v27.2 - https:\/\/yoast.com\/product\/yoast-seo-wordpress\/ -->\n<title>Erdbeer\u00f6l  20 % CBD ohne THC - BUDDY BOO<\/title>\n<meta name=\"description\" content=\"CBD-\u00d6l ohne THC Erdbeere von BUDDY BOO: Genie\u00dfe die beruhigende Wirkung von CBD mit einem leckeren Erdbeeraroma \u2013 ganz ohne THC.\" \/>\n<meta name=\"robots\" content=\"index, follow, max-snippet:-1, max-image-preview:large, max-video-preview:-1\" \/>\n<link rel=\"canonical\" href=\"https:\/\/buddyboo.fr\/de\/shop\/cbd-ol-ohne-thc\/erdbeeroel-20-cbd-ohne-thc\/\" \/>\n<meta property=\"og:locale\" content=\"de_DE\" \/>\n<meta property=\"og:type\" content=\"article\" \/>\n<meta property=\"og:title\" content=\"Erdbeer\u00f6l  20 % CBD ohne THC - BUDDY BOO\" \/>\n<meta property=\"og:description\" content=\"CBD-\u00d6l ohne THC Erdbeere von BUDDY BOO: Genie\u00dfe die beruhigende Wirkung von CBD mit einem leckeren Erdbeeraroma \u2013 ganz ohne THC.\" \/>\n<meta property=\"og:url\" content=\"https:\/\/buddyboo.fr\/de\/shop\/cbd-ol-ohne-thc\/erdbeeroel-20-cbd-ohne-thc\/\" \/>\n<meta property=\"og:site_name\" content=\"BUDDY BOO\" \/>\n<meta property=\"article:modified_time\" content=\"2026-02-24T15:39:17+00:00\" \/>\n<meta property=\"og:image\" content=\"https:\/\/buddyboo.fr\/wp-content\/uploads\/2023\/10\/Huile-Fraise-scaled.png\" \/>\n\t<meta property=\"og:image:width\" content=\"2048\" \/>\n\t<meta property=\"og:image:height\" content=\"2048\" \/>\n\t<meta property=\"og:image:type\" content=\"image\/png\" \/>\n<meta name=\"twitter:card\" content=\"summary_large_image\" \/>\n<meta name=\"twitter:label1\" content=\"Gesch\u00e4tzte Lesezeit\" \/>\n\t<meta name=\"twitter:data1\" content=\"1\u00a0Minute\" \/>\n<script type=\"application\/ld+json\" class=\"yoast-schema-graph\">{\"@context\":\"https:\/\/schema.org\",\"@graph\":[{\"@type\":\"WebPage\",\"@id\":\"https:\/\/buddyboo.fr\/de\/shop\/cbd-ol-ohne-thc\/erdbeeroel-20-cbd-ohne-thc\/\",\"url\":\"https:\/\/buddyboo.fr\/de\/shop\/cbd-ol-ohne-thc\/erdbeeroel-20-cbd-ohne-thc\/\",\"name\":\"Erdbeer\u00f6l 20 % CBD ohne THC - BUDDY BOO\",\"isPartOf\":{\"@id\":\"https:\/\/buddyboo.fr\/de\/#website\"},\"primaryImageOfPage\":{\"@id\":\"https:\/\/buddyboo.fr\/de\/shop\/cbd-ol-ohne-thc\/erdbeeroel-20-cbd-ohne-thc\/#primaryimage\"},\"image\":{\"@id\":\"https:\/\/buddyboo.fr\/de\/shop\/cbd-ol-ohne-thc\/erdbeeroel-20-cbd-ohne-thc\/#primaryimage\"},\"thumbnailUrl\":\"https:\/\/buddyboo.fr\/wp-content\/uploads\/2023\/10\/Huile-Fraise-scaled.png\",\"datePublished\":\"2023-10-07T13:07:08+00:00\",\"dateModified\":\"2026-02-24T15:39:17+00:00\",\"description\":\"CBD-\u00d6l ohne THC Erdbeere von BUDDY BOO: Genie\u00dfe die beruhigende Wirkung von CBD mit einem leckeren Erdbeeraroma \u2013 ganz ohne THC.\",\"breadcrumb\":{\"@id\":\"https:\/\/buddyboo.fr\/de\/shop\/cbd-ol-ohne-thc\/erdbeeroel-20-cbd-ohne-thc\/#breadcrumb\"},\"inLanguage\":\"de\",\"potentialAction\":[{\"@type\":\"ReadAction\",\"target\":[\"https:\/\/buddyboo.fr\/de\/shop\/cbd-ol-ohne-thc\/erdbeeroel-20-cbd-ohne-thc\/\"]}]},{\"@type\":\"ImageObject\",\"inLanguage\":\"de\",\"@id\":\"https:\/\/buddyboo.fr\/de\/shop\/cbd-ol-ohne-thc\/erdbeeroel-20-cbd-ohne-thc\/#primaryimage\",\"url\":\"https:\/\/buddyboo.fr\/wp-content\/uploads\/2023\/10\/Huile-Fraise-scaled.png\",\"contentUrl\":\"https:\/\/buddyboo.fr\/wp-content\/uploads\/2023\/10\/Huile-Fraise-scaled.png\",\"width\":2048,\"height\":2048,\"caption\":\"Erdbeer\u00f6l - BUDDY BOO\"},{\"@type\":\"BreadcrumbList\",\"@id\":\"https:\/\/buddyboo.fr\/de\/shop\/cbd-ol-ohne-thc\/erdbeeroel-20-cbd-ohne-thc\/#breadcrumb\",\"itemListElement\":[{\"@type\":\"ListItem\",\"position\":1,\"name\":\"Accueil\",\"item\":\"https:\/\/buddyboo.fr\/de\/startseite\/\"},{\"@type\":\"ListItem\",\"position\":2,\"name\":\"THC-freier CBD-Shop\",\"item\":\"https:\/\/buddyboo.fr\/de\/shop\/\"},{\"@type\":\"ListItem\",\"position\":3,\"name\":\"CBD \u00d6l ohne THC\",\"item\":\"https:\/\/buddyboo.fr\/de\/produktkategorie\/cbd-ol-ohne-thc\/\"},{\"@type\":\"ListItem\",\"position\":4,\"name\":\"Erdbeer\u00f6l 20 % CBD ohne THC\"}]},{\"@type\":\"WebSite\",\"@id\":\"https:\/\/buddyboo.fr\/de\/#website\",\"url\":\"https:\/\/buddyboo.fr\/de\/\",\"name\":\"BUDDY BOO\",\"description\":\"N\u00b01 DU CBD SANS THC\",\"publisher\":{\"@id\":\"https:\/\/buddyboo.fr\/de\/#organization\"},\"potentialAction\":[{\"@type\":\"SearchAction\",\"target\":{\"@type\":\"EntryPoint\",\"urlTemplate\":\"https:\/\/buddyboo.fr\/de\/?s={search_term_string}\"},\"query-input\":{\"@type\":\"PropertyValueSpecification\",\"valueRequired\":true,\"valueName\":\"search_term_string\"}}],\"inLanguage\":\"de\"},{\"@type\":\"Organization\",\"@id\":\"https:\/\/buddyboo.fr\/de\/#organization\",\"name\":\"BUDDY BOO\",\"url\":\"https:\/\/buddyboo.fr\/de\/\",\"logo\":{\"@type\":\"ImageObject\",\"inLanguage\":\"de\",\"@id\":\"https:\/\/buddyboo.fr\/de\/#\/schema\/logo\/image\/\",\"url\":\"https:\/\/buddyboo.fr\/wp-content\/uploads\/2024\/08\/logo-Buddy-Boo.svg\",\"contentUrl\":\"https:\/\/buddyboo.fr\/wp-content\/uploads\/2024\/08\/logo-Buddy-Boo.svg\",\"caption\":\"BUDDY BOO\"},\"image\":{\"@id\":\"https:\/\/buddyboo.fr\/de\/#\/schema\/logo\/image\/\"},\"sameAs\":[\"https:\/\/www.instagram.com\/buddyboo.jp\/\"]}]}<\/script>\n<!-- \/ Yoast SEO plugin. -->","yoast_head_json":{"title":"Erdbeer\u00f6l  20 % CBD ohne THC - BUDDY BOO","description":"CBD-\u00d6l ohne THC Erdbeere von BUDDY BOO: Genie\u00dfe die beruhigende Wirkung von CBD mit einem leckeren Erdbeeraroma \u2013 ganz ohne THC.","robots":{"index":"index","follow":"follow","max-snippet":"max-snippet:-1","max-image-preview":"max-image-preview:large","max-video-preview":"max-video-preview:-1"},"canonical":"https:\/\/buddyboo.fr\/de\/shop\/cbd-ol-ohne-thc\/erdbeeroel-20-cbd-ohne-thc\/","og_locale":"de_DE","og_type":"article","og_title":"Erdbeer\u00f6l  20 % CBD ohne THC - BUDDY BOO","og_description":"CBD-\u00d6l ohne THC Erdbeere von BUDDY BOO: Genie\u00dfe die beruhigende Wirkung von CBD mit einem leckeren Erdbeeraroma \u2013 ganz ohne THC.","og_url":"https:\/\/buddyboo.fr\/de\/shop\/cbd-ol-ohne-thc\/erdbeeroel-20-cbd-ohne-thc\/","og_site_name":"BUDDY BOO","article_modified_time":"2026-02-24T15:39:17+00:00","og_image":[{"width":2048,"height":2048,"url":"https:\/\/buddyboo.fr\/wp-content\/uploads\/2023\/10\/Huile-Fraise-scaled.png","type":"image\/png"}],"twitter_card":"summary_large_image","twitter_misc":{"Gesch\u00e4tzte Lesezeit":"1\u00a0Minute"},"schema":{"@context":"https:\/\/schema.org","@graph":[{"@type":"WebPage","@id":"https:\/\/buddyboo.fr\/de\/shop\/cbd-ol-ohne-thc\/erdbeeroel-20-cbd-ohne-thc\/","url":"https:\/\/buddyboo.fr\/de\/shop\/cbd-ol-ohne-thc\/erdbeeroel-20-cbd-ohne-thc\/","name":"Erdbeer\u00f6l 20 % CBD ohne THC - BUDDY BOO","isPartOf":{"@id":"https:\/\/buddyboo.fr\/de\/#website"},"primaryImageOfPage":{"@id":"https:\/\/buddyboo.fr\/de\/shop\/cbd-ol-ohne-thc\/erdbeeroel-20-cbd-ohne-thc\/#primaryimage"},"image":{"@id":"https:\/\/buddyboo.fr\/de\/shop\/cbd-ol-ohne-thc\/erdbeeroel-20-cbd-ohne-thc\/#primaryimage"},"thumbnailUrl":"https:\/\/buddyboo.fr\/wp-content\/uploads\/2023\/10\/Huile-Fraise-scaled.png","datePublished":"2023-10-07T13:07:08+00:00","dateModified":"2026-02-24T15:39:17+00:00","description":"CBD-\u00d6l ohne THC Erdbeere von BUDDY BOO: Genie\u00dfe die beruhigende Wirkung von CBD mit einem leckeren Erdbeeraroma \u2013 ganz ohne THC.","breadcrumb":{"@id":"https:\/\/buddyboo.fr\/de\/shop\/cbd-ol-ohne-thc\/erdbeeroel-20-cbd-ohne-thc\/#breadcrumb"},"inLanguage":"de","potentialAction":[{"@type":"ReadAction","target":["https:\/\/buddyboo.fr\/de\/shop\/cbd-ol-ohne-thc\/erdbeeroel-20-cbd-ohne-thc\/"]}]},{"@type":"ImageObject","inLanguage":"de","@id":"https:\/\/buddyboo.fr\/de\/shop\/cbd-ol-ohne-thc\/erdbeeroel-20-cbd-ohne-thc\/#primaryimage","url":"https:\/\/buddyboo.fr\/wp-content\/uploads\/2023\/10\/Huile-Fraise-scaled.png","contentUrl":"https:\/\/buddyboo.fr\/wp-content\/uploads\/2023\/10\/Huile-Fraise-scaled.png","width":2048,"height":2048,"caption":"Erdbeer\u00f6l - BUDDY BOO"},{"@type":"BreadcrumbList","@id":"https:\/\/buddyboo.fr\/de\/shop\/cbd-ol-ohne-thc\/erdbeeroel-20-cbd-ohne-thc\/#breadcrumb","itemListElement":[{"@type":"ListItem","position":1,"name":"Accueil","item":"https:\/\/buddyboo.fr\/de\/startseite\/"},{"@type":"ListItem","position":2,"name":"THC-freier CBD-Shop","item":"https:\/\/buddyboo.fr\/de\/shop\/"},{"@type":"ListItem","position":3,"name":"CBD \u00d6l ohne THC","item":"https:\/\/buddyboo.fr\/de\/produktkategorie\/cbd-ol-ohne-thc\/"},{"@type":"ListItem","position":4,"name":"Erdbeer\u00f6l 20 % CBD ohne THC"}]},{"@type":"WebSite","@id":"https:\/\/buddyboo.fr\/de\/#website","url":"https:\/\/buddyboo.fr\/de\/","name":"BUDDY BOO","description":"N\u00b01 DU CBD SANS THC","publisher":{"@id":"https:\/\/buddyboo.fr\/de\/#organization"},"potentialAction":[{"@type":"SearchAction","target":{"@type":"EntryPoint","urlTemplate":"https:\/\/buddyboo.fr\/de\/?s={search_term_string}"},"query-input":{"@type":"PropertyValueSpecification","valueRequired":true,"valueName":"search_term_string"}}],"inLanguage":"de"},{"@type":"Organization","@id":"https:\/\/buddyboo.fr\/de\/#organization","name":"BUDDY BOO","url":"https:\/\/buddyboo.fr\/de\/","logo":{"@type":"ImageObject","inLanguage":"de","@id":"https:\/\/buddyboo.fr\/de\/#\/schema\/logo\/image\/","url":"https:\/\/buddyboo.fr\/wp-content\/uploads\/2024\/08\/logo-Buddy-Boo.svg","contentUrl":"https:\/\/buddyboo.fr\/wp-content\/uploads\/2024\/08\/logo-Buddy-Boo.svg","caption":"BUDDY BOO"},"image":{"@id":"https:\/\/buddyboo.fr\/de\/#\/schema\/logo\/image\/"},"sameAs":["https:\/\/www.instagram.com\/buddyboo.jp\/"]}]}},"jetpack_sharing_enabled":true,"_links":{"self":[{"href":"https:\/\/buddyboo.fr\/de\/wp-json\/wp\/v2\/product\/14476","targetHints":{"allow":["GET"]}}],"collection":[{"href":"https:\/\/buddyboo.fr\/de\/wp-json\/wp\/v2\/product"}],"about":[{"href":"https:\/\/buddyboo.fr\/de\/wp-json\/wp\/v2\/types\/product"}],"replies":[{"embeddable":true,"href":"https:\/\/buddyboo.fr\/de\/wp-json\/wp\/v2\/comments?post=14476"}],"wp:featuredmedia":[{"embeddable":true,"href":"https:\/\/buddyboo.fr\/de\/wp-json\/wp\/v2\/media\/14481"}],"wp:attachment":[{"href":"https:\/\/buddyboo.fr\/de\/wp-json\/wp\/v2\/media?parent=14476"}],"wp:term":[{"taxonomy":"product_brand","embeddable":true,"href":"https:\/\/buddyboo.fr\/de\/wp-json\/wp\/v2\/product_brand?post=14476"},{"taxonomy":"product_cat","embeddable":true,"href":"https:\/\/buddyboo.fr\/de\/wp-json\/wp\/v2\/product_cat?post=14476"},{"taxonomy":"product_tag","embeddable":true,"href":"https:\/\/buddyboo.fr\/de\/wp-json\/wp\/v2\/product_tag?post=14476"},{"taxonomy":"bienfaits","embeddable":true,"href":"https:\/\/buddyboo.fr\/de\/wp-json\/wp\/v2\/bienfaits?post=14476"}],"curies":[{"name":"wp","href":"https:\/\/api.w.org\/{rel}","templated":true}]}}