{"id":14458,"date":"2023-10-07T14:56:27","date_gmt":"2023-10-07T12:56:27","guid":{"rendered":"https:\/\/buddyboo.fr\/shop\/unkategorisiert\/minzbonbons-cbd-ohne-thc\/"},"modified":"2026-02-24T15:33:49","modified_gmt":"2026-02-24T14:33:49","slug":"minz-bonbons-cbd-ohne-thc","status":"publish","type":"product","link":"https:\/\/buddyboo.fr\/de\/shop\/cbd-bonbons-ohne-thc\/minz-bonbons-cbd-ohne-thc\/","title":{"rendered":"Minz Bonbons <br> CBD ohne THC"},"content":{"rendered":"<p>Geschmack: <strong>Minze<\/strong><\/p>\n<p>CBD: <strong>250 mg<\/strong><\/p>\n<p>THC: <strong>00 %<\/strong><\/p>\n","protected":false},"excerpt":{"rendered":"<p>Entdecke die Buddy Boo THC-freien CBD-Minzbonbons \ud83c\udf6c\ud83c\udf3f! Genie\u00dfe eine belebende Frische und die Vorteile von CBD in jedem Bonbon. Unsere franz\u00f6sischen S\u00fc\u00dfigkeiten, die 250 mg CBD pro Dose enthalten, bieten ein einzigartiges Geschmackserlebnis und optimale Entspannung. Ideal f\u00fcr den t\u00e4glichen Verzehr, jedes Bonbon enth\u00e4lt 10 mg CBD, was dir eine perfekte Dosis Wohlbefinden sichert. \ud83c\udf1f\ud83d\udc4c Verleihe deinem Alltag einen Hauch von Frische mit Buddy Boo!<\/p>\n","protected":false},"featured_media":14463,"comment_status":"open","ping_status":"closed","template":"","meta":[],"product_brand":[],"product_cat":[235],"product_tag":[],"bienfaits":[228,229,232],"class_list":{"0":"post-14458","1":"product","2":"type-product","3":"status-publish","4":"has-post-thumbnail","6":"product_cat-cbd-bonbons-ohne-thc","7":"bienfaits-anti-angst-wohlbefinden","8":"bienfaits-erhoht-die-konzentration","9":"bienfaits-stimuliert-positive-emotionen","11":"first","12":"outofstock","13":"sale","14":"taxable","15":"shipping-taxable","16":"purchasable","17":"product-type-variable"},"yoast_head":"<!-- This site is optimized with the Yoast SEO plugin v27.2 - https:\/\/yoast.com\/product\/yoast-seo-wordpress\/ -->\n<title>Minz-CBD-Bonbons ohne THC \u2013 Vegan &amp; in Frankreich hergestellt<\/title>\n<meta name=\"description\" content=\"Entdecke die Buddy Boo Minz-CBD-Bonbons ohne THC: eine erfrischende Wohlf\u00fchlpause, THC-frei, vegan und in Frankreich hergestellt.\" \/>\n<meta name=\"robots\" content=\"index, follow, max-snippet:-1, max-image-preview:large, max-video-preview:-1\" \/>\n<link rel=\"canonical\" href=\"https:\/\/buddyboo.fr\/de\/shop\/cbd-bonbons-ohne-thc\/minz-bonbons-cbd-ohne-thc\/\" \/>\n<meta property=\"og:locale\" content=\"de_DE\" \/>\n<meta property=\"og:type\" content=\"article\" \/>\n<meta property=\"og:title\" content=\"Minz-CBD-Bonbons ohne THC \u2013 Vegan &amp; in Frankreich hergestellt\" \/>\n<meta property=\"og:description\" content=\"Entdecke die Buddy Boo Minz-CBD-Bonbons ohne THC: eine erfrischende Wohlf\u00fchlpause, THC-frei, vegan und in Frankreich hergestellt.\" \/>\n<meta property=\"og:url\" content=\"https:\/\/buddyboo.fr\/de\/shop\/cbd-bonbons-ohne-thc\/minz-bonbons-cbd-ohne-thc\/\" \/>\n<meta property=\"og:site_name\" content=\"BUDDY BOO\" \/>\n<meta property=\"article:modified_time\" content=\"2026-02-24T14:33:49+00:00\" \/>\n<meta property=\"og:image\" content=\"https:\/\/buddyboo.fr\/wp-content\/uploads\/2023\/10\/Bonbon-MENTHE-scaled.png\" \/>\n\t<meta property=\"og:image:width\" content=\"2048\" \/>\n\t<meta property=\"og:image:height\" content=\"2048\" \/>\n\t<meta property=\"og:image:type\" content=\"image\/png\" \/>\n<meta name=\"twitter:card\" content=\"summary_large_image\" \/>\n<meta name=\"twitter:label1\" content=\"Gesch\u00e4tzte Lesezeit\" \/>\n\t<meta name=\"twitter:data1\" content=\"1\u00a0Minute\" \/>\n<script type=\"application\/ld+json\" class=\"yoast-schema-graph\">{\"@context\":\"https:\/\/schema.org\",\"@graph\":[{\"@type\":\"WebPage\",\"@id\":\"https:\/\/buddyboo.fr\/de\/shop\/cbd-bonbons-ohne-thc\/minz-bonbons-cbd-ohne-thc\/\",\"url\":\"https:\/\/buddyboo.fr\/de\/shop\/cbd-bonbons-ohne-thc\/minz-bonbons-cbd-ohne-thc\/\",\"name\":\"Minz-CBD-Bonbons ohne THC \u2013 Vegan & in Frankreich hergestellt\",\"isPartOf\":{\"@id\":\"https:\/\/buddyboo.fr\/de\/#website\"},\"primaryImageOfPage\":{\"@id\":\"https:\/\/buddyboo.fr\/de\/shop\/cbd-bonbons-ohne-thc\/minz-bonbons-cbd-ohne-thc\/#primaryimage\"},\"image\":{\"@id\":\"https:\/\/buddyboo.fr\/de\/shop\/cbd-bonbons-ohne-thc\/minz-bonbons-cbd-ohne-thc\/#primaryimage\"},\"thumbnailUrl\":\"https:\/\/buddyboo.fr\/wp-content\/uploads\/2023\/10\/Bonbon-MENTHE-scaled.png\",\"datePublished\":\"2023-10-07T12:56:27+00:00\",\"dateModified\":\"2026-02-24T14:33:49+00:00\",\"description\":\"Entdecke die Buddy Boo Minz-CBD-Bonbons ohne THC: eine erfrischende Wohlf\u00fchlpause, THC-frei, vegan und in Frankreich hergestellt.\",\"breadcrumb\":{\"@id\":\"https:\/\/buddyboo.fr\/de\/shop\/cbd-bonbons-ohne-thc\/minz-bonbons-cbd-ohne-thc\/#breadcrumb\"},\"inLanguage\":\"de\",\"potentialAction\":[{\"@type\":\"ReadAction\",\"target\":[\"https:\/\/buddyboo.fr\/de\/shop\/cbd-bonbons-ohne-thc\/minz-bonbons-cbd-ohne-thc\/\"]}]},{\"@type\":\"ImageObject\",\"inLanguage\":\"de\",\"@id\":\"https:\/\/buddyboo.fr\/de\/shop\/cbd-bonbons-ohne-thc\/minz-bonbons-cbd-ohne-thc\/#primaryimage\",\"url\":\"https:\/\/buddyboo.fr\/wp-content\/uploads\/2023\/10\/Bonbon-MENTHE-scaled.png\",\"contentUrl\":\"https:\/\/buddyboo.fr\/wp-content\/uploads\/2023\/10\/Bonbon-MENTHE-scaled.png\",\"width\":2048,\"height\":2048,\"caption\":\"Minzbonbon - BUDDY BOO\"},{\"@type\":\"BreadcrumbList\",\"@id\":\"https:\/\/buddyboo.fr\/de\/shop\/cbd-bonbons-ohne-thc\/minz-bonbons-cbd-ohne-thc\/#breadcrumb\",\"itemListElement\":[{\"@type\":\"ListItem\",\"position\":1,\"name\":\"Accueil\",\"item\":\"https:\/\/buddyboo.fr\/de\/startseite\/\"},{\"@type\":\"ListItem\",\"position\":2,\"name\":\"THC-freier CBD-Shop\",\"item\":\"https:\/\/buddyboo.fr\/de\/shop\/\"},{\"@type\":\"ListItem\",\"position\":3,\"name\":\"CBD Bonbons ohne THC\",\"item\":\"https:\/\/buddyboo.fr\/de\/produktkategorie\/cbd-bonbons-ohne-thc\/\"},{\"@type\":\"ListItem\",\"position\":4,\"name\":\"Minz Bonbons CBD ohne THC\"}]},{\"@type\":\"WebSite\",\"@id\":\"https:\/\/buddyboo.fr\/de\/#website\",\"url\":\"https:\/\/buddyboo.fr\/de\/\",\"name\":\"BUDDY BOO\",\"description\":\"N\u00b01 DU CBD SANS THC\",\"publisher\":{\"@id\":\"https:\/\/buddyboo.fr\/de\/#organization\"},\"potentialAction\":[{\"@type\":\"SearchAction\",\"target\":{\"@type\":\"EntryPoint\",\"urlTemplate\":\"https:\/\/buddyboo.fr\/de\/?s={search_term_string}\"},\"query-input\":{\"@type\":\"PropertyValueSpecification\",\"valueRequired\":true,\"valueName\":\"search_term_string\"}}],\"inLanguage\":\"de\"},{\"@type\":\"Organization\",\"@id\":\"https:\/\/buddyboo.fr\/de\/#organization\",\"name\":\"BUDDY BOO\",\"url\":\"https:\/\/buddyboo.fr\/de\/\",\"logo\":{\"@type\":\"ImageObject\",\"inLanguage\":\"de\",\"@id\":\"https:\/\/buddyboo.fr\/de\/#\/schema\/logo\/image\/\",\"url\":\"https:\/\/buddyboo.fr\/wp-content\/uploads\/2024\/08\/logo-Buddy-Boo.svg\",\"contentUrl\":\"https:\/\/buddyboo.fr\/wp-content\/uploads\/2024\/08\/logo-Buddy-Boo.svg\",\"caption\":\"BUDDY BOO\"},\"image\":{\"@id\":\"https:\/\/buddyboo.fr\/de\/#\/schema\/logo\/image\/\"},\"sameAs\":[\"https:\/\/www.instagram.com\/buddyboo.jp\/\"]}]}<\/script>\n<!-- \/ Yoast SEO plugin. -->","yoast_head_json":{"title":"Minz-CBD-Bonbons ohne THC \u2013 Vegan & in Frankreich hergestellt","description":"Entdecke die Buddy Boo Minz-CBD-Bonbons ohne THC: eine erfrischende Wohlf\u00fchlpause, THC-frei, vegan und in Frankreich hergestellt.","robots":{"index":"index","follow":"follow","max-snippet":"max-snippet:-1","max-image-preview":"max-image-preview:large","max-video-preview":"max-video-preview:-1"},"canonical":"https:\/\/buddyboo.fr\/de\/shop\/cbd-bonbons-ohne-thc\/minz-bonbons-cbd-ohne-thc\/","og_locale":"de_DE","og_type":"article","og_title":"Minz-CBD-Bonbons ohne THC \u2013 Vegan & in Frankreich hergestellt","og_description":"Entdecke die Buddy Boo Minz-CBD-Bonbons ohne THC: eine erfrischende Wohlf\u00fchlpause, THC-frei, vegan und in Frankreich hergestellt.","og_url":"https:\/\/buddyboo.fr\/de\/shop\/cbd-bonbons-ohne-thc\/minz-bonbons-cbd-ohne-thc\/","og_site_name":"BUDDY BOO","article_modified_time":"2026-02-24T14:33:49+00:00","og_image":[{"width":2048,"height":2048,"url":"https:\/\/buddyboo.fr\/wp-content\/uploads\/2023\/10\/Bonbon-MENTHE-scaled.png","type":"image\/png"}],"twitter_card":"summary_large_image","twitter_misc":{"Gesch\u00e4tzte Lesezeit":"1\u00a0Minute"},"schema":{"@context":"https:\/\/schema.org","@graph":[{"@type":"WebPage","@id":"https:\/\/buddyboo.fr\/de\/shop\/cbd-bonbons-ohne-thc\/minz-bonbons-cbd-ohne-thc\/","url":"https:\/\/buddyboo.fr\/de\/shop\/cbd-bonbons-ohne-thc\/minz-bonbons-cbd-ohne-thc\/","name":"Minz-CBD-Bonbons ohne THC \u2013 Vegan & in Frankreich hergestellt","isPartOf":{"@id":"https:\/\/buddyboo.fr\/de\/#website"},"primaryImageOfPage":{"@id":"https:\/\/buddyboo.fr\/de\/shop\/cbd-bonbons-ohne-thc\/minz-bonbons-cbd-ohne-thc\/#primaryimage"},"image":{"@id":"https:\/\/buddyboo.fr\/de\/shop\/cbd-bonbons-ohne-thc\/minz-bonbons-cbd-ohne-thc\/#primaryimage"},"thumbnailUrl":"https:\/\/buddyboo.fr\/wp-content\/uploads\/2023\/10\/Bonbon-MENTHE-scaled.png","datePublished":"2023-10-07T12:56:27+00:00","dateModified":"2026-02-24T14:33:49+00:00","description":"Entdecke die Buddy Boo Minz-CBD-Bonbons ohne THC: eine erfrischende Wohlf\u00fchlpause, THC-frei, vegan und in Frankreich hergestellt.","breadcrumb":{"@id":"https:\/\/buddyboo.fr\/de\/shop\/cbd-bonbons-ohne-thc\/minz-bonbons-cbd-ohne-thc\/#breadcrumb"},"inLanguage":"de","potentialAction":[{"@type":"ReadAction","target":["https:\/\/buddyboo.fr\/de\/shop\/cbd-bonbons-ohne-thc\/minz-bonbons-cbd-ohne-thc\/"]}]},{"@type":"ImageObject","inLanguage":"de","@id":"https:\/\/buddyboo.fr\/de\/shop\/cbd-bonbons-ohne-thc\/minz-bonbons-cbd-ohne-thc\/#primaryimage","url":"https:\/\/buddyboo.fr\/wp-content\/uploads\/2023\/10\/Bonbon-MENTHE-scaled.png","contentUrl":"https:\/\/buddyboo.fr\/wp-content\/uploads\/2023\/10\/Bonbon-MENTHE-scaled.png","width":2048,"height":2048,"caption":"Minzbonbon - BUDDY BOO"},{"@type":"BreadcrumbList","@id":"https:\/\/buddyboo.fr\/de\/shop\/cbd-bonbons-ohne-thc\/minz-bonbons-cbd-ohne-thc\/#breadcrumb","itemListElement":[{"@type":"ListItem","position":1,"name":"Accueil","item":"https:\/\/buddyboo.fr\/de\/startseite\/"},{"@type":"ListItem","position":2,"name":"THC-freier CBD-Shop","item":"https:\/\/buddyboo.fr\/de\/shop\/"},{"@type":"ListItem","position":3,"name":"CBD Bonbons ohne THC","item":"https:\/\/buddyboo.fr\/de\/produktkategorie\/cbd-bonbons-ohne-thc\/"},{"@type":"ListItem","position":4,"name":"Minz Bonbons CBD ohne THC"}]},{"@type":"WebSite","@id":"https:\/\/buddyboo.fr\/de\/#website","url":"https:\/\/buddyboo.fr\/de\/","name":"BUDDY BOO","description":"N\u00b01 DU CBD SANS THC","publisher":{"@id":"https:\/\/buddyboo.fr\/de\/#organization"},"potentialAction":[{"@type":"SearchAction","target":{"@type":"EntryPoint","urlTemplate":"https:\/\/buddyboo.fr\/de\/?s={search_term_string}"},"query-input":{"@type":"PropertyValueSpecification","valueRequired":true,"valueName":"search_term_string"}}],"inLanguage":"de"},{"@type":"Organization","@id":"https:\/\/buddyboo.fr\/de\/#organization","name":"BUDDY BOO","url":"https:\/\/buddyboo.fr\/de\/","logo":{"@type":"ImageObject","inLanguage":"de","@id":"https:\/\/buddyboo.fr\/de\/#\/schema\/logo\/image\/","url":"https:\/\/buddyboo.fr\/wp-content\/uploads\/2024\/08\/logo-Buddy-Boo.svg","contentUrl":"https:\/\/buddyboo.fr\/wp-content\/uploads\/2024\/08\/logo-Buddy-Boo.svg","caption":"BUDDY BOO"},"image":{"@id":"https:\/\/buddyboo.fr\/de\/#\/schema\/logo\/image\/"},"sameAs":["https:\/\/www.instagram.com\/buddyboo.jp\/"]}]}},"jetpack_sharing_enabled":true,"_links":{"self":[{"href":"https:\/\/buddyboo.fr\/de\/wp-json\/wp\/v2\/product\/14458","targetHints":{"allow":["GET"]}}],"collection":[{"href":"https:\/\/buddyboo.fr\/de\/wp-json\/wp\/v2\/product"}],"about":[{"href":"https:\/\/buddyboo.fr\/de\/wp-json\/wp\/v2\/types\/product"}],"replies":[{"embeddable":true,"href":"https:\/\/buddyboo.fr\/de\/wp-json\/wp\/v2\/comments?post=14458"}],"wp:featuredmedia":[{"embeddable":true,"href":"https:\/\/buddyboo.fr\/de\/wp-json\/wp\/v2\/media\/14463"}],"wp:attachment":[{"href":"https:\/\/buddyboo.fr\/de\/wp-json\/wp\/v2\/media?parent=14458"}],"wp:term":[{"taxonomy":"product_brand","embeddable":true,"href":"https:\/\/buddyboo.fr\/de\/wp-json\/wp\/v2\/product_brand?post=14458"},{"taxonomy":"product_cat","embeddable":true,"href":"https:\/\/buddyboo.fr\/de\/wp-json\/wp\/v2\/product_cat?post=14458"},{"taxonomy":"product_tag","embeddable":true,"href":"https:\/\/buddyboo.fr\/de\/wp-json\/wp\/v2\/product_tag?post=14458"},{"taxonomy":"bienfaits","embeddable":true,"href":"https:\/\/buddyboo.fr\/de\/wp-json\/wp\/v2\/bienfaits?post=14458"}],"curies":[{"name":"wp","href":"https:\/\/api.w.org\/{rel}","templated":true}]}}