{"id":14200,"date":"2025-07-18T00:19:43","date_gmt":"2025-07-17T22:19:43","guid":{"rendered":"https:\/\/buddyboo.fr\/shop\/unkategorisiert\/white-widow\/"},"modified":"2026-03-26T15:19:25","modified_gmt":"2026-03-26T14:19:25","slug":"white-widow","status":"publish","type":"product","link":"https:\/\/buddyboo.fr\/de\/shop\/cbd-bluten-ohne-thc\/white-widow\/","title":{"rendered":"WHITE WIDOW"},"content":{"rendered":"<p>Geschmack: <strong>Kiefer \u2022 Zitrone \u2022 Fruchtig<\/strong><\/p>\n<p>CBD: <strong>15%<\/strong><\/p>\n<p>THC: <strong>0%<\/strong><\/p>\n<p>Anbau: <strong>Indoor Premium (Schweiz)<\/strong><\/p>\n<p>Genetik: <strong>Hybrid<\/strong><\/p>\n","protected":false},"excerpt":{"rendered":"<p>Entdecke die legend\u00e4re White Widow in der CBD-Version ohne THC neu. Eine cannabinoidreiche Bl\u00fcte mit authentischem Geschmack und entspannender Wirkung, signiert von BUDDY BOO.<\/p>\n","protected":false},"featured_media":14205,"comment_status":"open","ping_status":"closed","template":"","meta":[],"product_brand":[],"product_cat":[234],"product_tag":[],"bienfaits":[229,232,231],"class_list":{"0":"post-14200","1":"product","2":"type-product","3":"status-publish","4":"has-post-thumbnail","6":"product_cat-cbd-bluten-ohne-thc","7":"bienfaits-erhoht-die-konzentration","8":"bienfaits-stimuliert-positive-emotionen","9":"bienfaits-verbessert-die-schlafqualitat","11":"first","12":"instock","13":"taxable","14":"shipping-taxable","15":"purchasable","16":"product-type-variable"},"yoast_head":"<!-- This site is optimized with the Yoast SEO plugin v27.2 - https:\/\/yoast.com\/product\/yoast-seo-wordpress\/ -->\n<title>WHITE WIDOW CBD ohne THC \u2013 Premium Schweizer Bl\u00fcte (0,00%)<\/title>\n<meta name=\"description\" content=\"White Widow CBD ohne THC 15%, legend\u00e4re Bl\u00fcte mit entspannender Wirkung, ohne Risiko eines positiven Tests. Premium-Qualit\u00e4t und schnelle Lieferung in Frankreich.\" \/>\n<meta name=\"robots\" content=\"index, follow, max-snippet:-1, max-image-preview:large, max-video-preview:-1\" \/>\n<link rel=\"canonical\" href=\"https:\/\/buddyboo.fr\/de\/shop\/cbd-bluten-ohne-thc\/white-widow\/\" \/>\n<meta property=\"og:locale\" content=\"de_DE\" \/>\n<meta property=\"og:type\" content=\"article\" \/>\n<meta property=\"og:title\" content=\"WHITE WIDOW CBD ohne THC \u2013 Premium Schweizer Bl\u00fcte (0,00%)\" \/>\n<meta property=\"og:description\" content=\"White Widow CBD ohne THC 15%, legend\u00e4re Bl\u00fcte mit entspannender Wirkung, ohne Risiko eines positiven Tests. Premium-Qualit\u00e4t und schnelle Lieferung in Frankreich.\" \/>\n<meta property=\"og:url\" content=\"https:\/\/buddyboo.fr\/de\/shop\/cbd-bluten-ohne-thc\/white-widow\/\" \/>\n<meta property=\"og:site_name\" content=\"BUDDY BOO\" \/>\n<meta property=\"article:modified_time\" content=\"2026-03-26T14:19:25+00:00\" \/>\n<meta property=\"og:image\" content=\"https:\/\/buddyboo.fr\/wp-content\/uploads\/2025\/07\/White-Widow-CBD.jpg\" \/>\n\t<meta property=\"og:image:width\" content=\"1080\" \/>\n\t<meta property=\"og:image:height\" content=\"1350\" \/>\n\t<meta property=\"og:image:type\" content=\"image\/jpeg\" \/>\n<meta name=\"twitter:card\" content=\"summary_large_image\" \/>\n<meta name=\"twitter:label1\" content=\"Gesch\u00e4tzte Lesezeit\" \/>\n\t<meta name=\"twitter:data1\" content=\"1\u00a0Minute\" \/>\n<script type=\"application\/ld+json\" class=\"yoast-schema-graph\">{\"@context\":\"https:\/\/schema.org\",\"@graph\":[{\"@type\":\"WebPage\",\"@id\":\"https:\/\/buddyboo.fr\/de\/shop\/cbd-bluten-ohne-thc\/white-widow\/\",\"url\":\"https:\/\/buddyboo.fr\/de\/shop\/cbd-bluten-ohne-thc\/white-widow\/\",\"name\":\"WHITE WIDOW CBD ohne THC \u2013 Premium Schweizer Bl\u00fcte (0,00%)\",\"isPartOf\":{\"@id\":\"https:\/\/buddyboo.fr\/de\/#website\"},\"primaryImageOfPage\":{\"@id\":\"https:\/\/buddyboo.fr\/de\/shop\/cbd-bluten-ohne-thc\/white-widow\/#primaryimage\"},\"image\":{\"@id\":\"https:\/\/buddyboo.fr\/de\/shop\/cbd-bluten-ohne-thc\/white-widow\/#primaryimage\"},\"thumbnailUrl\":\"https:\/\/buddyboo.fr\/wp-content\/uploads\/2025\/07\/White-Widow-CBD.jpg\",\"datePublished\":\"2025-07-17T22:19:43+00:00\",\"dateModified\":\"2026-03-26T14:19:25+00:00\",\"description\":\"White Widow CBD ohne THC 15%, legend\u00e4re Bl\u00fcte mit entspannender Wirkung, ohne Risiko eines positiven Tests. Premium-Qualit\u00e4t und schnelle Lieferung in Frankreich.\",\"breadcrumb\":{\"@id\":\"https:\/\/buddyboo.fr\/de\/shop\/cbd-bluten-ohne-thc\/white-widow\/#breadcrumb\"},\"inLanguage\":\"de\",\"potentialAction\":[{\"@type\":\"ReadAction\",\"target\":[\"https:\/\/buddyboo.fr\/de\/shop\/cbd-bluten-ohne-thc\/white-widow\/\"]}]},{\"@type\":\"ImageObject\",\"inLanguage\":\"de\",\"@id\":\"https:\/\/buddyboo.fr\/de\/shop\/cbd-bluten-ohne-thc\/white-widow\/#primaryimage\",\"url\":\"https:\/\/buddyboo.fr\/wp-content\/uploads\/2025\/07\/White-Widow-CBD.jpg\",\"contentUrl\":\"https:\/\/buddyboo.fr\/wp-content\/uploads\/2025\/07\/White-Widow-CBD.jpg\",\"width\":1080,\"height\":1350},{\"@type\":\"BreadcrumbList\",\"@id\":\"https:\/\/buddyboo.fr\/de\/shop\/cbd-bluten-ohne-thc\/white-widow\/#breadcrumb\",\"itemListElement\":[{\"@type\":\"ListItem\",\"position\":1,\"name\":\"Accueil\",\"item\":\"https:\/\/buddyboo.fr\/de\/startseite\/\"},{\"@type\":\"ListItem\",\"position\":2,\"name\":\"THC-freier CBD-Shop\",\"item\":\"https:\/\/buddyboo.fr\/de\/shop\/\"},{\"@type\":\"ListItem\",\"position\":3,\"name\":\"CBD Bl\u00fcten ohne THC\",\"item\":\"https:\/\/buddyboo.fr\/de\/produktkategorie\/cbd-bluten-ohne-thc\/\"},{\"@type\":\"ListItem\",\"position\":4,\"name\":\"WHITE WIDOW\"}]},{\"@type\":\"WebSite\",\"@id\":\"https:\/\/buddyboo.fr\/de\/#website\",\"url\":\"https:\/\/buddyboo.fr\/de\/\",\"name\":\"BUDDY BOO\",\"description\":\"N\u00b01 DU CBD SANS THC\",\"publisher\":{\"@id\":\"https:\/\/buddyboo.fr\/de\/#organization\"},\"potentialAction\":[{\"@type\":\"SearchAction\",\"target\":{\"@type\":\"EntryPoint\",\"urlTemplate\":\"https:\/\/buddyboo.fr\/de\/?s={search_term_string}\"},\"query-input\":{\"@type\":\"PropertyValueSpecification\",\"valueRequired\":true,\"valueName\":\"search_term_string\"}}],\"inLanguage\":\"de\"},{\"@type\":\"Organization\",\"@id\":\"https:\/\/buddyboo.fr\/de\/#organization\",\"name\":\"BUDDY BOO\",\"url\":\"https:\/\/buddyboo.fr\/de\/\",\"logo\":{\"@type\":\"ImageObject\",\"inLanguage\":\"de\",\"@id\":\"https:\/\/buddyboo.fr\/de\/#\/schema\/logo\/image\/\",\"url\":\"https:\/\/buddyboo.fr\/wp-content\/uploads\/2024\/08\/logo-Buddy-Boo.svg\",\"contentUrl\":\"https:\/\/buddyboo.fr\/wp-content\/uploads\/2024\/08\/logo-Buddy-Boo.svg\",\"caption\":\"BUDDY BOO\"},\"image\":{\"@id\":\"https:\/\/buddyboo.fr\/de\/#\/schema\/logo\/image\/\"},\"sameAs\":[\"https:\/\/www.instagram.com\/buddyboo.jp\/\"]}]}<\/script>\n<!-- \/ Yoast SEO plugin. -->","yoast_head_json":{"title":"WHITE WIDOW CBD ohne THC \u2013 Premium Schweizer Bl\u00fcte (0,00%)","description":"White Widow CBD ohne THC 15%, legend\u00e4re Bl\u00fcte mit entspannender Wirkung, ohne Risiko eines positiven Tests. Premium-Qualit\u00e4t und schnelle Lieferung in Frankreich.","robots":{"index":"index","follow":"follow","max-snippet":"max-snippet:-1","max-image-preview":"max-image-preview:large","max-video-preview":"max-video-preview:-1"},"canonical":"https:\/\/buddyboo.fr\/de\/shop\/cbd-bluten-ohne-thc\/white-widow\/","og_locale":"de_DE","og_type":"article","og_title":"WHITE WIDOW CBD ohne THC \u2013 Premium Schweizer Bl\u00fcte (0,00%)","og_description":"White Widow CBD ohne THC 15%, legend\u00e4re Bl\u00fcte mit entspannender Wirkung, ohne Risiko eines positiven Tests. Premium-Qualit\u00e4t und schnelle Lieferung in Frankreich.","og_url":"https:\/\/buddyboo.fr\/de\/shop\/cbd-bluten-ohne-thc\/white-widow\/","og_site_name":"BUDDY BOO","article_modified_time":"2026-03-26T14:19:25+00:00","og_image":[{"width":1080,"height":1350,"url":"https:\/\/buddyboo.fr\/wp-content\/uploads\/2025\/07\/White-Widow-CBD.jpg","type":"image\/jpeg"}],"twitter_card":"summary_large_image","twitter_misc":{"Gesch\u00e4tzte Lesezeit":"1\u00a0Minute"},"schema":{"@context":"https:\/\/schema.org","@graph":[{"@type":"WebPage","@id":"https:\/\/buddyboo.fr\/de\/shop\/cbd-bluten-ohne-thc\/white-widow\/","url":"https:\/\/buddyboo.fr\/de\/shop\/cbd-bluten-ohne-thc\/white-widow\/","name":"WHITE WIDOW CBD ohne THC \u2013 Premium Schweizer Bl\u00fcte (0,00%)","isPartOf":{"@id":"https:\/\/buddyboo.fr\/de\/#website"},"primaryImageOfPage":{"@id":"https:\/\/buddyboo.fr\/de\/shop\/cbd-bluten-ohne-thc\/white-widow\/#primaryimage"},"image":{"@id":"https:\/\/buddyboo.fr\/de\/shop\/cbd-bluten-ohne-thc\/white-widow\/#primaryimage"},"thumbnailUrl":"https:\/\/buddyboo.fr\/wp-content\/uploads\/2025\/07\/White-Widow-CBD.jpg","datePublished":"2025-07-17T22:19:43+00:00","dateModified":"2026-03-26T14:19:25+00:00","description":"White Widow CBD ohne THC 15%, legend\u00e4re Bl\u00fcte mit entspannender Wirkung, ohne Risiko eines positiven Tests. Premium-Qualit\u00e4t und schnelle Lieferung in Frankreich.","breadcrumb":{"@id":"https:\/\/buddyboo.fr\/de\/shop\/cbd-bluten-ohne-thc\/white-widow\/#breadcrumb"},"inLanguage":"de","potentialAction":[{"@type":"ReadAction","target":["https:\/\/buddyboo.fr\/de\/shop\/cbd-bluten-ohne-thc\/white-widow\/"]}]},{"@type":"ImageObject","inLanguage":"de","@id":"https:\/\/buddyboo.fr\/de\/shop\/cbd-bluten-ohne-thc\/white-widow\/#primaryimage","url":"https:\/\/buddyboo.fr\/wp-content\/uploads\/2025\/07\/White-Widow-CBD.jpg","contentUrl":"https:\/\/buddyboo.fr\/wp-content\/uploads\/2025\/07\/White-Widow-CBD.jpg","width":1080,"height":1350},{"@type":"BreadcrumbList","@id":"https:\/\/buddyboo.fr\/de\/shop\/cbd-bluten-ohne-thc\/white-widow\/#breadcrumb","itemListElement":[{"@type":"ListItem","position":1,"name":"Accueil","item":"https:\/\/buddyboo.fr\/de\/startseite\/"},{"@type":"ListItem","position":2,"name":"THC-freier CBD-Shop","item":"https:\/\/buddyboo.fr\/de\/shop\/"},{"@type":"ListItem","position":3,"name":"CBD Bl\u00fcten ohne THC","item":"https:\/\/buddyboo.fr\/de\/produktkategorie\/cbd-bluten-ohne-thc\/"},{"@type":"ListItem","position":4,"name":"WHITE WIDOW"}]},{"@type":"WebSite","@id":"https:\/\/buddyboo.fr\/de\/#website","url":"https:\/\/buddyboo.fr\/de\/","name":"BUDDY BOO","description":"N\u00b01 DU CBD SANS THC","publisher":{"@id":"https:\/\/buddyboo.fr\/de\/#organization"},"potentialAction":[{"@type":"SearchAction","target":{"@type":"EntryPoint","urlTemplate":"https:\/\/buddyboo.fr\/de\/?s={search_term_string}"},"query-input":{"@type":"PropertyValueSpecification","valueRequired":true,"valueName":"search_term_string"}}],"inLanguage":"de"},{"@type":"Organization","@id":"https:\/\/buddyboo.fr\/de\/#organization","name":"BUDDY BOO","url":"https:\/\/buddyboo.fr\/de\/","logo":{"@type":"ImageObject","inLanguage":"de","@id":"https:\/\/buddyboo.fr\/de\/#\/schema\/logo\/image\/","url":"https:\/\/buddyboo.fr\/wp-content\/uploads\/2024\/08\/logo-Buddy-Boo.svg","contentUrl":"https:\/\/buddyboo.fr\/wp-content\/uploads\/2024\/08\/logo-Buddy-Boo.svg","caption":"BUDDY BOO"},"image":{"@id":"https:\/\/buddyboo.fr\/de\/#\/schema\/logo\/image\/"},"sameAs":["https:\/\/www.instagram.com\/buddyboo.jp\/"]}]}},"jetpack_sharing_enabled":true,"_links":{"self":[{"href":"https:\/\/buddyboo.fr\/de\/wp-json\/wp\/v2\/product\/14200","targetHints":{"allow":["GET"]}}],"collection":[{"href":"https:\/\/buddyboo.fr\/de\/wp-json\/wp\/v2\/product"}],"about":[{"href":"https:\/\/buddyboo.fr\/de\/wp-json\/wp\/v2\/types\/product"}],"replies":[{"embeddable":true,"href":"https:\/\/buddyboo.fr\/de\/wp-json\/wp\/v2\/comments?post=14200"}],"wp:featuredmedia":[{"embeddable":true,"href":"https:\/\/buddyboo.fr\/de\/wp-json\/wp\/v2\/media\/14205"}],"wp:attachment":[{"href":"https:\/\/buddyboo.fr\/de\/wp-json\/wp\/v2\/media?parent=14200"}],"wp:term":[{"taxonomy":"product_brand","embeddable":true,"href":"https:\/\/buddyboo.fr\/de\/wp-json\/wp\/v2\/product_brand?post=14200"},{"taxonomy":"product_cat","embeddable":true,"href":"https:\/\/buddyboo.fr\/de\/wp-json\/wp\/v2\/product_cat?post=14200"},{"taxonomy":"product_tag","embeddable":true,"href":"https:\/\/buddyboo.fr\/de\/wp-json\/wp\/v2\/product_tag?post=14200"},{"taxonomy":"bienfaits","embeddable":true,"href":"https:\/\/buddyboo.fr\/de\/wp-json\/wp\/v2\/bienfaits?post=14200"}],"curies":[{"name":"wp","href":"https:\/\/api.w.org\/{rel}","templated":true}]}}