{"id":13916,"date":"2025-10-15T14:49:50","date_gmt":"2025-10-15T12:49:50","guid":{"rendered":"https:\/\/buddyboo.fr\/shop\/unkategorisiert\/vibes-king-size-filterdrehpapier\/"},"modified":"2026-02-24T10:26:52","modified_gmt":"2026-02-24T09:26:52","slug":"vibes-king-size-filterdrehpapier","status":"publish","type":"product","link":"https:\/\/buddyboo.fr\/de\/shop\/cbd-zubehor\/vibes-king-size-filterdrehpapier\/","title":{"rendered":"VIBES King Size + Filter<br>Drehpapier"},"content":{"rendered":"","protected":false},"excerpt":{"rendered":"<p><strong>Catch a Vibe<\/strong> mit den <strong>VIBES Ultra Thin King Size Slim Bl\u00e4ttchen!<\/strong><br \/>\nUngebleicht und unter den d\u00fcnnsten auf dem Markt, bewahren sie die Aromen perfekt. Ihre langsame und gleichm\u00e4\u00dfige Verbrennung veredelt jedes Drehen. Slim-Format, Sternen-Design, 33 Bl\u00e4tter pro Heft f\u00fcr Sessions, die gl\u00e4nzen.  <\/p>\n","protected":false},"featured_media":13919,"comment_status":"open","ping_status":"closed","template":"","meta":[],"product_brand":[],"product_cat":[238],"product_tag":[],"bienfaits":[229,230,232],"class_list":{"0":"post-13916","1":"product","2":"type-product","3":"status-publish","4":"has-post-thumbnail","6":"product_cat-cbd-zubehor","7":"bienfaits-erhoht-die-konzentration","8":"bienfaits-gibt-energie-zuruck","9":"bienfaits-stimuliert-positive-emotionen","11":"first","12":"outofstock","13":"sale","14":"taxable","15":"shipping-taxable","16":"purchasable","17":"product-type-variable"},"yoast_head":"<!-- This site is optimized with the Yoast SEO plugin v27.2 - https:\/\/yoast.com\/product\/yoast-seo-wordpress\/ -->\n<title>VIBES King Size Slim + Filter Bl\u00e4ttchen kaufen | BUDDY BOO<\/title>\n<meta name=\"description\" content=\"Vibes King Size Slim Bl\u00e4ttchen, ungebleicht, ultrad\u00fcnn. Langsame Verbrennung, reiner Geschmack. Premium, nat\u00fcrlich, Expresslieferung 48\/72h.\" \/>\n<meta name=\"robots\" content=\"index, follow, max-snippet:-1, max-image-preview:large, max-video-preview:-1\" \/>\n<link rel=\"canonical\" href=\"https:\/\/buddyboo.fr\/de\/shop\/cbd-zubehor\/vibes-king-size-filterdrehpapier\/\" \/>\n<meta property=\"og:locale\" content=\"de_DE\" \/>\n<meta property=\"og:type\" content=\"article\" \/>\n<meta property=\"og:title\" content=\"VIBES King Size Slim + Filter Bl\u00e4ttchen kaufen | BUDDY BOO\" \/>\n<meta property=\"og:description\" content=\"Vibes King Size Slim Bl\u00e4ttchen, ungebleicht, ultrad\u00fcnn. Langsame Verbrennung, reiner Geschmack. Premium, nat\u00fcrlich, Expresslieferung 48\/72h.\" \/>\n<meta property=\"og:url\" content=\"https:\/\/buddyboo.fr\/de\/shop\/cbd-zubehor\/vibes-king-size-filterdrehpapier\/\" \/>\n<meta property=\"og:site_name\" content=\"BUDDY BOO\" \/>\n<meta property=\"article:modified_time\" content=\"2026-02-24T09:26:52+00:00\" \/>\n<meta property=\"og:image\" content=\"https:\/\/buddyboo.fr\/wp-content\/uploads\/2025\/10\/Feuilles-a-rouler-Vibes-King-Size-Ultra-Thin-\u2013-BUDDY-BOO-scaled.jpg\" \/>\n\t<meta property=\"og:image:width\" content=\"2048\" \/>\n\t<meta property=\"og:image:height\" content=\"2048\" \/>\n\t<meta property=\"og:image:type\" content=\"image\/jpeg\" \/>\n<meta name=\"twitter:card\" content=\"summary_large_image\" \/>\n<script type=\"application\/ld+json\" class=\"yoast-schema-graph\">{\"@context\":\"https:\/\/schema.org\",\"@graph\":[{\"@type\":\"WebPage\",\"@id\":\"https:\/\/buddyboo.fr\/de\/shop\/cbd-zubehor\/vibes-king-size-filterdrehpapier\/\",\"url\":\"https:\/\/buddyboo.fr\/de\/shop\/cbd-zubehor\/vibes-king-size-filterdrehpapier\/\",\"name\":\"VIBES King Size Slim + Filter Bl\u00e4ttchen kaufen | BUDDY BOO\",\"isPartOf\":{\"@id\":\"https:\/\/buddyboo.fr\/de\/#website\"},\"primaryImageOfPage\":{\"@id\":\"https:\/\/buddyboo.fr\/de\/shop\/cbd-zubehor\/vibes-king-size-filterdrehpapier\/#primaryimage\"},\"image\":{\"@id\":\"https:\/\/buddyboo.fr\/de\/shop\/cbd-zubehor\/vibes-king-size-filterdrehpapier\/#primaryimage\"},\"thumbnailUrl\":\"https:\/\/buddyboo.fr\/wp-content\/uploads\/2025\/10\/Feuilles-a-rouler-Vibes-King-Size-Ultra-Thin-\u2013-BUDDY-BOO-scaled.jpg\",\"datePublished\":\"2025-10-15T12:49:50+00:00\",\"dateModified\":\"2026-02-24T09:26:52+00:00\",\"description\":\"Vibes King Size Slim Bl\u00e4ttchen, ungebleicht, ultrad\u00fcnn. Langsame Verbrennung, reiner Geschmack. Premium, nat\u00fcrlich, Expresslieferung 48\/72h.\",\"breadcrumb\":{\"@id\":\"https:\/\/buddyboo.fr\/de\/shop\/cbd-zubehor\/vibes-king-size-filterdrehpapier\/#breadcrumb\"},\"inLanguage\":\"de\",\"potentialAction\":[{\"@type\":\"ReadAction\",\"target\":[\"https:\/\/buddyboo.fr\/de\/shop\/cbd-zubehor\/vibes-king-size-filterdrehpapier\/\"]}]},{\"@type\":\"ImageObject\",\"inLanguage\":\"de\",\"@id\":\"https:\/\/buddyboo.fr\/de\/shop\/cbd-zubehor\/vibes-king-size-filterdrehpapier\/#primaryimage\",\"url\":\"https:\/\/buddyboo.fr\/wp-content\/uploads\/2025\/10\/Feuilles-a-rouler-Vibes-King-Size-Ultra-Thin-\u2013-BUDDY-BOO-scaled.jpg\",\"contentUrl\":\"https:\/\/buddyboo.fr\/wp-content\/uploads\/2025\/10\/Feuilles-a-rouler-Vibes-King-Size-Ultra-Thin-\u2013-BUDDY-BOO-scaled.jpg\",\"width\":2048,\"height\":2048,\"caption\":\"Vibes King Size Ultra Thin Bl\u00e4ttchen BUDDY BOO \u2013 elegantes Design, ultrad\u00fcnnes Papier und gleichm\u00e4\u00dfige Verbrennung.\"},{\"@type\":\"BreadcrumbList\",\"@id\":\"https:\/\/buddyboo.fr\/de\/shop\/cbd-zubehor\/vibes-king-size-filterdrehpapier\/#breadcrumb\",\"itemListElement\":[{\"@type\":\"ListItem\",\"position\":1,\"name\":\"Accueil\",\"item\":\"https:\/\/buddyboo.fr\/de\/startseite\/\"},{\"@type\":\"ListItem\",\"position\":2,\"name\":\"THC-freier CBD-Shop\",\"item\":\"https:\/\/buddyboo.fr\/de\/shop\/\"},{\"@type\":\"ListItem\",\"position\":3,\"name\":\"CBD-Zubeh\u00f6r\",\"item\":\"https:\/\/buddyboo.fr\/de\/produktkategorie\/cbd-zubehor\/\"},{\"@type\":\"ListItem\",\"position\":4,\"name\":\"VIBES King Size + FilterDrehpapier\"}]},{\"@type\":\"WebSite\",\"@id\":\"https:\/\/buddyboo.fr\/de\/#website\",\"url\":\"https:\/\/buddyboo.fr\/de\/\",\"name\":\"BUDDY BOO\",\"description\":\"N\u00b01 DU CBD SANS THC\",\"publisher\":{\"@id\":\"https:\/\/buddyboo.fr\/de\/#organization\"},\"potentialAction\":[{\"@type\":\"SearchAction\",\"target\":{\"@type\":\"EntryPoint\",\"urlTemplate\":\"https:\/\/buddyboo.fr\/de\/?s={search_term_string}\"},\"query-input\":{\"@type\":\"PropertyValueSpecification\",\"valueRequired\":true,\"valueName\":\"search_term_string\"}}],\"inLanguage\":\"de\"},{\"@type\":\"Organization\",\"@id\":\"https:\/\/buddyboo.fr\/de\/#organization\",\"name\":\"BUDDY BOO\",\"url\":\"https:\/\/buddyboo.fr\/de\/\",\"logo\":{\"@type\":\"ImageObject\",\"inLanguage\":\"de\",\"@id\":\"https:\/\/buddyboo.fr\/de\/#\/schema\/logo\/image\/\",\"url\":\"https:\/\/buddyboo.fr\/wp-content\/uploads\/2024\/08\/logo-Buddy-Boo.svg\",\"contentUrl\":\"https:\/\/buddyboo.fr\/wp-content\/uploads\/2024\/08\/logo-Buddy-Boo.svg\",\"caption\":\"BUDDY BOO\"},\"image\":{\"@id\":\"https:\/\/buddyboo.fr\/de\/#\/schema\/logo\/image\/\"},\"sameAs\":[\"https:\/\/www.instagram.com\/buddyboo.jp\/\"]}]}<\/script>\n<!-- \/ Yoast SEO plugin. -->","yoast_head_json":{"title":"VIBES King Size Slim + Filter Bl\u00e4ttchen kaufen | BUDDY BOO","description":"Vibes King Size Slim Bl\u00e4ttchen, ungebleicht, ultrad\u00fcnn. Langsame Verbrennung, reiner Geschmack. Premium, nat\u00fcrlich, Expresslieferung 48\/72h.","robots":{"index":"index","follow":"follow","max-snippet":"max-snippet:-1","max-image-preview":"max-image-preview:large","max-video-preview":"max-video-preview:-1"},"canonical":"https:\/\/buddyboo.fr\/de\/shop\/cbd-zubehor\/vibes-king-size-filterdrehpapier\/","og_locale":"de_DE","og_type":"article","og_title":"VIBES King Size Slim + Filter Bl\u00e4ttchen kaufen | BUDDY BOO","og_description":"Vibes King Size Slim Bl\u00e4ttchen, ungebleicht, ultrad\u00fcnn. Langsame Verbrennung, reiner Geschmack. Premium, nat\u00fcrlich, Expresslieferung 48\/72h.","og_url":"https:\/\/buddyboo.fr\/de\/shop\/cbd-zubehor\/vibes-king-size-filterdrehpapier\/","og_site_name":"BUDDY BOO","article_modified_time":"2026-02-24T09:26:52+00:00","og_image":[{"width":2048,"height":2048,"url":"https:\/\/buddyboo.fr\/wp-content\/uploads\/2025\/10\/Feuilles-a-rouler-Vibes-King-Size-Ultra-Thin-\u2013-BUDDY-BOO-scaled.jpg","type":"image\/jpeg"}],"twitter_card":"summary_large_image","schema":{"@context":"https:\/\/schema.org","@graph":[{"@type":"WebPage","@id":"https:\/\/buddyboo.fr\/de\/shop\/cbd-zubehor\/vibes-king-size-filterdrehpapier\/","url":"https:\/\/buddyboo.fr\/de\/shop\/cbd-zubehor\/vibes-king-size-filterdrehpapier\/","name":"VIBES King Size Slim + Filter Bl\u00e4ttchen kaufen | BUDDY BOO","isPartOf":{"@id":"https:\/\/buddyboo.fr\/de\/#website"},"primaryImageOfPage":{"@id":"https:\/\/buddyboo.fr\/de\/shop\/cbd-zubehor\/vibes-king-size-filterdrehpapier\/#primaryimage"},"image":{"@id":"https:\/\/buddyboo.fr\/de\/shop\/cbd-zubehor\/vibes-king-size-filterdrehpapier\/#primaryimage"},"thumbnailUrl":"https:\/\/buddyboo.fr\/wp-content\/uploads\/2025\/10\/Feuilles-a-rouler-Vibes-King-Size-Ultra-Thin-\u2013-BUDDY-BOO-scaled.jpg","datePublished":"2025-10-15T12:49:50+00:00","dateModified":"2026-02-24T09:26:52+00:00","description":"Vibes King Size Slim Bl\u00e4ttchen, ungebleicht, ultrad\u00fcnn. Langsame Verbrennung, reiner Geschmack. Premium, nat\u00fcrlich, Expresslieferung 48\/72h.","breadcrumb":{"@id":"https:\/\/buddyboo.fr\/de\/shop\/cbd-zubehor\/vibes-king-size-filterdrehpapier\/#breadcrumb"},"inLanguage":"de","potentialAction":[{"@type":"ReadAction","target":["https:\/\/buddyboo.fr\/de\/shop\/cbd-zubehor\/vibes-king-size-filterdrehpapier\/"]}]},{"@type":"ImageObject","inLanguage":"de","@id":"https:\/\/buddyboo.fr\/de\/shop\/cbd-zubehor\/vibes-king-size-filterdrehpapier\/#primaryimage","url":"https:\/\/buddyboo.fr\/wp-content\/uploads\/2025\/10\/Feuilles-a-rouler-Vibes-King-Size-Ultra-Thin-\u2013-BUDDY-BOO-scaled.jpg","contentUrl":"https:\/\/buddyboo.fr\/wp-content\/uploads\/2025\/10\/Feuilles-a-rouler-Vibes-King-Size-Ultra-Thin-\u2013-BUDDY-BOO-scaled.jpg","width":2048,"height":2048,"caption":"Vibes King Size Ultra Thin Bl\u00e4ttchen BUDDY BOO \u2013 elegantes Design, ultrad\u00fcnnes Papier und gleichm\u00e4\u00dfige Verbrennung."},{"@type":"BreadcrumbList","@id":"https:\/\/buddyboo.fr\/de\/shop\/cbd-zubehor\/vibes-king-size-filterdrehpapier\/#breadcrumb","itemListElement":[{"@type":"ListItem","position":1,"name":"Accueil","item":"https:\/\/buddyboo.fr\/de\/startseite\/"},{"@type":"ListItem","position":2,"name":"THC-freier CBD-Shop","item":"https:\/\/buddyboo.fr\/de\/shop\/"},{"@type":"ListItem","position":3,"name":"CBD-Zubeh\u00f6r","item":"https:\/\/buddyboo.fr\/de\/produktkategorie\/cbd-zubehor\/"},{"@type":"ListItem","position":4,"name":"VIBES King Size + FilterDrehpapier"}]},{"@type":"WebSite","@id":"https:\/\/buddyboo.fr\/de\/#website","url":"https:\/\/buddyboo.fr\/de\/","name":"BUDDY BOO","description":"N\u00b01 DU CBD SANS THC","publisher":{"@id":"https:\/\/buddyboo.fr\/de\/#organization"},"potentialAction":[{"@type":"SearchAction","target":{"@type":"EntryPoint","urlTemplate":"https:\/\/buddyboo.fr\/de\/?s={search_term_string}"},"query-input":{"@type":"PropertyValueSpecification","valueRequired":true,"valueName":"search_term_string"}}],"inLanguage":"de"},{"@type":"Organization","@id":"https:\/\/buddyboo.fr\/de\/#organization","name":"BUDDY BOO","url":"https:\/\/buddyboo.fr\/de\/","logo":{"@type":"ImageObject","inLanguage":"de","@id":"https:\/\/buddyboo.fr\/de\/#\/schema\/logo\/image\/","url":"https:\/\/buddyboo.fr\/wp-content\/uploads\/2024\/08\/logo-Buddy-Boo.svg","contentUrl":"https:\/\/buddyboo.fr\/wp-content\/uploads\/2024\/08\/logo-Buddy-Boo.svg","caption":"BUDDY BOO"},"image":{"@id":"https:\/\/buddyboo.fr\/de\/#\/schema\/logo\/image\/"},"sameAs":["https:\/\/www.instagram.com\/buddyboo.jp\/"]}]}},"jetpack_sharing_enabled":true,"_links":{"self":[{"href":"https:\/\/buddyboo.fr\/de\/wp-json\/wp\/v2\/product\/13916","targetHints":{"allow":["GET"]}}],"collection":[{"href":"https:\/\/buddyboo.fr\/de\/wp-json\/wp\/v2\/product"}],"about":[{"href":"https:\/\/buddyboo.fr\/de\/wp-json\/wp\/v2\/types\/product"}],"replies":[{"embeddable":true,"href":"https:\/\/buddyboo.fr\/de\/wp-json\/wp\/v2\/comments?post=13916"}],"wp:featuredmedia":[{"embeddable":true,"href":"https:\/\/buddyboo.fr\/de\/wp-json\/wp\/v2\/media\/13919"}],"wp:attachment":[{"href":"https:\/\/buddyboo.fr\/de\/wp-json\/wp\/v2\/media?parent=13916"}],"wp:term":[{"taxonomy":"product_brand","embeddable":true,"href":"https:\/\/buddyboo.fr\/de\/wp-json\/wp\/v2\/product_brand?post=13916"},{"taxonomy":"product_cat","embeddable":true,"href":"https:\/\/buddyboo.fr\/de\/wp-json\/wp\/v2\/product_cat?post=13916"},{"taxonomy":"product_tag","embeddable":true,"href":"https:\/\/buddyboo.fr\/de\/wp-json\/wp\/v2\/product_tag?post=13916"},{"taxonomy":"bienfaits","embeddable":true,"href":"https:\/\/buddyboo.fr\/de\/wp-json\/wp\/v2\/bienfaits?post=13916"}],"curies":[{"name":"wp","href":"https:\/\/api.w.org\/{rel}","templated":true}]}}