{"id":13454,"date":"2021-08-23T02:10:02","date_gmt":"2021-08-23T00:10:02","guid":{"rendered":"https:\/\/buddyboo.fr\/ueber-uns\/"},"modified":"2026-02-24T13:41:45","modified_gmt":"2026-02-24T12:41:45","slug":"ueber-uns","status":"publish","type":"page","link":"https:\/\/buddyboo.fr\/de\/ueber-uns\/","title":{"rendered":"\u00dcber uns"},"content":{"rendered":"\t\t<div data-elementor-type=\"wp-page\" data-elementor-id=\"13454\" class=\"elementor elementor-13454 elementor-381\" data-elementor-post-type=\"page\">\n\t\t\t\t<div class=\"elementor-element elementor-element-22aac06 e-flex e-con-boxed e-con e-parent\" data-id=\"22aac06\" data-element_type=\"container\" data-e-type=\"container\">\n\t\t\t\t\t<div class=\"e-con-inner\">\n\t\t\t\t<div class=\"elementor-element elementor-element-c048a98 elementor-widget__width-inherit elementor-widget elementor-widget-heading\" data-id=\"c048a98\" data-element_type=\"widget\" data-e-type=\"widget\" data-widget_type=\"heading.default\">\n\t\t\t\t\t<h1 class=\"elementor-heading-title elementor-size-default\">\u00dcBER <span class=\"purple-text2\">UNS<\/span><\/h1>\t\t\t\t<\/div>\n\t\t<div class=\"elementor-element elementor-element-23c5d56 e-con-full e-flex e-con e-child\" data-id=\"23c5d56\" data-element_type=\"container\" data-e-type=\"container\" data-settings=\"{&quot;background_background&quot;:&quot;classic&quot;,&quot;background_motion_fx_motion_fx_scrolling&quot;:&quot;yes&quot;,&quot;background_motion_fx_translateY_effect&quot;:&quot;yes&quot;,&quot;background_motion_fx_translateY_direction&quot;:&quot;negative&quot;,&quot;background_motion_fx_translateY_speed&quot;:{&quot;unit&quot;:&quot;px&quot;,&quot;size&quot;:1,&quot;sizes&quot;:[]},&quot;background_motion_fx_translateY_affectedRange&quot;:{&quot;unit&quot;:&quot;%&quot;,&quot;size&quot;:&quot;&quot;,&quot;sizes&quot;:{&quot;start&quot;:0,&quot;end&quot;:100}},&quot;background_motion_fx_devices&quot;:[&quot;desktop&quot;,&quot;tablet&quot;,&quot;mobile&quot;]}\">\n\t\t\t\t<\/div>\n\t\t\t\t<div class=\"elementor-element elementor-element-f3f03b0 elementor-widget__width-initial big-h2 elementor-widget elementor-widget-text-editor\" data-id=\"f3f03b0\" data-element_type=\"widget\" data-e-type=\"widget\" data-widget_type=\"text-editor.default\">\n\t\t\t\t\t\t\t\t\t<h2>Das Abenteuer<\/h2>\n<p>Ich hatte die Nase voll von THC und seinen berauschenden Effekten. Um mich herum hatten meine Freunde bei jedem Joint Angst um ihren F\u00fchrerschein. Da habe ich die Kraft von CBD entdeckt. Mit Buddy Boo wollte ich eine saubere, stylische und hochwertige Alternative schaffen. Eine Marke, die f\u00fcr risikofreien Genuss in v\u00f6lliger Freiheit steht. Entdecke, wie alles begann!     <\/p>\t\t\t\t\t\t\t\t<\/div>\n\t\t\t\t\t<\/div>\n\t\t\t\t<\/div>\n\t\t<div class=\"elementor-element elementor-element-93b138d e-flex e-con-boxed e-con e-parent\" data-id=\"93b138d\" data-element_type=\"container\" data-e-type=\"container\" data-settings=\"{&quot;background_background&quot;:&quot;classic&quot;}\">\n\t\t\t\t\t<div class=\"e-con-inner\">\n\t\t\t\t<div class=\"elementor-element elementor-element-f005805 elementor-widget__width-initial elementor-widget-mobile__width-inherit h2-white elementor-widget-tablet__width-inherit elementor-widget elementor-widget-text-editor\" data-id=\"f005805\" data-element_type=\"widget\" data-e-type=\"widget\" data-widget_type=\"text-editor.default\">\n\t\t\t\t\t\t\t\t\t<h2>Das Konzept<\/h2>\nWir brechen mit den Konventionen des klassischen CBD. Schluss mit h\u00e4sslichen T\u00fcten und zweifelhaften Produkten! Buddy Boo steht f\u00fcr hochwertigen Hanf, sorgf\u00e4ltig ausgew\u00e4hlt und mit Liebe gestaltet.\nWir setzen auf Transparenz, Qualit\u00e4t und Genuss. Produkte, die K\u00f6rper und Geist guttun \u2013 und deinem Lifestyle. Ob Entspannung, Fokus oder Regeneration \u2013 wir haben, was du brauchst.\nDas Ganze 100 % legal, 0 % THC. Einfach, sauber, effektiv.     \t\t\t\t\t\t\t\t<\/div>\n\t\t\t\t\t<\/div>\n\t\t\t\t<\/div>\n\t\t<div class=\"elementor-element elementor-element-aae6407 e-flex e-con-boxed e-con e-parent\" data-id=\"aae6407\" data-element_type=\"container\" data-e-type=\"container\">\n\t\t\t\t\t<div class=\"e-con-inner\">\n\t\t\t\t<div class=\"elementor-element elementor-element-777709d elementor-widget__width-initial big-h2 elementor-widget elementor-widget-text-editor\" data-id=\"777709d\" data-element_type=\"widget\" data-e-type=\"widget\" data-widget_type=\"text-editor.default\">\n\t\t\t\t\t\t\t\t\t<h2>Das Universum<\/h2><p>Willkommen im Buddy Boo Universum: eine Welt, in der Wohlbefinden auf Style trifft.<br>Hier ist CBD nicht nur ein Produkt<br>es ist eine Lebenseinstellung.<br>Durchdachtes Design, entspannte Vibes, freier Geist. Wir lassen uns von Streetwear, Popkultur und einem selbstbewussten Lifestyle inspirieren: gesund, cool und kompromisslos.<br>Jedes Detail z\u00e4hlt: Von unseren Verpackungen bis zu unserer Kommunikation brechen wir mit den Klischees rund um Hanf und schaffen eine einzigartige Marke, die zu dir passt. <\/p>\t\t\t\t\t\t\t\t<\/div>\n\t\t<div class=\"elementor-element elementor-element-f8ddd26 e-con-full e-flex e-con e-child\" data-id=\"f8ddd26\" data-element_type=\"container\" data-e-type=\"container\" data-settings=\"{&quot;background_background&quot;:&quot;classic&quot;,&quot;background_motion_fx_motion_fx_scrolling&quot;:&quot;yes&quot;,&quot;background_motion_fx_translateY_effect&quot;:&quot;yes&quot;,&quot;background_motion_fx_translateY_speed&quot;:{&quot;unit&quot;:&quot;px&quot;,&quot;size&quot;:1,&quot;sizes&quot;:[]},&quot;background_motion_fx_translateY_affectedRange&quot;:{&quot;unit&quot;:&quot;%&quot;,&quot;size&quot;:&quot;&quot;,&quot;sizes&quot;:{&quot;start&quot;:0,&quot;end&quot;:100}},&quot;background_motion_fx_devices&quot;:[&quot;desktop&quot;,&quot;tablet&quot;,&quot;mobile&quot;]}\">\n\t\t\t\t<\/div>\n\t\t\t\t\t<\/div>\n\t\t\t\t<\/div>\n\t\t\t\t<\/div>\n\t\t","protected":false},"excerpt":{"rendered":"<p>\u00dcBER UNS Das Abenteuer Ich hatte die Nase voll von THC und seinen berauschenden Effekten. Um mich herum hatten meine Freunde bei jedem Joint Angst um ihren F\u00fchrerschein. Da habe ich die Kraft von CBD entdeckt. Mit Buddy Boo wollte ich eine saubere, stylische und hochwertige Alternative schaffen. Eine Marke, die f\u00fcr risikofreien Genuss in [&hellip;]<\/p>\n","protected":false},"author":1,"featured_media":15200,"parent":0,"menu_order":0,"comment_status":"closed","ping_status":"closed","template":"elementor_header_footer","meta":{"footnotes":""},"class_list":["post-13454","page","type-page","status-publish","has-post-thumbnail","hentry"],"yoast_head":"<!-- This site is optimized with the Yoast SEO plugin v27.2 - https:\/\/yoast.com\/product\/yoast-seo-wordpress\/ -->\n<title>Entdecke BUDDY BOO und seine Geschichte rund um CBD ohne THC!<\/title>\n<meta name=\"description\" content=\"Das Abenteuer Buddy Boo begann 2019 mit den ersten Recherchen zur Entwicklung von CBD-Produkten mit 0 % THC, um zu erm\u00f6glichen...\" \/>\n<meta name=\"robots\" content=\"index, follow, max-snippet:-1, max-image-preview:large, max-video-preview:-1\" \/>\n<link rel=\"canonical\" href=\"https:\/\/buddyboo.fr\/de\/ueber-uns\/\" \/>\n<meta property=\"og:locale\" content=\"de_DE\" \/>\n<meta property=\"og:type\" content=\"article\" \/>\n<meta property=\"og:title\" content=\"Entdecke BUDDY BOO und seine Geschichte rund um CBD ohne THC!\" \/>\n<meta property=\"og:description\" content=\"Das Abenteuer Buddy Boo begann 2019 mit den ersten Recherchen zur Entwicklung von CBD-Produkten mit 0 % THC, um zu erm\u00f6glichen...\" \/>\n<meta property=\"og:url\" content=\"https:\/\/buddyboo.fr\/de\/ueber-uns\/\" \/>\n<meta property=\"og:site_name\" content=\"BUDDY BOO\" \/>\n<meta property=\"article:modified_time\" content=\"2026-02-24T12:41:45+00:00\" \/>\n<meta property=\"og:image\" content=\"https:\/\/buddyboo.fr\/wp-content\/uploads\/2026\/02\/featured-image-buddyboo.jpg\" \/>\n\t<meta property=\"og:image:width\" content=\"1200\" \/>\n\t<meta property=\"og:image:height\" content=\"628\" \/>\n\t<meta property=\"og:image:type\" content=\"image\/jpeg\" \/>\n<meta name=\"twitter:card\" content=\"summary_large_image\" \/>\n<meta name=\"twitter:label1\" content=\"Gesch\u00e4tzte Lesezeit\" \/>\n\t<meta name=\"twitter:data1\" content=\"1\u00a0Minute\" \/>\n<script type=\"application\/ld+json\" class=\"yoast-schema-graph\">{\"@context\":\"https:\/\/schema.org\",\"@graph\":[{\"@type\":\"WebPage\",\"@id\":\"https:\/\/buddyboo.fr\/de\/ueber-uns\/\",\"url\":\"https:\/\/buddyboo.fr\/de\/ueber-uns\/\",\"name\":\"Entdecke BUDDY BOO und seine Geschichte rund um CBD ohne THC!\",\"isPartOf\":{\"@id\":\"https:\/\/buddyboo.fr\/de\/#website\"},\"primaryImageOfPage\":{\"@id\":\"https:\/\/buddyboo.fr\/de\/ueber-uns\/#primaryimage\"},\"image\":{\"@id\":\"https:\/\/buddyboo.fr\/de\/ueber-uns\/#primaryimage\"},\"thumbnailUrl\":\"https:\/\/buddyboo.fr\/wp-content\/uploads\/2026\/02\/featured-image-buddyboo.jpg\",\"datePublished\":\"2021-08-23T00:10:02+00:00\",\"dateModified\":\"2026-02-24T12:41:45+00:00\",\"description\":\"Das Abenteuer Buddy Boo begann 2019 mit den ersten Recherchen zur Entwicklung von CBD-Produkten mit 0 % THC, um zu erm\u00f6glichen...\",\"breadcrumb\":{\"@id\":\"https:\/\/buddyboo.fr\/de\/ueber-uns\/#breadcrumb\"},\"inLanguage\":\"de\",\"potentialAction\":[{\"@type\":\"ReadAction\",\"target\":[\"https:\/\/buddyboo.fr\/de\/ueber-uns\/\"]}]},{\"@type\":\"ImageObject\",\"inLanguage\":\"de\",\"@id\":\"https:\/\/buddyboo.fr\/de\/ueber-uns\/#primaryimage\",\"url\":\"https:\/\/buddyboo.fr\/wp-content\/uploads\/2026\/02\/featured-image-buddyboo.jpg\",\"contentUrl\":\"https:\/\/buddyboo.fr\/wp-content\/uploads\/2026\/02\/featured-image-buddyboo.jpg\",\"width\":1200,\"height\":628},{\"@type\":\"BreadcrumbList\",\"@id\":\"https:\/\/buddyboo.fr\/de\/ueber-uns\/#breadcrumb\",\"itemListElement\":[{\"@type\":\"ListItem\",\"position\":1,\"name\":\"Accueil\",\"item\":\"https:\/\/buddyboo.fr\/de\/startseite\/\"},{\"@type\":\"ListItem\",\"position\":2,\"name\":\"\u00dcber uns\"}]},{\"@type\":\"WebSite\",\"@id\":\"https:\/\/buddyboo.fr\/de\/#website\",\"url\":\"https:\/\/buddyboo.fr\/de\/\",\"name\":\"BUDDY BOO\",\"description\":\"N\u00b01 DU CBD SANS THC\",\"publisher\":{\"@id\":\"https:\/\/buddyboo.fr\/de\/#organization\"},\"potentialAction\":[{\"@type\":\"SearchAction\",\"target\":{\"@type\":\"EntryPoint\",\"urlTemplate\":\"https:\/\/buddyboo.fr\/de\/?s={search_term_string}\"},\"query-input\":{\"@type\":\"PropertyValueSpecification\",\"valueRequired\":true,\"valueName\":\"search_term_string\"}}],\"inLanguage\":\"de\"},{\"@type\":\"Organization\",\"@id\":\"https:\/\/buddyboo.fr\/de\/#organization\",\"name\":\"BUDDY BOO\",\"url\":\"https:\/\/buddyboo.fr\/de\/\",\"logo\":{\"@type\":\"ImageObject\",\"inLanguage\":\"de\",\"@id\":\"https:\/\/buddyboo.fr\/de\/#\/schema\/logo\/image\/\",\"url\":\"https:\/\/buddyboo.fr\/wp-content\/uploads\/2024\/08\/logo-Buddy-Boo.svg\",\"contentUrl\":\"https:\/\/buddyboo.fr\/wp-content\/uploads\/2024\/08\/logo-Buddy-Boo.svg\",\"caption\":\"BUDDY BOO\"},\"image\":{\"@id\":\"https:\/\/buddyboo.fr\/de\/#\/schema\/logo\/image\/\"},\"sameAs\":[\"https:\/\/www.instagram.com\/buddyboo.jp\/\"]}]}<\/script>\n<!-- \/ Yoast SEO plugin. -->","yoast_head_json":{"title":"Entdecke BUDDY BOO und seine Geschichte rund um CBD ohne THC!","description":"Das Abenteuer Buddy Boo begann 2019 mit den ersten Recherchen zur Entwicklung von CBD-Produkten mit 0 % THC, um zu erm\u00f6glichen...","robots":{"index":"index","follow":"follow","max-snippet":"max-snippet:-1","max-image-preview":"max-image-preview:large","max-video-preview":"max-video-preview:-1"},"canonical":"https:\/\/buddyboo.fr\/de\/ueber-uns\/","og_locale":"de_DE","og_type":"article","og_title":"Entdecke BUDDY BOO und seine Geschichte rund um CBD ohne THC!","og_description":"Das Abenteuer Buddy Boo begann 2019 mit den ersten Recherchen zur Entwicklung von CBD-Produkten mit 0 % THC, um zu erm\u00f6glichen...","og_url":"https:\/\/buddyboo.fr\/de\/ueber-uns\/","og_site_name":"BUDDY BOO","article_modified_time":"2026-02-24T12:41:45+00:00","og_image":[{"width":1200,"height":628,"url":"https:\/\/buddyboo.fr\/wp-content\/uploads\/2026\/02\/featured-image-buddyboo.jpg","type":"image\/jpeg"}],"twitter_card":"summary_large_image","twitter_misc":{"Gesch\u00e4tzte Lesezeit":"1\u00a0Minute"},"schema":{"@context":"https:\/\/schema.org","@graph":[{"@type":"WebPage","@id":"https:\/\/buddyboo.fr\/de\/ueber-uns\/","url":"https:\/\/buddyboo.fr\/de\/ueber-uns\/","name":"Entdecke BUDDY BOO und seine Geschichte rund um CBD ohne THC!","isPartOf":{"@id":"https:\/\/buddyboo.fr\/de\/#website"},"primaryImageOfPage":{"@id":"https:\/\/buddyboo.fr\/de\/ueber-uns\/#primaryimage"},"image":{"@id":"https:\/\/buddyboo.fr\/de\/ueber-uns\/#primaryimage"},"thumbnailUrl":"https:\/\/buddyboo.fr\/wp-content\/uploads\/2026\/02\/featured-image-buddyboo.jpg","datePublished":"2021-08-23T00:10:02+00:00","dateModified":"2026-02-24T12:41:45+00:00","description":"Das Abenteuer Buddy Boo begann 2019 mit den ersten Recherchen zur Entwicklung von CBD-Produkten mit 0 % THC, um zu erm\u00f6glichen...","breadcrumb":{"@id":"https:\/\/buddyboo.fr\/de\/ueber-uns\/#breadcrumb"},"inLanguage":"de","potentialAction":[{"@type":"ReadAction","target":["https:\/\/buddyboo.fr\/de\/ueber-uns\/"]}]},{"@type":"ImageObject","inLanguage":"de","@id":"https:\/\/buddyboo.fr\/de\/ueber-uns\/#primaryimage","url":"https:\/\/buddyboo.fr\/wp-content\/uploads\/2026\/02\/featured-image-buddyboo.jpg","contentUrl":"https:\/\/buddyboo.fr\/wp-content\/uploads\/2026\/02\/featured-image-buddyboo.jpg","width":1200,"height":628},{"@type":"BreadcrumbList","@id":"https:\/\/buddyboo.fr\/de\/ueber-uns\/#breadcrumb","itemListElement":[{"@type":"ListItem","position":1,"name":"Accueil","item":"https:\/\/buddyboo.fr\/de\/startseite\/"},{"@type":"ListItem","position":2,"name":"\u00dcber uns"}]},{"@type":"WebSite","@id":"https:\/\/buddyboo.fr\/de\/#website","url":"https:\/\/buddyboo.fr\/de\/","name":"BUDDY BOO","description":"N\u00b01 DU CBD SANS THC","publisher":{"@id":"https:\/\/buddyboo.fr\/de\/#organization"},"potentialAction":[{"@type":"SearchAction","target":{"@type":"EntryPoint","urlTemplate":"https:\/\/buddyboo.fr\/de\/?s={search_term_string}"},"query-input":{"@type":"PropertyValueSpecification","valueRequired":true,"valueName":"search_term_string"}}],"inLanguage":"de"},{"@type":"Organization","@id":"https:\/\/buddyboo.fr\/de\/#organization","name":"BUDDY BOO","url":"https:\/\/buddyboo.fr\/de\/","logo":{"@type":"ImageObject","inLanguage":"de","@id":"https:\/\/buddyboo.fr\/de\/#\/schema\/logo\/image\/","url":"https:\/\/buddyboo.fr\/wp-content\/uploads\/2024\/08\/logo-Buddy-Boo.svg","contentUrl":"https:\/\/buddyboo.fr\/wp-content\/uploads\/2024\/08\/logo-Buddy-Boo.svg","caption":"BUDDY BOO"},"image":{"@id":"https:\/\/buddyboo.fr\/de\/#\/schema\/logo\/image\/"},"sameAs":["https:\/\/www.instagram.com\/buddyboo.jp\/"]}]}},"jetpack_sharing_enabled":true,"_links":{"self":[{"href":"https:\/\/buddyboo.fr\/de\/wp-json\/wp\/v2\/pages\/13454","targetHints":{"allow":["GET"]}}],"collection":[{"href":"https:\/\/buddyboo.fr\/de\/wp-json\/wp\/v2\/pages"}],"about":[{"href":"https:\/\/buddyboo.fr\/de\/wp-json\/wp\/v2\/types\/page"}],"author":[{"embeddable":true,"href":"https:\/\/buddyboo.fr\/de\/wp-json\/wp\/v2\/users\/1"}],"replies":[{"embeddable":true,"href":"https:\/\/buddyboo.fr\/de\/wp-json\/wp\/v2\/comments?post=13454"}],"version-history":[{"count":0,"href":"https:\/\/buddyboo.fr\/de\/wp-json\/wp\/v2\/pages\/13454\/revisions"}],"wp:featuredmedia":[{"embeddable":true,"href":"https:\/\/buddyboo.fr\/de\/wp-json\/wp\/v2\/media\/15200"}],"wp:attachment":[{"href":"https:\/\/buddyboo.fr\/de\/wp-json\/wp\/v2\/media?parent=13454"}],"curies":[{"name":"wp","href":"https:\/\/api.w.org\/{rel}","templated":true}]}}