{"id":13415,"date":"2023-10-05T14:09:14","date_gmt":"2023-10-05T12:09:14","guid":{"rendered":"https:\/\/buddyboo.fr\/impressum\/"},"modified":"2026-02-24T13:41:56","modified_gmt":"2026-02-24T12:41:56","slug":"impressum","status":"publish","type":"page","link":"https:\/\/buddyboo.fr\/de\/impressum\/","title":{"rendered":"Impressum"},"content":{"rendered":"\n<p>Gem\u00e4\u00df den Bestimmungen der Artikel 6-III und 19 des Gesetzes Nr. 2004-575 vom 21. Juni 2004 \u00fcber das Vertrauen in die digitale Wirtschaft, bekannt als L.C.E.N., werden die Nutzer und Besucher, im Folgenden der \u201e<strong>Nutzer<\/strong>\u201c genannt, der Website https:\/\/buddyboo.fr\/, im Folgenden die \u201e<strong>Website<\/strong>\u201c genannt, \u00fcber die vorliegenden rechtlichen Hinweise informiert.<\/p>\n\n<p>Die Verbindung und Navigation auf der Website durch den Nutzer impliziert die vollst\u00e4ndige und vorbehaltlose Annahme dieser rechtlichen Hinweise.<\/p>\n\n<p>Diese sind auf der Website unter der Rubrik \u201e<strong>Impressum<\/strong>\u201c zug\u00e4nglich. <\/p>\n\n<h2 class=\"wp-block-heading\"><strong>ARTIKEL 1 \u2013 DER HERAUSGEBER<\/strong><\/h2>\n\n<p>Die Website wird von BUDDY BOO FRANCE SAS mit einem Kapital von 100 Euro herausgegeben, eingetragen im Handels- und Gesellschaftsregister von Paris unter der Nummer 984133652, mit Sitz in 60 Rue Fran\u00e7ois 1er,<br\/>Telefonnummer 0651227184,<\/p>\n\n<p>E-Mail-Adresse: anthonyfoudil@gmail.com.<br\/>Umsatzsteuer-Identifikationsnummer: FR37984133652 <br\/>Der Verantwortliche f\u00fcr die Ver\u00f6ffentlichung ist Anthony Foudil <br\/>im Folgenden der \u201e<strong>Herausgeber<\/strong>\u201c genannt.<\/p>\n\n<h2 class=\"wp-block-heading\"><strong>ARTIKEL 2 \u2013 DER HOSTING-ANBIETER<\/strong><\/h2>\n\n<p>Der Hosting-Anbieter der Website ist die Firma BUDDY BOO FRANCE, deren Hauptsitz sich bei SAS befindet, m<strong>it der Telefonnummer: 0651227184 + Kontakt-E-Mail-Adresse<\/strong><\/p>\n\n<h2 class=\"wp-block-heading\"><strong>ARTIKEL 3 \u2013 ZUGANG ZUR WEBSITE<\/strong><\/h2>\n\n<p>Die Website ist jederzeit, 7 Tage die Woche, 24 Stunden am Tag zug\u00e4nglich, au\u00dfer bei h\u00f6herer Gewalt, geplanten oder ungeplanten Unterbrechungen, die aufgrund von Wartungsarbeiten erforderlich sein k\u00f6nnen.<\/p>\n\n<p>Im Falle einer \u00c4nderung, Unterbrechung oder Aussetzung der Website kann der Herausgeber nicht haftbar gemacht werden.<\/p>\n\n<h2 class=\"wp-block-heading\"><strong>ARTIKEL 4 \u2013 DATENERHEBUNG<\/strong><\/h2>\n\n<p>Die Website gew\u00e4hrleistet dem Nutzer die Erhebung und Verarbeitung personenbezogener Daten unter Wahrung der Privatsph\u00e4re gem\u00e4\u00df dem Gesetz Nr. 78-17 vom 6. Januar 1978 \u00fcber Informatik, Dateien und Freiheiten.<\/p>\n\n<p>Gem\u00e4\u00df dem Gesetz \u00fcber Informatik und Freiheiten vom 6. Januar 1978 hat der Nutzer ein Recht auf Zugang, Berichtigung, L\u00f6schung und Widerspruch bez\u00fcglich seiner pers\u00f6nlichen Daten. Der Nutzer \u00fcbt dieses Recht aus:<br\/>\u00b7 \u00fcber seinen pers\u00f6nlichen Bereich; <\/p>\n\n<p>Jede Nutzung, Vervielf\u00e4ltigung, Verbreitung, Vermarktung, \u00c4nderung der gesamten oder eines Teils der Website ohne Genehmigung des Herausgebers ist untersagt und kann zu rechtlichen Schritten und Verfolgungen f\u00fchren, wie sie insbesondere im Gesetz \u00fcber geistiges Eigentum und im Zivilgesetzbuch vorgesehen sind.<\/p>\n\n<p>Weitere Informationen finden Sie in den AGB der Website https:\/\/buddyboo.fr\/, zug\u00e4nglich unter der Rubrik \u201eAGB\u201c<\/p>\n\n<p>Erstellt auf http:\/\/legalplace.fr<\/p>\n","protected":false},"excerpt":{"rendered":"<p>Gem\u00e4\u00df den Bestimmungen der Artikel 6-III und 19 des Gesetzes Nr. 2004-575 vom 21. Juni 2004 \u00fcber das Vertrauen in die digitale Wirtschaft, bekannt als L.C.E.N., werden die Nutzer und Besucher, im Folgenden der \u201eNutzer\u201c genannt, der Website https:\/\/buddyboo.fr\/, im Folgenden die \u201eWebsite\u201c genannt, \u00fcber die vorliegenden rechtlichen Hinweise informiert. Die Verbindung und Navigation auf [&hellip;]<\/p>\n","protected":false},"author":1,"featured_media":15200,"parent":0,"menu_order":0,"comment_status":"closed","ping_status":"closed","template":"","meta":{"footnotes":""},"class_list":["post-13415","page","type-page","status-publish","has-post-thumbnail","hentry"],"yoast_head":"<!-- This site is optimized with the Yoast SEO plugin v27.2 - https:\/\/yoast.com\/product\/yoast-seo-wordpress\/ -->\n<title>Impressum - BUDDY BOO<\/title>\n<meta name=\"description\" content=\"Impressum Buddy Boo \u2013 100% legales THC-freies CBD in Frankreich\" \/>\n<meta name=\"robots\" content=\"index, follow, max-snippet:-1, max-image-preview:large, max-video-preview:-1\" \/>\n<link rel=\"canonical\" href=\"https:\/\/buddyboo.fr\/de\/impressum\/\" \/>\n<meta property=\"og:locale\" content=\"de_DE\" \/>\n<meta property=\"og:type\" content=\"article\" \/>\n<meta property=\"og:title\" content=\"Impressum - BUDDY BOO\" \/>\n<meta property=\"og:description\" content=\"Impressum Buddy Boo \u2013 100% legales THC-freies CBD in Frankreich\" \/>\n<meta property=\"og:url\" content=\"https:\/\/buddyboo.fr\/de\/impressum\/\" \/>\n<meta property=\"og:site_name\" content=\"BUDDY BOO\" \/>\n<meta property=\"article:modified_time\" content=\"2026-02-24T12:41:56+00:00\" \/>\n<meta property=\"og:image\" content=\"https:\/\/buddyboo.fr\/wp-content\/uploads\/2026\/02\/featured-image-buddyboo.jpg\" \/>\n\t<meta property=\"og:image:width\" content=\"1200\" \/>\n\t<meta property=\"og:image:height\" content=\"628\" \/>\n\t<meta property=\"og:image:type\" content=\"image\/jpeg\" \/>\n<meta name=\"twitter:card\" content=\"summary_large_image\" \/>\n<meta name=\"twitter:label1\" content=\"Gesch\u00e4tzte Lesezeit\" \/>\n\t<meta name=\"twitter:data1\" content=\"2\u00a0Minuten\" \/>\n<script type=\"application\/ld+json\" class=\"yoast-schema-graph\">{\"@context\":\"https:\/\/schema.org\",\"@graph\":[{\"@type\":\"WebPage\",\"@id\":\"https:\/\/buddyboo.fr\/de\/impressum\/\",\"url\":\"https:\/\/buddyboo.fr\/de\/impressum\/\",\"name\":\"Impressum - BUDDY BOO\",\"isPartOf\":{\"@id\":\"https:\/\/buddyboo.fr\/de\/#website\"},\"primaryImageOfPage\":{\"@id\":\"https:\/\/buddyboo.fr\/de\/impressum\/#primaryimage\"},\"image\":{\"@id\":\"https:\/\/buddyboo.fr\/de\/impressum\/#primaryimage\"},\"thumbnailUrl\":\"https:\/\/buddyboo.fr\/wp-content\/uploads\/2026\/02\/featured-image-buddyboo.jpg\",\"datePublished\":\"2023-10-05T12:09:14+00:00\",\"dateModified\":\"2026-02-24T12:41:56+00:00\",\"description\":\"Impressum Buddy Boo \u2013 100% legales THC-freies CBD in Frankreich\",\"breadcrumb\":{\"@id\":\"https:\/\/buddyboo.fr\/de\/impressum\/#breadcrumb\"},\"inLanguage\":\"de\",\"potentialAction\":[{\"@type\":\"ReadAction\",\"target\":[\"https:\/\/buddyboo.fr\/de\/impressum\/\"]}]},{\"@type\":\"ImageObject\",\"inLanguage\":\"de\",\"@id\":\"https:\/\/buddyboo.fr\/de\/impressum\/#primaryimage\",\"url\":\"https:\/\/buddyboo.fr\/wp-content\/uploads\/2026\/02\/featured-image-buddyboo.jpg\",\"contentUrl\":\"https:\/\/buddyboo.fr\/wp-content\/uploads\/2026\/02\/featured-image-buddyboo.jpg\",\"width\":1200,\"height\":628},{\"@type\":\"BreadcrumbList\",\"@id\":\"https:\/\/buddyboo.fr\/de\/impressum\/#breadcrumb\",\"itemListElement\":[{\"@type\":\"ListItem\",\"position\":1,\"name\":\"Accueil\",\"item\":\"https:\/\/buddyboo.fr\/de\/startseite\/\"},{\"@type\":\"ListItem\",\"position\":2,\"name\":\"Impressum\"}]},{\"@type\":\"WebSite\",\"@id\":\"https:\/\/buddyboo.fr\/de\/#website\",\"url\":\"https:\/\/buddyboo.fr\/de\/\",\"name\":\"BUDDY BOO\",\"description\":\"N\u00b01 DU CBD SANS THC\",\"publisher\":{\"@id\":\"https:\/\/buddyboo.fr\/de\/#organization\"},\"potentialAction\":[{\"@type\":\"SearchAction\",\"target\":{\"@type\":\"EntryPoint\",\"urlTemplate\":\"https:\/\/buddyboo.fr\/de\/?s={search_term_string}\"},\"query-input\":{\"@type\":\"PropertyValueSpecification\",\"valueRequired\":true,\"valueName\":\"search_term_string\"}}],\"inLanguage\":\"de\"},{\"@type\":\"Organization\",\"@id\":\"https:\/\/buddyboo.fr\/de\/#organization\",\"name\":\"BUDDY BOO\",\"url\":\"https:\/\/buddyboo.fr\/de\/\",\"logo\":{\"@type\":\"ImageObject\",\"inLanguage\":\"de\",\"@id\":\"https:\/\/buddyboo.fr\/de\/#\/schema\/logo\/image\/\",\"url\":\"https:\/\/buddyboo.fr\/wp-content\/uploads\/2024\/08\/logo-Buddy-Boo.svg\",\"contentUrl\":\"https:\/\/buddyboo.fr\/wp-content\/uploads\/2024\/08\/logo-Buddy-Boo.svg\",\"caption\":\"BUDDY BOO\"},\"image\":{\"@id\":\"https:\/\/buddyboo.fr\/de\/#\/schema\/logo\/image\/\"},\"sameAs\":[\"https:\/\/www.instagram.com\/buddyboo.jp\/\"]}]}<\/script>\n<!-- \/ Yoast SEO plugin. -->","yoast_head_json":{"title":"Impressum - BUDDY BOO","description":"Impressum Buddy Boo \u2013 100% legales THC-freies CBD in Frankreich","robots":{"index":"index","follow":"follow","max-snippet":"max-snippet:-1","max-image-preview":"max-image-preview:large","max-video-preview":"max-video-preview:-1"},"canonical":"https:\/\/buddyboo.fr\/de\/impressum\/","og_locale":"de_DE","og_type":"article","og_title":"Impressum - BUDDY BOO","og_description":"Impressum Buddy Boo \u2013 100% legales THC-freies CBD in Frankreich","og_url":"https:\/\/buddyboo.fr\/de\/impressum\/","og_site_name":"BUDDY BOO","article_modified_time":"2026-02-24T12:41:56+00:00","og_image":[{"width":1200,"height":628,"url":"https:\/\/buddyboo.fr\/wp-content\/uploads\/2026\/02\/featured-image-buddyboo.jpg","type":"image\/jpeg"}],"twitter_card":"summary_large_image","twitter_misc":{"Gesch\u00e4tzte Lesezeit":"2\u00a0Minuten"},"schema":{"@context":"https:\/\/schema.org","@graph":[{"@type":"WebPage","@id":"https:\/\/buddyboo.fr\/de\/impressum\/","url":"https:\/\/buddyboo.fr\/de\/impressum\/","name":"Impressum - BUDDY BOO","isPartOf":{"@id":"https:\/\/buddyboo.fr\/de\/#website"},"primaryImageOfPage":{"@id":"https:\/\/buddyboo.fr\/de\/impressum\/#primaryimage"},"image":{"@id":"https:\/\/buddyboo.fr\/de\/impressum\/#primaryimage"},"thumbnailUrl":"https:\/\/buddyboo.fr\/wp-content\/uploads\/2026\/02\/featured-image-buddyboo.jpg","datePublished":"2023-10-05T12:09:14+00:00","dateModified":"2026-02-24T12:41:56+00:00","description":"Impressum Buddy Boo \u2013 100% legales THC-freies CBD in Frankreich","breadcrumb":{"@id":"https:\/\/buddyboo.fr\/de\/impressum\/#breadcrumb"},"inLanguage":"de","potentialAction":[{"@type":"ReadAction","target":["https:\/\/buddyboo.fr\/de\/impressum\/"]}]},{"@type":"ImageObject","inLanguage":"de","@id":"https:\/\/buddyboo.fr\/de\/impressum\/#primaryimage","url":"https:\/\/buddyboo.fr\/wp-content\/uploads\/2026\/02\/featured-image-buddyboo.jpg","contentUrl":"https:\/\/buddyboo.fr\/wp-content\/uploads\/2026\/02\/featured-image-buddyboo.jpg","width":1200,"height":628},{"@type":"BreadcrumbList","@id":"https:\/\/buddyboo.fr\/de\/impressum\/#breadcrumb","itemListElement":[{"@type":"ListItem","position":1,"name":"Accueil","item":"https:\/\/buddyboo.fr\/de\/startseite\/"},{"@type":"ListItem","position":2,"name":"Impressum"}]},{"@type":"WebSite","@id":"https:\/\/buddyboo.fr\/de\/#website","url":"https:\/\/buddyboo.fr\/de\/","name":"BUDDY BOO","description":"N\u00b01 DU CBD SANS THC","publisher":{"@id":"https:\/\/buddyboo.fr\/de\/#organization"},"potentialAction":[{"@type":"SearchAction","target":{"@type":"EntryPoint","urlTemplate":"https:\/\/buddyboo.fr\/de\/?s={search_term_string}"},"query-input":{"@type":"PropertyValueSpecification","valueRequired":true,"valueName":"search_term_string"}}],"inLanguage":"de"},{"@type":"Organization","@id":"https:\/\/buddyboo.fr\/de\/#organization","name":"BUDDY BOO","url":"https:\/\/buddyboo.fr\/de\/","logo":{"@type":"ImageObject","inLanguage":"de","@id":"https:\/\/buddyboo.fr\/de\/#\/schema\/logo\/image\/","url":"https:\/\/buddyboo.fr\/wp-content\/uploads\/2024\/08\/logo-Buddy-Boo.svg","contentUrl":"https:\/\/buddyboo.fr\/wp-content\/uploads\/2024\/08\/logo-Buddy-Boo.svg","caption":"BUDDY BOO"},"image":{"@id":"https:\/\/buddyboo.fr\/de\/#\/schema\/logo\/image\/"},"sameAs":["https:\/\/www.instagram.com\/buddyboo.jp\/"]}]}},"jetpack_sharing_enabled":true,"_links":{"self":[{"href":"https:\/\/buddyboo.fr\/de\/wp-json\/wp\/v2\/pages\/13415","targetHints":{"allow":["GET"]}}],"collection":[{"href":"https:\/\/buddyboo.fr\/de\/wp-json\/wp\/v2\/pages"}],"about":[{"href":"https:\/\/buddyboo.fr\/de\/wp-json\/wp\/v2\/types\/page"}],"author":[{"embeddable":true,"href":"https:\/\/buddyboo.fr\/de\/wp-json\/wp\/v2\/users\/1"}],"replies":[{"embeddable":true,"href":"https:\/\/buddyboo.fr\/de\/wp-json\/wp\/v2\/comments?post=13415"}],"version-history":[{"count":0,"href":"https:\/\/buddyboo.fr\/de\/wp-json\/wp\/v2\/pages\/13415\/revisions"}],"wp:featuredmedia":[{"embeddable":true,"href":"https:\/\/buddyboo.fr\/de\/wp-json\/wp\/v2\/media\/15200"}],"wp:attachment":[{"href":"https:\/\/buddyboo.fr\/de\/wp-json\/wp\/v2\/media?parent=13415"}],"curies":[{"name":"wp","href":"https:\/\/api.w.org\/{rel}","templated":true}]}}